{"id":24892,"date":"2021-12-19T15:55:33","date_gmt":"2021-12-19T14:55:33","guid":{"rendered":"https:\/\/www.avrio.ch\/v23\/master-7\/"},"modified":"2023-08-21T11:04:21","modified_gmt":"2023-08-21T09:04:21","slug":"trasferimento-crediti","status":"publish","type":"page","link":"https:\/\/www.avrio.ch\/it\/usc\/azteca-university\/own-degrees\/credits-transfer\/","title":{"rendered":"Trasferimento crediti"},"content":{"rendered":"<h2 style=\"text-align: center;\"><a href=\"https:\/\/www.avrio.ch\/it\/v23\/usc\/universita-azteca\/own-degree\/\">Universit\u00e0 Azteca Diplomi propri<\/a><\/h2>\n<p style=\"text-align: center;\"><strong><a href=\"https:\/\/www.avrio.ch\/it\/v23\/usc\/universita-azteca\/own-degree\/trasferimento-crediti\/\">Trasferimento crediti<\/a><\/strong> | <a href=\"https:\/\/www.avrio.ch\/it\/v23\/usc\/universita-azteca\/own-degree\/certificazione-professionale\/\"><strong>Certificazione Professionale<\/strong><\/a> | Maestro: <strong><a href=\"https:\/\/www.avrio.ch\/it\/v23\/usc\/universita-azteca\/own-degree\/valutazione-preliminare-dellapprendimento\/\">Valutazione dell&#039;apprendimento precedente<\/a><\/strong> | <strong><a href=\"https:\/\/www.avrio.ch\/it\/v23\/usc\/universita-azteca\/own-degree\/convalida-del-titolo\/\">Convalida del titolo<\/a><\/strong><br \/>\nDottorato: (<a href=\"https:\/\/www.avrio.ch\/it\/v23\/usc\/universita-azteca\/own-degree\/dottore-delluniversita\/in-base-ai-risultati-precedenti-e-ai-risultati-raggiunti\/\"><strong>Risultati e risultati precedenti<\/strong><\/a> | <strong><a href=\"https:\/\/www.avrio.ch\/it\/v23\/usc\/universita-azteca\/own-degree\/dottore-delluniversita\/valutazione-preliminare-dellapprendimento\/\">Valutazione dell&#039;apprendimento precedente<\/a><\/strong> | <strong><a href=\"https:\/\/www.avrio.ch\/it\/v23\/usc\/universita-azteca\/own-degree\/dottore-delluniversita\/per-pubblicazione\/\">Pubblicazione<\/a><\/strong> | <strong><a href=\"https:\/\/www.avrio.ch\/it\/v23\/usc\/universita-azteca\/own-degree\/dottore-delluniversita\/per-tesi\/\">Tesi<\/a><\/strong>) | <a href=\"https:\/\/www.avrio.ch\/it\/v23\/usc\/universita-azteca\/own-degree\/informazioni-sugli-studenti\/\">Informazioni sugli studenti<\/a><\/p>\n<p style=\"text-align: justify;\"><span style=\"text-decoration: underline; color: #000000;\"><span class=\"internallink\"><strong>Opzione 1) Riconoscimento dei crediti di trasferimento<\/strong><\/span><\/span><\/p>\n<p style=\"text-align: justify;\">Infatti, per gli apprendimenti riconoscibili dalle credenziali e dai certificati degli apprendimenti precedentemente superati, i test offrono una valutazione molto meno complicata di quanto sia possibile con la validazione del portfolio degli apprendimenti pregressi.<\/p>\n<p style=\"text-align: justify;\">I candidati che hanno guadagnato crediti sufficienti in corsi precedenti che hanno portato a qualsiasi laurea possono trasferire i loro titoli da una variet\u00e0 di fonti in un titolo rilasciato dall&#039;Universidad Azteca nell&#039;area Studi Avanzati.<\/p>\n<p style=\"text-align: justify;\">Questo programma \u00e8 diverso dal <a href=\"https:\/\/www.avrio.ch\/it\/v23\/usc\/universita-azteca\/own-degree\/certificazione-professionale\/\">Certificazione Professionale<\/a> (<a href=\"https:\/\/www.avrio.ch\/it\/v23\/usc\/universita-azteca\/own-degree\/master-of-university\/studi-professionali\/\">Studi professionali<\/a>) e la convalida di <a href=\"https:\/\/www.avrio.ch\/it\/v23\/usc\/universita-azteca\/own-degree\/valutazione-preliminare-dellapprendimento\/\">Apprendimento precedente<\/a> (<a href=\"https:\/\/www.avrio.ch\/it\/v23\/usc\/universita-azteca\/own-degree\/master-of-university\/studi-individuali\/\">Studi individuali<\/a>) perch\u00e9 si basa interamente sul riconoscimento dei crediti di trasferimento gi\u00e0 acquisiti a livello post-secondario.<\/p>\n<p style=\"text-align: justify;\">Requisiti di laurea per il <a href=\"https:\/\/www.avrio.ch\/it\/v23\/usc\/universita-azteca\/own-degree\/master-of-university\/studi-avanzati\/\">Maestro di studi avanzati<\/a> o il <a href=\"https:\/\/www.avrio.ch\/it\/v23\/usc\/universita-azteca\/mba-emba\/\">MBA<\/a>: almeno una qualifica professionale di livello 5 o 6 del Quadro europeo delle qualifiche come requisito di accesso, oltre a 60 crediti ECTS professionali documentati guadagnati.<\/p>\n<p style=\"text-align: justify;\"><strong>Guadagna credito tramite bonifico bancario<\/strong><\/p>\n<p style=\"text-align: justify;\">I crediti accettati tramite trasferimento dall&#039;Universidad Azteca possono provenire solo da college e universit\u00e0 accreditate a livello regionale. Di seguito sono incluse le esperienze educative di livello universitario che l&#039;Universidad Azteca pu\u00f2 accettare per crediti tramite trasferimento:<\/p>\n<p style=\"text-align: justify;\"><strong><em>College e universit\u00e0 accreditate<\/em><\/strong><\/p>\n<p style=\"text-align: justify;\">I crediti guadagnati presso un college o universit\u00e0 accreditata o un candidato all&#039;accreditamento da parte di un ente di accreditamento istituzionale possono essere trasferiti all&#039;Universidad Azteca indipendentemente dal numero di istituzioni frequentate. L&#039;Universidad Azteca non trasferisce corsi senza voti sufficienti.<\/p>\n<p style=\"text-align: justify;\">Agli studenti potrebbe essere richiesto di fornire le descrizioni dei corsi o una copia del catalogo dell&#039;istituto in cui sono stati seguiti, per consentire valutazioni corso per corso al momento di determinare se tali corsi possono essere accettati rispetto ai requisiti di laurea dei diplomi dell&#039;Universidad Azteca. Se sono necessarie descrizioni, queste dovrebbero essere richieste al cancelliere del college in cui sono stati completati i corsi. \u00c8 necessario presentare una trascrizione ufficiale di ciascuna istituzione da valutare. L&#039;Universidad Azteca non accetter\u00e0 crediti elencati come &quot;trasferimento&quot; sulla trascrizione di un&#039;istituzione.<\/p>\n<p style=\"text-align: justify;\">L&#039;Universidad Azteca accetter\u00e0 crediti da college stranieri riconosciuti dall&#039;autorit\u00e0 educativa di quel paese ed elencati in una delle pubblicazioni che includono college e universit\u00e0 riconosciute.<\/p>\n<p style=\"text-align: justify;\"><strong><span style=\"color: #000000;\"><em class=\"internallink\">Accettazione di crediti provenienti da programmi post-laurea<\/em><\/span><\/strong><\/p>\n<p style=\"text-align: justify;\">L&#039;Universidad Azteca accetter\u00e0 crediti di lavoro post-laurea da applicare a un programma.<\/p>\n<p style=\"text-align: justify;\"><strong><em>Dimostrazione di valuta<\/em><\/strong><\/p>\n<p style=\"text-align: justify;\">A causa dei rapidi cambiamenti che si verificano oggi nei settori tecnologico e commerciale, \u00e8 importante per i laureati di oggi mantenere conoscenze aggiornate nel loro campo. Pertanto, potrebbe essere necessario che gli studenti \u201cdimostrino valuta\u201d per trasferire crediti precedentemente acquisiti presso altri college e universit\u00e0 accreditate.<\/p>\n<p style=\"text-align: justify;\">La dimostrazione di valuta si riferisce al trasferimento di crediti. Se i crediti che desideri trasferire all&#039;Universit\u00e0 hanno pi\u00f9 di 10 anni al momento della domanda all&#039;Universit\u00e0, dovrai dimostrare la valuta per questi corsi. Puoi convalidare questi crediti di trasferimento completando una conferenza orale con un consulente di facolt\u00e0 che copre gli sviluppi contemporanei dell&#039;argomento in questione. Per completare questa procedura devi essere iscritto all&#039;Universit\u00e0.<\/p>\n<p style=\"text-align: justify;\"><a href=\"https:\/\/www.avrio.ch\/it\/v23\/?attachment_id=21290\">SCARICA LA CARTELLA INFORMAZIONI SULLA CONVALIDA (PDF)<\/a><\/p>","protected":false},"excerpt":{"rendered":"<p>Azteca University Own degrees Credits Transfer | Professional Certification | Master: Prior Learning Assessment | Degree Validation Doctorate: (Prior Output &amp; Achievement | Prior Learning Assessment | Publication | Thesis) | Student Info Option 1) Recognition of Transfer Credits For the learning that can be recognised by credentials and certificates of previously passed tests offer [&hellip;]<\/p>\n","protected":false},"author":1,"featured_media":0,"parent":24879,"menu_order":0,"comment_status":"closed","ping_status":"closed","template":"","meta":{"_acf_changed":false,"site-sidebar-layout":"default","site-content-layout":"","ast-site-content-layout":"default","site-content-style":"default","site-sidebar-style":"default","ast-global-header-display":"","ast-banner-title-visibility":"","ast-main-header-display":"","ast-hfb-above-header-display":"","ast-hfb-below-header-display":"","ast-hfb-mobile-header-display":"","site-post-title":"","ast-breadcrumbs-content":"","ast-featured-img":"","footer-sml-layout":"","ast-disable-related-posts":"","theme-transparent-header-meta":"default","adv-header-id-meta":"","stick-header-meta":"default","header-above-stick-meta":"","header-main-stick-meta":"","header-below-stick-meta":"","astra-migrate-meta-layouts":"set","ast-page-background-enabled":"default","ast-page-background-meta":{"desktop":{"background-color":"var(--ast-global-color-4)","background-image":"","background-repeat":"repeat","background-position":"center center","background-size":"auto","background-attachment":"scroll","background-type":"","background-media":"","overlay-type":"","overlay-color":"","overlay-opacity":"","overlay-gradient":""},"tablet":{"background-color":"","background-image":"","background-repeat":"repeat","background-position":"center center","background-size":"auto","background-attachment":"scroll","background-type":"","background-media":"","overlay-type":"","overlay-color":"","overlay-opacity":"","overlay-gradient":""},"mobile":{"background-color":"","background-image":"","background-repeat":"repeat","background-position":"center center","background-size":"auto","background-attachment":"scroll","background-type":"","background-media":"","overlay-type":"","overlay-color":"","overlay-opacity":"","overlay-gradient":""}},"ast-content-background-meta":{"desktop":{"background-color":"var(--ast-global-color-5)","background-image":"","background-repeat":"repeat","background-position":"center center","background-size":"auto","background-attachment":"scroll","background-type":"","background-media":"","overlay-type":"","overlay-color":"","overlay-opacity":"","overlay-gradient":""},"tablet":{"background-color":"var(--ast-global-color-5)","background-image":"","background-repeat":"repeat","background-position":"center center","background-size":"auto","background-attachment":"scroll","background-type":"","background-media":"","overlay-type":"","overlay-color":"","overlay-opacity":"","overlay-gradient":""},"mobile":{"background-color":"var(--ast-global-color-5)","background-image":"","background-repeat":"repeat","background-position":"center center","background-size":"auto","background-attachment":"scroll","background-type":"","background-media":"","overlay-type":"","overlay-color":"","overlay-opacity":"","overlay-gradient":""}},"footnotes":""},"class_list":["post-24892","page","type-page","status-publish","hentry"],"acf":[],"yoast_head":"<!-- This site is optimized with the Yoast SEO Premium plugin v27.4 (Yoast SEO v27.4) - https:\/\/yoast.com\/product\/yoast-seo-premium-wordpress\/ -->\n<title>Credits Transfer - Institut Avrio de Gen\u00e8ve<\/title>\n<meta name=\"description\" content=\"Azteca University Own degrees Credits Transfer | Professional Certification | Master: Prior Learning Assessment | Degree Validation Doctorate: (Prior\" \/>\n<meta name=\"robots\" content=\"index, follow, max-snippet:-1, max-image-preview:large, max-video-preview:-1\" \/>\n<link rel=\"canonical\" href=\"https:\/\/www.avrio.ch\/it\/usc\/universita-azteca\/propri-titoli-di-studio\/trasferimento-crediti\/\" \/>\n<meta property=\"og:locale\" content=\"it_IT\" \/>\n<meta property=\"og:type\" content=\"article\" \/>\n<meta property=\"og:title\" content=\"Credits Transfer\" \/>\n<meta property=\"og:description\" content=\"Azteca University Own degrees Credits Transfer | Professional Certification | Master: Prior Learning Assessment | Degree Validation Doctorate: (Prior\" \/>\n<meta property=\"og:url\" content=\"https:\/\/www.avrio.ch\/it\/usc\/universita-azteca\/propri-titoli-di-studio\/trasferimento-crediti\/\" \/>\n<meta property=\"og:site_name\" content=\"Institut Avrio de Gen\u00e8ve\" \/>\n<meta property=\"article:publisher\" content=\"https:\/\/www.facebook.com\/institutavriodegeneve\/\" \/>\n<meta property=\"article:modified_time\" content=\"2023-08-21T09:04:21+00:00\" \/>\n<meta property=\"og:image\" content=\"https:\/\/www.avrio.ch\/v23\/wp-content\/uploads\/2020\/06\/logo-2.png\" \/>\n\t<meta property=\"og:image:width\" content=\"600\" \/>\n\t<meta property=\"og:image:height\" content=\"224\" \/>\n\t<meta property=\"og:image:type\" content=\"image\/png\" \/>\n<meta name=\"twitter:card\" content=\"summary_large_image\" \/>\n<meta name=\"twitter:site\" content=\"@AvrioDeGeneve\" \/>\n<meta name=\"twitter:label1\" content=\"Tempo di lettura stimato\" \/>\n\t<meta name=\"twitter:data1\" content=\"3 minuti\" \/>\n<script type=\"application\/ld+json\" class=\"yoast-schema-graph\">{\"@context\":\"https:\\\/\\\/schema.org\",\"@graph\":[{\"@type\":\"WebPage\",\"@id\":\"https:\\\/\\\/www.avrio.ch\\\/usc\\\/azteca-university\\\/own-degrees\\\/credits-transfer\\\/\",\"url\":\"https:\\\/\\\/www.avrio.ch\\\/usc\\\/azteca-university\\\/own-degrees\\\/credits-transfer\\\/\",\"name\":\"Credits Transfer - Institut Avrio de Gen\u00e8ve\",\"isPartOf\":{\"@id\":\"https:\\\/\\\/www.avrio.ch\\\/#website\"},\"datePublished\":\"2021-12-19T14:55:33+00:00\",\"dateModified\":\"2023-08-21T09:04:21+00:00\",\"description\":\"Azteca University Own degrees Credits Transfer | Professional Certification | Master: Prior Learning Assessment | Degree Validation Doctorate: (Prior\",\"breadcrumb\":{\"@id\":\"https:\\\/\\\/www.avrio.ch\\\/usc\\\/azteca-university\\\/own-degrees\\\/credits-transfer\\\/#breadcrumb\"},\"inLanguage\":\"it-IT\",\"potentialAction\":[{\"@type\":\"ReadAction\",\"target\":[\"https:\\\/\\\/www.avrio.ch\\\/usc\\\/azteca-university\\\/own-degrees\\\/credits-transfer\\\/\"]}]},{\"@type\":\"BreadcrumbList\",\"@id\":\"https:\\\/\\\/www.avrio.ch\\\/usc\\\/azteca-university\\\/own-degrees\\\/credits-transfer\\\/#breadcrumb\",\"itemListElement\":[{\"@type\":\"ListItem\",\"position\":1,\"name\":\"Home\",\"item\":\"https:\\\/\\\/www.avrio.ch\\\/\"},{\"@type\":\"ListItem\",\"position\":2,\"name\":\"Universities Studies Center\",\"item\":\"https:\\\/\\\/www.avrio.ch\\\/usc\\\/\"},{\"@type\":\"ListItem\",\"position\":3,\"name\":\"Azteca University\",\"item\":\"https:\\\/\\\/www.avrio.ch\\\/usc\\\/azteca-university\\\/\"},{\"@type\":\"ListItem\",\"position\":4,\"name\":\"Azteca University Own degrees\",\"item\":\"https:\\\/\\\/www.avrio.ch\\\/usc\\\/azteca-university\\\/own-degrees\\\/\"},{\"@type\":\"ListItem\",\"position\":5,\"name\":\"Credits Transfer\"}]},{\"@type\":\"WebSite\",\"@id\":\"https:\\\/\\\/www.avrio.ch\\\/#website\",\"url\":\"https:\\\/\\\/www.avrio.ch\\\/\",\"name\":\"Institut Avrio de Gen\u00e8ve\",\"description\":\"Online Business Management &amp; Information Technology Institute\",\"publisher\":{\"@id\":\"https:\\\/\\\/www.avrio.ch\\\/#organization\"},\"alternateName\":\"Avrio Institute\",\"potentialAction\":[{\"@type\":\"SearchAction\",\"target\":{\"@type\":\"EntryPoint\",\"urlTemplate\":\"https:\\\/\\\/www.avrio.ch\\\/?s={search_term_string}\"},\"query-input\":{\"@type\":\"PropertyValueSpecification\",\"valueRequired\":true,\"valueName\":\"search_term_string\"}}],\"inLanguage\":\"it-IT\"},{\"@type\":[\"Organization\",\"Place\",\"CollegeOrUniversity\"],\"@id\":\"https:\\\/\\\/www.avrio.ch\\\/#organization\",\"name\":\"Institut Avrio de Gen\u00e8ve\",\"alternateName\":\"Avrio Institute\",\"url\":\"https:\\\/\\\/www.avrio.ch\\\/\",\"logo\":{\"@id\":\"https:\\\/\\\/www.avrio.ch\\\/usc\\\/azteca-university\\\/own-degrees\\\/credits-transfer\\\/#local-main-organization-logo\"},\"image\":{\"@id\":\"https:\\\/\\\/www.avrio.ch\\\/usc\\\/azteca-university\\\/own-degrees\\\/credits-transfer\\\/#local-main-organization-logo\"},\"sameAs\":[\"https:\\\/\\\/www.facebook.com\\\/institutavriodegeneve\\\/\",\"https:\\\/\\\/x.com\\\/AvrioDeGeneve\",\"https:\\\/\\\/www.instagram.com\\\/institutavriodegeneve\\\/\",\"https:\\\/\\\/www.linkedin.com\\\/in\\\/avrio-de-geneve-024392194\\\/\",\"https:\\\/\\\/www.youtube.com\\\/channel\\\/UCPP2orNhGglhisZlldUbnkQ\"],\"address\":{\"@id\":\"https:\\\/\\\/www.avrio.ch\\\/usc\\\/azteca-university\\\/own-degrees\\\/credits-transfer\\\/#local-main-place-address\"},\"telephone\":[\"+41794642989\"],\"openingHoursSpecification\":[{\"@type\":\"OpeningHoursSpecification\",\"dayOfWeek\":[\"Sunday\",\"Wednesday\",\"Saturday\"],\"opens\":\"00:00\",\"closes\":\"00:00\"},{\"@type\":\"OpeningHoursSpecification\",\"dayOfWeek\":[\"Monday\",\"Tuesday\",\"Thursday\",\"Friday\"],\"opens\":\"09:00\",\"closes\":\"11:00\"}],\"email\":\"info@avrio.ch\"},{\"@type\":\"PostalAddress\",\"@id\":\"https:\\\/\\\/www.avrio.ch\\\/usc\\\/azteca-university\\\/own-degrees\\\/credits-transfer\\\/#local-main-place-address\",\"streetAddress\":\"Rue de la Cit\u00e9 1\",\"addressLocality\":\"Geneva\",\"postalCode\":\"1204\",\"addressRegion\":\"Geneva\",\"addressCountry\":\"CH\"},{\"@type\":\"ImageObject\",\"inLanguage\":\"it-IT\",\"@id\":\"https:\\\/\\\/www.avrio.ch\\\/usc\\\/azteca-university\\\/own-degrees\\\/credits-transfer\\\/#local-main-organization-logo\",\"url\":\"https:\\\/\\\/www.avrio.ch\\\/v23\\\/wp-content\\\/uploads\\\/2020\\\/04\\\/logo-new-img-1.png\",\"contentUrl\":\"https:\\\/\\\/www.avrio.ch\\\/v23\\\/wp-content\\\/uploads\\\/2020\\\/04\\\/logo-new-img-1.png\",\"width\":539,\"height\":600,\"caption\":\"Institut Avrio de Gen\u00e8ve\"}]}<\/script>\n<meta name=\"geo.placename\" content=\"Geneva\" \/>\n<meta name=\"geo.region\" content=\"Svizzera\" \/>\n<!-- \/ Yoast SEO Premium plugin. -->","yoast_head_json":{"title":"Trasferimento crediti - Institut Avrio de Gen\u00e8ve","description":"Trasferimento crediti dei propri titoli di studio dell&#039;Universit\u00e0 Azteca | Certificazione professionale | Master: Valutazione dell&#039;apprendimento pregresso | Dottorato di convalida del titolo: (Prior","robots":{"index":"index","follow":"follow","max-snippet":"max-snippet:-1","max-image-preview":"max-image-preview:large","max-video-preview":"max-video-preview:-1"},"canonical":"https:\/\/www.avrio.ch\/it\/usc\/universita-azteca\/propri-titoli-di-studio\/trasferimento-crediti\/","og_locale":"it_IT","og_type":"article","og_title":"Credits Transfer","og_description":"Azteca University Own degrees Credits Transfer | Professional Certification | Master: Prior Learning Assessment | Degree Validation Doctorate: (Prior","og_url":"https:\/\/www.avrio.ch\/it\/usc\/universita-azteca\/propri-titoli-di-studio\/trasferimento-crediti\/","og_site_name":"Institut Avrio de Gen\u00e8ve","article_publisher":"https:\/\/www.facebook.com\/institutavriodegeneve\/","article_modified_time":"2023-08-21T09:04:21+00:00","og_image":[{"width":600,"height":224,"url":"https:\/\/www.avrio.ch\/v23\/wp-content\/uploads\/2020\/06\/logo-2.png","type":"image\/png"}],"twitter_card":"summary_large_image","twitter_site":"@AvrioDeGeneve","twitter_misc":{"Tempo di lettura stimato":"3 minuti"},"schema":{"@context":"https:\/\/schema.org","@graph":[{"@type":"WebPage","@id":"https:\/\/www.avrio.ch\/usc\/azteca-university\/own-degrees\/credits-transfer\/","url":"https:\/\/www.avrio.ch\/usc\/azteca-university\/own-degrees\/credits-transfer\/","name":"Trasferimento crediti - Institut Avrio de Gen\u00e8ve","isPartOf":{"@id":"https:\/\/www.avrio.ch\/#website"},"datePublished":"2021-12-19T14:55:33+00:00","dateModified":"2023-08-21T09:04:21+00:00","description":"Trasferimento crediti dei propri titoli di studio dell&#039;Universit\u00e0 Azteca | Certificazione professionale | Master: Valutazione dell&#039;apprendimento pregresso | Dottorato di convalida del titolo: (Prior","breadcrumb":{"@id":"https:\/\/www.avrio.ch\/usc\/azteca-university\/own-degrees\/credits-transfer\/#breadcrumb"},"inLanguage":"it-IT","potentialAction":[{"@type":"ReadAction","target":["https:\/\/www.avrio.ch\/usc\/azteca-university\/own-degrees\/credits-transfer\/"]}]},{"@type":"BreadcrumbList","@id":"https:\/\/www.avrio.ch\/usc\/azteca-university\/own-degrees\/credits-transfer\/#breadcrumb","itemListElement":[{"@type":"ListItem","position":1,"name":"Home","item":"https:\/\/www.avrio.ch\/"},{"@type":"ListItem","position":2,"name":"Universities Studies Center","item":"https:\/\/www.avrio.ch\/usc\/"},{"@type":"ListItem","position":3,"name":"Azteca University","item":"https:\/\/www.avrio.ch\/usc\/azteca-university\/"},{"@type":"ListItem","position":4,"name":"Azteca University Own degrees","item":"https:\/\/www.avrio.ch\/usc\/azteca-university\/own-degrees\/"},{"@type":"ListItem","position":5,"name":"Credits Transfer"}]},{"@type":"WebSite","@id":"https:\/\/www.avrio.ch\/#website","url":"https:\/\/www.avrio.ch\/","name":"Istituto Avrio de Gen\u00e8ve","description":"Istituto di gestione aziendale e informatica online","publisher":{"@id":"https:\/\/www.avrio.ch\/#organization"},"alternateName":"Avrio Institute","potentialAction":[{"@type":"SearchAction","target":{"@type":"EntryPoint","urlTemplate":"https:\/\/www.avrio.ch\/?s={search_term_string}"},"query-input":{"@type":"PropertyValueSpecification","valueRequired":true,"valueName":"search_term_string"}}],"inLanguage":"it-IT"},{"@type":["Organization","Place","CollegeOrUniversity"],"@id":"https:\/\/www.avrio.ch\/#organization","name":"Istituto Avrio de Gen\u00e8ve","alternateName":"Avrio Institute","url":"https:\/\/www.avrio.ch\/","logo":{"@id":"https:\/\/www.avrio.ch\/usc\/azteca-university\/own-degrees\/credits-transfer\/#local-main-organization-logo"},"image":{"@id":"https:\/\/www.avrio.ch\/usc\/azteca-university\/own-degrees\/credits-transfer\/#local-main-organization-logo"},"sameAs":["https:\/\/www.facebook.com\/institutavriodegeneve\/","https:\/\/x.com\/AvrioDeGeneve","https:\/\/www.instagram.com\/institutavriodegeneve\/","https:\/\/www.linkedin.com\/in\/avrio-de-geneve-024392194\/","https:\/\/www.youtube.com\/channel\/UCPP2orNhGglhisZlldUbnkQ"],"address":{"@id":"https:\/\/www.avrio.ch\/usc\/azteca-university\/own-degrees\/credits-transfer\/#local-main-place-address"},"telephone":["+41794642989"],"openingHoursSpecification":[{"@type":"OpeningHoursSpecification","dayOfWeek":["Sunday","Wednesday","Saturday"],"opens":"00:00","closes":"00:00"},{"@type":"OpeningHoursSpecification","dayOfWeek":["Monday","Tuesday","Thursday","Friday"],"opens":"09:00","closes":"11:00"}],"email":"info@avrio.ch"},{"@type":"PostalAddress","@id":"https:\/\/www.avrio.ch\/usc\/azteca-university\/own-degrees\/credits-transfer\/#local-main-place-address","streetAddress":"Rue de la Cit\u00e9 1","addressLocality":"Geneva","postalCode":"1204","addressRegion":"Geneva","addressCountry":"CH"},{"@type":"ImageObject","inLanguage":"it-IT","@id":"https:\/\/www.avrio.ch\/usc\/azteca-university\/own-degrees\/credits-transfer\/#local-main-organization-logo","url":"https:\/\/www.avrio.ch\/v23\/wp-content\/uploads\/2020\/04\/logo-new-img-1.png","contentUrl":"https:\/\/www.avrio.ch\/v23\/wp-content\/uploads\/2020\/04\/logo-new-img-1.png","width":539,"height":600,"caption":"Institut Avrio de Gen\u00e8ve"}]},"geo.placename":"Geneva","geo.region":"Svizzera"},"_links":{"self":[{"href":"https:\/\/www.avrio.ch\/it\/wp-json\/wp\/v2\/pages\/24892","targetHints":{"allow":["GET"]}}],"collection":[{"href":"https:\/\/www.avrio.ch\/it\/wp-json\/wp\/v2\/pages"}],"about":[{"href":"https:\/\/www.avrio.ch\/it\/wp-json\/wp\/v2\/types\/page"}],"author":[{"embeddable":true,"href":"https:\/\/www.avrio.ch\/it\/wp-json\/wp\/v2\/users\/1"}],"replies":[{"embeddable":true,"href":"https:\/\/www.avrio.ch\/it\/wp-json\/wp\/v2\/comments?post=24892"}],"version-history":[{"count":0,"href":"https:\/\/www.avrio.ch\/it\/wp-json\/wp\/v2\/pages\/24892\/revisions"}],"up":[{"embeddable":true,"href":"https:\/\/www.avrio.ch\/it\/wp-json\/wp\/v2\/pages\/24879"}],"wp:attachment":[{"href":"https:\/\/www.avrio.ch\/it\/wp-json\/wp\/v2\/media?parent=24892"}],"curies":[{"name":"wp","href":"https:\/\/api.w.org\/{rel}","templated":true}]}}