{"id":24854,"date":"2021-12-17T15:16:31","date_gmt":"2021-12-17T14:16:31","guid":{"rendered":"https:\/\/www.avrio.ch\/v23\/by-thesis\/"},"modified":"2023-08-21T11:10:31","modified_gmt":"2023-08-21T09:10:31","slug":"per-tesi","status":"publish","type":"page","link":"https:\/\/www.avrio.ch\/it\/usc\/azteca-university\/own-degrees\/doctor-of-the-university\/by-thesis\/","title":{"rendered":"Dottorato di ricerca per tesi"},"content":{"rendered":"<h2 style=\"text-align: center;\"><a href=\"https:\/\/avrio.edu.eu\/usc\/azteca-university\/own-degree\/\">Universit\u00e0 Azteca Diplomi propri<\/a><\/h2>\n<p style=\"text-align: center;\"><strong><a href=\"https:\/\/avrio.edu.eu\/usc\/azteca-university\/own-degree\/credits-transfer\/\">Trasferimento crediti<\/a><\/strong> | <a href=\"https:\/\/avrio.edu.eu\/usc\/azteca-university\/own-degree\/professional-certification\/\"><strong>Certificazione Professionale<\/strong><\/a> | Maestro: <strong><a href=\"https:\/\/avrio.edu.eu\/usc\/azteca-university\/own-degree\/prior-learning-assessment\/\">Valutazione dell&#039;apprendimento precedente<\/a><\/strong> | <strong><a href=\"https:\/\/avrio.edu.eu\/usc\/azteca-university\/own-degree\/degree-validation\/\">Convalida del titolo<\/a><\/strong> | <a href=\"https:\/\/avrio.edu.eu\/usc\/azteca-university\/own-degree\/student-info\/\">Informazioni sugli studenti<\/a><br \/>\n<a href=\"https:\/\/avrio.edu.eu\/usc\/azteca-university\/own-degree\/doctor-of-the-university\/by-prior-output-and-by-achievement\/\"><strong>Risultati e risultati precedenti<\/strong><\/a> | Dottorato: <strong><a href=\"https:\/\/avrio.edu.eu\/usc\/azteca-university\/own-degree\/doctor-of-the-university\/prior-learning-assessment\/\">Valutazione dell&#039;apprendimento precedente<\/a><\/strong> | Dottorato: <strong><a href=\"https:\/\/avrio.edu.eu\/usc\/azteca-university\/own-degree\/doctor-of-the-university\/by-publication\/\">Pubblicazione<\/a><\/strong> | <strong><a href=\"https:\/\/avrio.edu.eu\/usc\/azteca-university\/own-degree\/doctor-of-the-university\/by-thesis\/\">Tesi<\/a><\/strong><\/p>\n<h3 style=\"text-align: justify;\"><span style=\"color: #000000;\"><strong>Dottore dell&#039;Universit\u00e0 con tesi <\/strong>(Dottorato)<\/span><\/h3>\n<p>Il dottorato di ricerca \u00e8 un dottorato di ricerca, che richiede corsi oltre il livello del Master pi\u00f9 ricerca e tesi che contribuiscono alla teoria o alla pratica in relazione alla disciplina, nonch\u00e9 allo sviluppo della pratica professionale contribuendo alla conoscenza specifica del settore e quindi alla pratica di impatto oltre la ricerca.<\/p>\n<p><span style=\"color: #000000;\">Il Dottorato dell&#039;Universit\u00e0 per tesi viene assegnato ai candidati che hanno conseguito un MPhil o un diploma post-laurea comparabile per l&#039;ammissione e dimostrano la loro capacit\u00e0 di presentare una tesi di ricerca indipendente in una qualsiasi delle aree di studio offerte dall&#039;universit\u00e0<\/span>.<\/p>\n<p style=\"text-align: justify;\">Il formato e i requisiti sono equivalenti a un programma di dottorato.<\/p>\n<p>Dopo il completamento dei corsi, degli esami e della ricerca scritta, la tesi (dissertazione o relazione completa del progetto) viene difesa dal candidato davanti alla commissione d&#039;esame.<\/p>\n<p>Il carico di lavoro totale del dottorato corrisponde all&#039;equivalenza di tre anni di studio o 180 crediti ECTS.<\/p>\n<p>Gli studenti devono concentrarsi su una specializzazione o una ricerca interdisciplinare. L&#039;area di studio deve essere offerta dall&#039;Universidad Azteca.<\/p>\n<p>TESI: Due copie cartacee della tesi devono essere spedite al Bibliotecario dell&#039;Universit\u00e0.<\/p>\n<h3>TIPO E CARICO DI LAVORO DEL PROGRAMMA<\/h3>\n<p><strong>TIPO<\/strong>: Premio interno dell&#039;Universidad Azteca, programma proprio dell&#039;universit\u00e0 acc. Arte. 59 Legge generale sull&#039;istruzione.<\/p>\n<p><strong>LIVELLO<\/strong>: Terzo ciclo, diploma proprio dell&#039;universit\u00e0 MMC di livello 8.<\/p>\n<p><strong>CARICO DI LAVORO<\/strong>: 180 ECTS<\/p>\n<h3>PREMIAZIONE UNIVERSIT\u00c0 E GRUPPO TARGET<\/h3>\n<p><strong>PREMIAZIONE UNIVERSIT\u00c0<\/strong>: Universit\u00e0 Azteca, Chalco, Messico.<\/p>\n<p><strong>DIPARTIMENTO UNIVERSITARIO IN EUROPA<\/strong>: Programmi europei dell&#039;Universit\u00e0 Azteca.<\/p>\n<p><strong>GRUPPO DESTINATO<\/strong>: Dottorandi interessati allo studio di dottorato in una delle discipline offerte dall&#039;Universidad Azteca che perseguono il completamento del programma di dottorato mediante tesi \/ esame di dottorato.<\/p>\n<p><strong>SPECIALIZZAZIONE<\/strong>: Studi dell&#039;Universit\u00e0 Azteca al livello 8 MMC (EQF)<\/p>\n<p><strong>DISCIPLINE<\/strong>: Discipline offerte dall&#039;Universit\u00e0 Azteca.<\/p>\n<p><strong>LINGUA DI STUDIO:<\/strong> Inglese, tedesco, spagnolo<\/p>\n<p><strong>REQUISITI DI AMMISSIONE<\/strong>: Master o titolo equivalente e corsi post-laurea o titoli per il trasferimento di crediti al programma o all&#039;esperienza di ricerca.<\/p>\n<h3>Modalit\u00e0 e team del corso<\/h3>\n<p><strong>MODALIT\u00c0<\/strong>: modalit\u00e0 e-learning e formazione a distanza.<\/p>\n<p><strong>SQUADRA DEL CORSO:<\/strong> Prof. Dr. Gerhard Berchtold, Prof. Dr. Friedrich Luhan, Prof. Dr. Ricardo Saavedra Hidalgo, Prof. Dr. Felipe Fern\u00e1ndez Rivadulla, Prof. Dr. Endler.<\/p>\n<h3>Piano di studio<\/h3>\n<table style=\"border-collapse: collapse; width: 100%;\">\n<tbody>\n<tr>\n<td style=\"width: 33.3333%; background-color: #c0c0c0;\"><strong>Trasferimento crediti \u2013 Insegnamenti opzionali<\/strong><\/td>\n<td style=\"width: 33.3333%; background-color: #c0c0c0;\"><strong>Modalit\u00e0 di prova <\/strong><\/td>\n<td style=\"width: 33.3333%; background-color: #c0c0c0;\"><strong>ECTS<\/strong><\/td>\n<\/tr>\n<tr>\n<td style=\"width: 33.3333%;\">Trasferimento dal programma di dottorato MPhil\/livello 8 EQF<\/td>\n<td style=\"width: 33.3333%;\">Trasferimento crediti<\/td>\n<td style=\"width: 33.3333%;\">60<\/td>\n<\/tr>\n<tr>\n<td style=\"width: 33.3333%; background-color: #c0c0c0;\"><strong>Modulo scientifico obbligatorio<\/strong><\/td>\n<td style=\"width: 33.3333%; background-color: #c0c0c0;\"><strong>Modalit\u00e0 di prova<\/strong><\/td>\n<td style=\"width: 33.3333%; background-color: #c0c0c0;\"><strong>ECTS<\/strong><\/td>\n<\/tr>\n<tr>\n<td style=\"width: 33.3333%;\">Progetto di ricerca<\/td>\n<td style=\"width: 33.3333%;\">Presentazione<\/td>\n<td style=\"width: 33.3333%;\">18<\/td>\n<\/tr>\n<tr>\n<td style=\"width: 33.3333%; background-color: #c0c0c0;\"><strong>Tesi\/Esame Rigoroso<\/strong><\/td>\n<td style=\"width: 33.3333%; background-color: #c0c0c0;\"><strong>Modalit\u00e0 di prova<\/strong><\/td>\n<td style=\"width: 33.3333%; background-color: #c0c0c0;\"><strong>ECTS<\/strong><\/td>\n<\/tr>\n<tr>\n<td style=\"width: 33.3333%;\">Tesi di specializzazione disciplinare<\/td>\n<td style=\"width: 33.3333%;\">Presentazione e difesa della tesi scritta<\/td>\n<td style=\"width: 33.3333%;\">102<\/td>\n<\/tr>\n<tr>\n<td style=\"width: 33.3333%; background-color: #c0c0c0;\"><strong>CARICO DI LAVORO <\/strong><\/td>\n<td style=\"width: 33.3333%; background-color: #c0c0c0;\"><strong>Modalit\u00e0 di prova<\/strong><\/td>\n<td style=\"width: 33.3333%; background-color: #c0c0c0;\"><strong>ECTS<\/strong><\/td>\n<\/tr>\n<tr>\n<td style=\"width: 33.3333%;\">ECTS<\/td>\n<td style=\"width: 33.3333%;\">Difesa\/Rigoroso<\/td>\n<td style=\"width: 33.3333%;\">180<\/td>\n<\/tr>\n<\/tbody>\n<\/table>\n<h3 style=\"text-align: center;\">Qualifica: Livello 8 del Quadro messicano delle qualifiche MMC<\/h3>\n<p><a href=\"https:\/\/avrio.edu.eu\/new\/wp-content\/uploads\/2021\/12\/Mexican-Qualifications-Framework.jpg\"><img fetchpriority=\"high\" decoding=\"async\" class=\"size-medium wp-image-20935 aligncenter\" src=\"https:\/\/www.avrio.ch\/v23\/wp-content\/uploads\/2023\/08\/Mexican-Qualifications-Framework-298x300-1.jpg\" alt=\"Quadro messicano delle qualifiche\" width=\"298\" height=\"300\" \/><\/a><\/p>\n<p>&nbsp;<\/p>","protected":false},"excerpt":{"rendered":"<p>Azteca University Own degrees Credits Transfer | Professional Certification | Master: Prior Learning Assessment | Degree Validation | Student Info Prior Output &amp; Achievement | Doctorate: Prior Learning Assessment | Doctorate: Publication | Thesis Doctor of the University by Thesis (PhD) The PhD is a research doctorate, requiring course-work beyond the Master\u00b4s level plus research [&hellip;]<\/p>\n","protected":false},"author":1,"featured_media":24857,"parent":24849,"menu_order":0,"comment_status":"closed","ping_status":"closed","template":"","meta":{"_acf_changed":false,"site-sidebar-layout":"default","site-content-layout":"","ast-site-content-layout":"default","site-content-style":"default","site-sidebar-style":"default","ast-global-header-display":"","ast-banner-title-visibility":"","ast-main-header-display":"","ast-hfb-above-header-display":"","ast-hfb-below-header-display":"","ast-hfb-mobile-header-display":"","site-post-title":"","ast-breadcrumbs-content":"","ast-featured-img":"","footer-sml-layout":"","ast-disable-related-posts":"","theme-transparent-header-meta":"","adv-header-id-meta":"","stick-header-meta":"","header-above-stick-meta":"","header-main-stick-meta":"","header-below-stick-meta":"","astra-migrate-meta-layouts":"default","ast-page-background-enabled":"default","ast-page-background-meta":{"desktop":{"background-color":"var(--ast-global-color-4)","background-image":"","background-repeat":"repeat","background-position":"center center","background-size":"auto","background-attachment":"scroll","background-type":"","background-media":"","overlay-type":"","overlay-color":"","overlay-opacity":"","overlay-gradient":""},"tablet":{"background-color":"","background-image":"","background-repeat":"repeat","background-position":"center center","background-size":"auto","background-attachment":"scroll","background-type":"","background-media":"","overlay-type":"","overlay-color":"","overlay-opacity":"","overlay-gradient":""},"mobile":{"background-color":"","background-image":"","background-repeat":"repeat","background-position":"center center","background-size":"auto","background-attachment":"scroll","background-type":"","background-media":"","overlay-type":"","overlay-color":"","overlay-opacity":"","overlay-gradient":""}},"ast-content-background-meta":{"desktop":{"background-color":"var(--ast-global-color-5)","background-image":"","background-repeat":"repeat","background-position":"center center","background-size":"auto","background-attachment":"scroll","background-type":"","background-media":"","overlay-type":"","overlay-color":"","overlay-opacity":"","overlay-gradient":""},"tablet":{"background-color":"var(--ast-global-color-5)","background-image":"","background-repeat":"repeat","background-position":"center center","background-size":"auto","background-attachment":"scroll","background-type":"","background-media":"","overlay-type":"","overlay-color":"","overlay-opacity":"","overlay-gradient":""},"mobile":{"background-color":"var(--ast-global-color-5)","background-image":"","background-repeat":"repeat","background-position":"center center","background-size":"auto","background-attachment":"scroll","background-type":"","background-media":"","overlay-type":"","overlay-color":"","overlay-opacity":"","overlay-gradient":""}},"footnotes":""},"class_list":["post-24854","page","type-page","status-publish","has-post-thumbnail","hentry"],"acf":[],"yoast_head":"<!-- This site is optimized with the Yoast SEO Premium plugin v27.2 (Yoast SEO v27.3) - https:\/\/yoast.com\/product\/yoast-seo-premium-wordpress\/ -->\n<title>PhD By Thesis - Institut Avrio de Gen\u00e8ve<\/title>\n<meta name=\"description\" content=\"Azteca University Own degrees Credits Transfer | Professional Certification | Master: Prior Learning Assessment | Degree Validation | Student Info Prior\" \/>\n<meta name=\"robots\" content=\"index, follow, max-snippet:-1, max-image-preview:large, max-video-preview:-1\" \/>\n<link rel=\"canonical\" href=\"https:\/\/www.avrio.ch\/it\/usc\/universita-azteca\/propri-titoli-di-studio\/dottore-delluniversita\/per-tesi\/\" \/>\n<meta property=\"og:locale\" content=\"it_IT\" \/>\n<meta property=\"og:type\" content=\"article\" \/>\n<meta property=\"og:title\" content=\"PhD By Thesis\" \/>\n<meta property=\"og:description\" content=\"Azteca University Own degrees Credits Transfer | Professional Certification | Master: Prior Learning Assessment | Degree Validation | Student Info Prior\" \/>\n<meta property=\"og:url\" content=\"https:\/\/www.avrio.ch\/it\/usc\/universita-azteca\/propri-titoli-di-studio\/dottore-delluniversita\/per-tesi\/\" \/>\n<meta property=\"og:site_name\" content=\"Institut Avrio de Gen\u00e8ve\" \/>\n<meta property=\"article:publisher\" content=\"https:\/\/www.facebook.com\/institutavriodegeneve\/\" \/>\n<meta property=\"article:modified_time\" content=\"2023-08-21T09:10:31+00:00\" \/>\n<meta property=\"og:image\" content=\"https:\/\/www.avrio.ch\/v23\/wp-content\/uploads\/2023\/08\/Mexican-Qualifications-Framework.jpg\" \/>\n\t<meta property=\"og:image:width\" content=\"1770\" \/>\n\t<meta property=\"og:image:height\" content=\"1780\" \/>\n\t<meta property=\"og:image:type\" content=\"image\/jpeg\" \/>\n<meta name=\"twitter:card\" content=\"summary_large_image\" \/>\n<meta name=\"twitter:site\" content=\"@AvrioDeGeneve\" \/>\n<meta name=\"twitter:label1\" content=\"Tempo di lettura stimato\" \/>\n\t<meta name=\"twitter:data1\" content=\"2 minuti\" \/>\n<script type=\"application\/ld+json\" class=\"yoast-schema-graph\">{\"@context\":\"https:\\\/\\\/schema.org\",\"@graph\":[{\"@type\":\"WebPage\",\"@id\":\"https:\\\/\\\/www.avrio.ch\\\/usc\\\/azteca-university\\\/own-degrees\\\/doctor-of-the-university\\\/by-thesis\\\/\",\"url\":\"https:\\\/\\\/www.avrio.ch\\\/usc\\\/azteca-university\\\/own-degrees\\\/doctor-of-the-university\\\/by-thesis\\\/\",\"name\":\"PhD By Thesis - Institut Avrio de Gen\u00e8ve\",\"isPartOf\":{\"@id\":\"https:\\\/\\\/www.avrio.ch\\\/#website\"},\"primaryImageOfPage\":{\"@id\":\"https:\\\/\\\/www.avrio.ch\\\/usc\\\/azteca-university\\\/own-degrees\\\/doctor-of-the-university\\\/by-thesis\\\/#primaryimage\"},\"image\":{\"@id\":\"https:\\\/\\\/www.avrio.ch\\\/usc\\\/azteca-university\\\/own-degrees\\\/doctor-of-the-university\\\/by-thesis\\\/#primaryimage\"},\"thumbnailUrl\":\"https:\\\/\\\/www.avrio.ch\\\/v23\\\/wp-content\\\/uploads\\\/2023\\\/08\\\/Mexican-Qualifications-Framework.jpg\",\"datePublished\":\"2021-12-17T14:16:31+00:00\",\"dateModified\":\"2023-08-21T09:10:31+00:00\",\"description\":\"Azteca University Own degrees Credits Transfer | Professional Certification | Master: Prior Learning Assessment | Degree Validation | Student Info Prior\",\"breadcrumb\":{\"@id\":\"https:\\\/\\\/www.avrio.ch\\\/usc\\\/azteca-university\\\/own-degrees\\\/doctor-of-the-university\\\/by-thesis\\\/#breadcrumb\"},\"inLanguage\":\"it-IT\",\"potentialAction\":[{\"@type\":\"ReadAction\",\"target\":[\"https:\\\/\\\/www.avrio.ch\\\/usc\\\/azteca-university\\\/own-degrees\\\/doctor-of-the-university\\\/by-thesis\\\/\"]}]},{\"@type\":\"ImageObject\",\"inLanguage\":\"it-IT\",\"@id\":\"https:\\\/\\\/www.avrio.ch\\\/usc\\\/azteca-university\\\/own-degrees\\\/doctor-of-the-university\\\/by-thesis\\\/#primaryimage\",\"url\":\"https:\\\/\\\/www.avrio.ch\\\/v23\\\/wp-content\\\/uploads\\\/2023\\\/08\\\/Mexican-Qualifications-Framework.jpg\",\"contentUrl\":\"https:\\\/\\\/www.avrio.ch\\\/v23\\\/wp-content\\\/uploads\\\/2023\\\/08\\\/Mexican-Qualifications-Framework.jpg\",\"width\":1770,\"height\":1780},{\"@type\":\"BreadcrumbList\",\"@id\":\"https:\\\/\\\/www.avrio.ch\\\/usc\\\/azteca-university\\\/own-degrees\\\/doctor-of-the-university\\\/by-thesis\\\/#breadcrumb\",\"itemListElement\":[{\"@type\":\"ListItem\",\"position\":1,\"name\":\"Home\",\"item\":\"https:\\\/\\\/www.avrio.ch\\\/\"},{\"@type\":\"ListItem\",\"position\":2,\"name\":\"Universities Studies Center\",\"item\":\"https:\\\/\\\/www.avrio.ch\\\/usc\\\/\"},{\"@type\":\"ListItem\",\"position\":3,\"name\":\"Azteca University\",\"item\":\"https:\\\/\\\/www.avrio.ch\\\/usc\\\/azteca-university\\\/\"},{\"@type\":\"ListItem\",\"position\":4,\"name\":\"Azteca University Own degrees\",\"item\":\"https:\\\/\\\/www.avrio.ch\\\/usc\\\/azteca-university\\\/own-degrees\\\/\"},{\"@type\":\"ListItem\",\"position\":5,\"name\":\"Doctor of the University\",\"item\":\"https:\\\/\\\/www.avrio.ch\\\/usc\\\/azteca-university\\\/own-degrees\\\/doctor-of-the-university\\\/\"},{\"@type\":\"ListItem\",\"position\":6,\"name\":\"PhD By Thesis\"}]},{\"@type\":\"WebSite\",\"@id\":\"https:\\\/\\\/www.avrio.ch\\\/#website\",\"url\":\"https:\\\/\\\/www.avrio.ch\\\/\",\"name\":\"Institut Avrio de Gen\u00e8ve\",\"description\":\"Online Business Management &amp; Information Technology Institute\",\"publisher\":{\"@id\":\"https:\\\/\\\/www.avrio.ch\\\/#organization\"},\"alternateName\":\"Avrio Institute\",\"potentialAction\":[{\"@type\":\"SearchAction\",\"target\":{\"@type\":\"EntryPoint\",\"urlTemplate\":\"https:\\\/\\\/www.avrio.ch\\\/?s={search_term_string}\"},\"query-input\":{\"@type\":\"PropertyValueSpecification\",\"valueRequired\":true,\"valueName\":\"search_term_string\"}}],\"inLanguage\":\"it-IT\"},{\"@type\":[\"Organization\",\"Place\",\"CollegeOrUniversity\"],\"@id\":\"https:\\\/\\\/www.avrio.ch\\\/#organization\",\"name\":\"Institut Avrio de Gen\u00e8ve\",\"alternateName\":\"Avrio Institute\",\"url\":\"https:\\\/\\\/www.avrio.ch\\\/\",\"logo\":{\"@id\":\"https:\\\/\\\/www.avrio.ch\\\/usc\\\/azteca-university\\\/own-degrees\\\/doctor-of-the-university\\\/by-thesis\\\/#local-main-organization-logo\"},\"image\":{\"@id\":\"https:\\\/\\\/www.avrio.ch\\\/usc\\\/azteca-university\\\/own-degrees\\\/doctor-of-the-university\\\/by-thesis\\\/#local-main-organization-logo\"},\"sameAs\":[\"https:\\\/\\\/www.facebook.com\\\/institutavriodegeneve\\\/\",\"https:\\\/\\\/x.com\\\/AvrioDeGeneve\",\"https:\\\/\\\/www.instagram.com\\\/institutavriodegeneve\\\/\",\"https:\\\/\\\/www.linkedin.com\\\/in\\\/avrio-de-geneve-024392194\\\/\",\"https:\\\/\\\/www.youtube.com\\\/channel\\\/UCPP2orNhGglhisZlldUbnkQ\"],\"address\":{\"@id\":\"https:\\\/\\\/www.avrio.ch\\\/usc\\\/azteca-university\\\/own-degrees\\\/doctor-of-the-university\\\/by-thesis\\\/#local-main-place-address\"},\"telephone\":[\"+41794642989\"],\"openingHoursSpecification\":[{\"@type\":\"OpeningHoursSpecification\",\"dayOfWeek\":[\"Sunday\",\"Wednesday\",\"Saturday\"],\"opens\":\"00:00\",\"closes\":\"00:00\"},{\"@type\":\"OpeningHoursSpecification\",\"dayOfWeek\":[\"Monday\",\"Tuesday\",\"Thursday\",\"Friday\"],\"opens\":\"09:00\",\"closes\":\"11:00\"}],\"email\":\"info@avrio.ch\"},{\"@type\":\"PostalAddress\",\"@id\":\"https:\\\/\\\/www.avrio.ch\\\/usc\\\/azteca-university\\\/own-degrees\\\/doctor-of-the-university\\\/by-thesis\\\/#local-main-place-address\",\"streetAddress\":\"Rue de la Cit\u00e9 1\",\"addressLocality\":\"Geneva\",\"postalCode\":\"1204\",\"addressRegion\":\"Geneva\",\"addressCountry\":\"CH\"},{\"@type\":\"ImageObject\",\"inLanguage\":\"it-IT\",\"@id\":\"https:\\\/\\\/www.avrio.ch\\\/usc\\\/azteca-university\\\/own-degrees\\\/doctor-of-the-university\\\/by-thesis\\\/#local-main-organization-logo\",\"url\":\"https:\\\/\\\/www.avrio.ch\\\/v23\\\/wp-content\\\/uploads\\\/2020\\\/04\\\/logo-new-img-1.png\",\"contentUrl\":\"https:\\\/\\\/www.avrio.ch\\\/v23\\\/wp-content\\\/uploads\\\/2020\\\/04\\\/logo-new-img-1.png\",\"width\":539,\"height\":600,\"caption\":\"Institut Avrio de Gen\u00e8ve\"}]}<\/script>\n<meta name=\"geo.placename\" content=\"Geneva\" \/>\n<meta name=\"geo.region\" content=\"Svizzera\" \/>\n<!-- \/ Yoast SEO Premium plugin. -->","yoast_head_json":{"title":"Dottorato di ricerca con tesi - Institut Avrio de Gen\u00e8ve","description":"Trasferimento crediti dei propri titoli di studio dell&#039;Universit\u00e0 Azteca | Certificazione professionale | Master: Valutazione dell&#039;apprendimento pregresso | Convalida del titolo | Informazioni sugli studenti prima","robots":{"index":"index","follow":"follow","max-snippet":"max-snippet:-1","max-image-preview":"max-image-preview:large","max-video-preview":"max-video-preview:-1"},"canonical":"https:\/\/www.avrio.ch\/it\/usc\/universita-azteca\/propri-titoli-di-studio\/dottore-delluniversita\/per-tesi\/","og_locale":"it_IT","og_type":"article","og_title":"PhD By Thesis","og_description":"Azteca University Own degrees Credits Transfer | Professional Certification | Master: Prior Learning Assessment | Degree Validation | Student Info Prior","og_url":"https:\/\/www.avrio.ch\/it\/usc\/universita-azteca\/propri-titoli-di-studio\/dottore-delluniversita\/per-tesi\/","og_site_name":"Institut Avrio de Gen\u00e8ve","article_publisher":"https:\/\/www.facebook.com\/institutavriodegeneve\/","article_modified_time":"2023-08-21T09:10:31+00:00","og_image":[{"width":1770,"height":1780,"url":"https:\/\/www.avrio.ch\/v23\/wp-content\/uploads\/2023\/08\/Mexican-Qualifications-Framework.jpg","type":"image\/jpeg"}],"twitter_card":"summary_large_image","twitter_site":"@AvrioDeGeneve","twitter_misc":{"Tempo di lettura stimato":"2 minuti"},"schema":{"@context":"https:\/\/schema.org","@graph":[{"@type":"WebPage","@id":"https:\/\/www.avrio.ch\/usc\/azteca-university\/own-degrees\/doctor-of-the-university\/by-thesis\/","url":"https:\/\/www.avrio.ch\/usc\/azteca-university\/own-degrees\/doctor-of-the-university\/by-thesis\/","name":"Dottorato di ricerca con tesi - Institut Avrio de Gen\u00e8ve","isPartOf":{"@id":"https:\/\/www.avrio.ch\/#website"},"primaryImageOfPage":{"@id":"https:\/\/www.avrio.ch\/usc\/azteca-university\/own-degrees\/doctor-of-the-university\/by-thesis\/#primaryimage"},"image":{"@id":"https:\/\/www.avrio.ch\/usc\/azteca-university\/own-degrees\/doctor-of-the-university\/by-thesis\/#primaryimage"},"thumbnailUrl":"https:\/\/www.avrio.ch\/v23\/wp-content\/uploads\/2023\/08\/Mexican-Qualifications-Framework.jpg","datePublished":"2021-12-17T14:16:31+00:00","dateModified":"2023-08-21T09:10:31+00:00","description":"Trasferimento crediti dei propri titoli di studio dell&#039;Universit\u00e0 Azteca | Certificazione professionale | Master: Valutazione dell&#039;apprendimento pregresso | Convalida del titolo | Informazioni sugli studenti prima","breadcrumb":{"@id":"https:\/\/www.avrio.ch\/usc\/azteca-university\/own-degrees\/doctor-of-the-university\/by-thesis\/#breadcrumb"},"inLanguage":"it-IT","potentialAction":[{"@type":"ReadAction","target":["https:\/\/www.avrio.ch\/usc\/azteca-university\/own-degrees\/doctor-of-the-university\/by-thesis\/"]}]},{"@type":"ImageObject","inLanguage":"it-IT","@id":"https:\/\/www.avrio.ch\/usc\/azteca-university\/own-degrees\/doctor-of-the-university\/by-thesis\/#primaryimage","url":"https:\/\/www.avrio.ch\/v23\/wp-content\/uploads\/2023\/08\/Mexican-Qualifications-Framework.jpg","contentUrl":"https:\/\/www.avrio.ch\/v23\/wp-content\/uploads\/2023\/08\/Mexican-Qualifications-Framework.jpg","width":1770,"height":1780},{"@type":"BreadcrumbList","@id":"https:\/\/www.avrio.ch\/usc\/azteca-university\/own-degrees\/doctor-of-the-university\/by-thesis\/#breadcrumb","itemListElement":[{"@type":"ListItem","position":1,"name":"Home","item":"https:\/\/www.avrio.ch\/"},{"@type":"ListItem","position":2,"name":"Universities Studies Center","item":"https:\/\/www.avrio.ch\/usc\/"},{"@type":"ListItem","position":3,"name":"Azteca University","item":"https:\/\/www.avrio.ch\/usc\/azteca-university\/"},{"@type":"ListItem","position":4,"name":"Azteca University Own degrees","item":"https:\/\/www.avrio.ch\/usc\/azteca-university\/own-degrees\/"},{"@type":"ListItem","position":5,"name":"Doctor of the University","item":"https:\/\/www.avrio.ch\/usc\/azteca-university\/own-degrees\/doctor-of-the-university\/"},{"@type":"ListItem","position":6,"name":"PhD By Thesis"}]},{"@type":"WebSite","@id":"https:\/\/www.avrio.ch\/#website","url":"https:\/\/www.avrio.ch\/","name":"Istituto Avrio de Gen\u00e8ve","description":"Istituto di gestione aziendale e informatica online","publisher":{"@id":"https:\/\/www.avrio.ch\/#organization"},"alternateName":"Avrio Institute","potentialAction":[{"@type":"SearchAction","target":{"@type":"EntryPoint","urlTemplate":"https:\/\/www.avrio.ch\/?s={search_term_string}"},"query-input":{"@type":"PropertyValueSpecification","valueRequired":true,"valueName":"search_term_string"}}],"inLanguage":"it-IT"},{"@type":["Organization","Place","CollegeOrUniversity"],"@id":"https:\/\/www.avrio.ch\/#organization","name":"Istituto Avrio de Gen\u00e8ve","alternateName":"Avrio Institute","url":"https:\/\/www.avrio.ch\/","logo":{"@id":"https:\/\/www.avrio.ch\/usc\/azteca-university\/own-degrees\/doctor-of-the-university\/by-thesis\/#local-main-organization-logo"},"image":{"@id":"https:\/\/www.avrio.ch\/usc\/azteca-university\/own-degrees\/doctor-of-the-university\/by-thesis\/#local-main-organization-logo"},"sameAs":["https:\/\/www.facebook.com\/institutavriodegeneve\/","https:\/\/x.com\/AvrioDeGeneve","https:\/\/www.instagram.com\/institutavriodegeneve\/","https:\/\/www.linkedin.com\/in\/avrio-de-geneve-024392194\/","https:\/\/www.youtube.com\/channel\/UCPP2orNhGglhisZlldUbnkQ"],"address":{"@id":"https:\/\/www.avrio.ch\/usc\/azteca-university\/own-degrees\/doctor-of-the-university\/by-thesis\/#local-main-place-address"},"telephone":["+41794642989"],"openingHoursSpecification":[{"@type":"OpeningHoursSpecification","dayOfWeek":["Sunday","Wednesday","Saturday"],"opens":"00:00","closes":"00:00"},{"@type":"OpeningHoursSpecification","dayOfWeek":["Monday","Tuesday","Thursday","Friday"],"opens":"09:00","closes":"11:00"}],"email":"info@avrio.ch"},{"@type":"PostalAddress","@id":"https:\/\/www.avrio.ch\/usc\/azteca-university\/own-degrees\/doctor-of-the-university\/by-thesis\/#local-main-place-address","streetAddress":"Rue de la Cit\u00e9 1","addressLocality":"Geneva","postalCode":"1204","addressRegion":"Geneva","addressCountry":"CH"},{"@type":"ImageObject","inLanguage":"it-IT","@id":"https:\/\/www.avrio.ch\/usc\/azteca-university\/own-degrees\/doctor-of-the-university\/by-thesis\/#local-main-organization-logo","url":"https:\/\/www.avrio.ch\/v23\/wp-content\/uploads\/2020\/04\/logo-new-img-1.png","contentUrl":"https:\/\/www.avrio.ch\/v23\/wp-content\/uploads\/2020\/04\/logo-new-img-1.png","width":539,"height":600,"caption":"Institut Avrio de Gen\u00e8ve"}]},"geo.placename":"Geneva","geo.region":"Svizzera"},"_links":{"self":[{"href":"https:\/\/www.avrio.ch\/it\/wp-json\/wp\/v2\/pages\/24854","targetHints":{"allow":["GET"]}}],"collection":[{"href":"https:\/\/www.avrio.ch\/it\/wp-json\/wp\/v2\/pages"}],"about":[{"href":"https:\/\/www.avrio.ch\/it\/wp-json\/wp\/v2\/types\/page"}],"author":[{"embeddable":true,"href":"https:\/\/www.avrio.ch\/it\/wp-json\/wp\/v2\/users\/1"}],"replies":[{"embeddable":true,"href":"https:\/\/www.avrio.ch\/it\/wp-json\/wp\/v2\/comments?post=24854"}],"version-history":[{"count":0,"href":"https:\/\/www.avrio.ch\/it\/wp-json\/wp\/v2\/pages\/24854\/revisions"}],"up":[{"embeddable":true,"href":"https:\/\/www.avrio.ch\/it\/wp-json\/wp\/v2\/pages\/24849"}],"wp:featuredmedia":[{"embeddable":true,"href":"https:\/\/www.avrio.ch\/it\/wp-json\/wp\/v2\/media\/24857"}],"wp:attachment":[{"href":"https:\/\/www.avrio.ch\/it\/wp-json\/wp\/v2\/media?parent=24854"}],"curies":[{"name":"wp","href":"https:\/\/api.w.org\/{rel}","templated":true}]}}