{"id":24892,"date":"2021-12-19T15:55:33","date_gmt":"2021-12-19T14:55:33","guid":{"rendered":"https:\/\/www.avrio.ch\/v23\/master-7\/"},"modified":"2023-08-21T11:04:21","modified_gmt":"2023-08-21T09:04:21","slug":"transfert-de-credits","status":"publish","type":"page","link":"https:\/\/www.avrio.ch\/fr\/usc\/azteca-university\/own-degrees\/credits-transfer\/","title":{"rendered":"Transfert de cr\u00e9dits"},"content":{"rendered":"<h2 style=\"text-align: center;\"><a href=\"https:\/\/www.avrio.ch\/fr\/v23\/usc\/universite-azteque\/own-degree\/\">Universit\u00e9 Azteca Poss\u00e9der des dipl\u00f4mes<\/a><\/h2>\n<p style=\"text-align: center;\"><strong><a href=\"https:\/\/www.avrio.ch\/fr\/v23\/usc\/universite-azteque\/own-degree\/transfert-de-credits\/\">Transfert de cr\u00e9dits<\/a><\/strong> | <a href=\"https:\/\/www.avrio.ch\/fr\/v23\/usc\/universite-azteque\/own-degree\/certificat-professionel\/\"><strong>certificat professionel<\/strong><\/a> | Ma\u00eetre: <strong><a href=\"https:\/\/www.avrio.ch\/fr\/v23\/usc\/universite-azteque\/own-degree\/evaluation-des-acquis\/\">\u00c9valuation des acquis<\/a><\/strong> | <strong><a href=\"https:\/\/www.avrio.ch\/fr\/v23\/usc\/universite-azteque\/own-degree\/validation-du-diplome\/\">Validation du dipl\u00f4me<\/a><\/strong><br \/>\nDoctorat\u00a0: (<a href=\"https:\/\/www.avrio.ch\/fr\/v23\/usc\/universite-azteque\/own-degree\/docteur-de-luniversite\/par-resultat-anterieur-et-par-realisation\/\"><strong>R\u00e9sultats et r\u00e9alisations ant\u00e9rieurs<\/strong><\/a> | <strong><a href=\"https:\/\/www.avrio.ch\/fr\/v23\/usc\/universite-azteque\/own-degree\/docteur-de-luniversite\/evaluation-des-acquis\/\">\u00c9valuation des acquis<\/a><\/strong> | <strong><a href=\"https:\/\/www.avrio.ch\/fr\/v23\/usc\/universite-azteque\/own-degree\/docteur-de-luniversite\/par-publication\/\">Publication<\/a><\/strong> | <strong><a href=\"https:\/\/www.avrio.ch\/fr\/v23\/usc\/universite-azteque\/own-degree\/docteur-de-luniversite\/par-these\/\">Th\u00e8se<\/a><\/strong>) | <a href=\"https:\/\/www.avrio.ch\/fr\/v23\/usc\/universite-azteque\/own-degree\/informations-sur-les-etudiants\/\">Informations sur les \u00e9tudiants<\/a><\/p>\n<p style=\"text-align: justify;\"><span style=\"text-decoration: underline; color: #000000;\"><span class=\"internallink\"><strong>Option 1) Reconnaissance des cr\u00e9dits de transfert<\/strong><\/span><\/span><\/p>\n<p style=\"text-align: justify;\">Car les apprentissages qui peuvent \u00eatre reconnus par des dipl\u00f4mes et des certificats de tests ant\u00e9rieurs offrent une \u00e9valuation beaucoup moins compliqu\u00e9e que celle possible avec la validation par portfolio des acquis.<\/p>\n<p style=\"text-align: justify;\">Les candidats qui ont obtenu suffisamment de cr\u00e9dits dans des cours ant\u00e9rieurs menant \u00e0 n&#039;importe quel dipl\u00f4me peuvent transf\u00e9rer leurs dipl\u00f4mes provenant de diverses sources en un seul dipl\u00f4me d\u00e9livr\u00e9 par l&#039;Universidad Azteca dans le domaine des \u00e9tudes avanc\u00e9es.<\/p>\n<p style=\"text-align: justify;\">Ce programme est diff\u00e9rent du <a href=\"https:\/\/www.avrio.ch\/fr\/v23\/usc\/universite-azteque\/own-degree\/certificat-professionel\/\">certificat professionel<\/a> (<a href=\"https:\/\/www.avrio.ch\/fr\/v23\/usc\/universite-azteque\/own-degree\/master-of-university\/etudes-professionnelles\/\">\u00c9tudes professionnelles<\/a>) et la validation de <a href=\"https:\/\/www.avrio.ch\/fr\/v23\/usc\/universite-azteque\/own-degree\/evaluation-des-acquis\/\">Apprentissage pr\u00e9alable<\/a> (<a href=\"https:\/\/www.avrio.ch\/fr\/v23\/usc\/universite-azteque\/own-degree\/master-of-university\/etudes-individuelles\/\">\u00c9tudes individuelles<\/a>), car elle repose enti\u00e8rement sur la reconnaissance des cr\u00e9dits de transfert d\u00e9j\u00e0 acquis au niveau postsecondaire.<\/p>\n<p style=\"text-align: justify;\">Exigences de dipl\u00f4me pour le <a href=\"https:\/\/www.avrio.ch\/fr\/v23\/usc\/universite-azteque\/own-degree\/master-of-university\/etudes-avancees\/\">Master d&#039;\u00e9tudes avanc\u00e9es<\/a> ou la <a href=\"https:\/\/www.avrio.ch\/fr\/v23\/usc\/universite-azteque\/mba-emba\/\">MBA<\/a>: Au moins une qualification professionnelle de niveau 5 ou 6 du cadre europ\u00e9en des certifications comme condition d&#039;entr\u00e9e, plus 60 cr\u00e9dits ECTS professionnels document\u00e9s acquis.<\/p>\n<p style=\"text-align: justify;\"><strong>Gagnez du cr\u00e9dit par virement bancaire<\/strong><\/p>\n<p style=\"text-align: justify;\">Les cr\u00e9dits accept\u00e9s par transfert par l&#039;Universidad Azteca ne peuvent provenir que de coll\u00e8ges et d&#039;universit\u00e9s accr\u00e9dit\u00e9s au niveau r\u00e9gional. Les \u00e9l\u00e9ments suivants comprennent les exp\u00e9riences \u00e9ducatives de niveau coll\u00e9gial que l&#039;Universidad Azteca peut accepter pour des cr\u00e9dits par transfert\u00a0:<\/p>\n<p style=\"text-align: justify;\"><strong><em>Coll\u00e8ges et universit\u00e9s accr\u00e9dit\u00e9s<\/em><\/strong><\/p>\n<p style=\"text-align: justify;\">Les cr\u00e9dits gagn\u00e9s dans un coll\u00e8ge ou une universit\u00e9 accr\u00e9dit\u00e9e ou candidat \u00e0 l&#039;accr\u00e9ditation par un organisme d&#039;accr\u00e9ditation institutionnel peuvent \u00eatre transf\u00e9r\u00e9s \u00e0 l&#039;Universidad Azteca quel que soit le nombre d&#039;\u00e9tablissements fr\u00e9quent\u00e9s. L&#039;Universidad Azteca ne transf\u00e8re pas de cours sans note de passage.<\/p>\n<p style=\"text-align: justify;\">Les \u00e9tudiants peuvent \u00eatre tenus de fournir des descriptions de cours ou une copie du catalogue de l&#039;\u00e9tablissement o\u00f9 les cours ont \u00e9t\u00e9 suivis, afin de permettre une \u00e9valuation cours par cours afin de d\u00e9terminer si ces cours peuvent \u00eatre accept\u00e9s pour les exigences des dipl\u00f4mes de l&#039;Universidad Azteca. Si des descriptions sont n\u00e9cessaires, elles doivent \u00eatre demand\u00e9es aupr\u00e8s du registraire du ou des coll\u00e8ges o\u00f9 les cours ont \u00e9t\u00e9 suivis. Un relev\u00e9 de notes officiel de chaque \u00e9tablissement \u00e0 \u00e9valuer doit \u00eatre soumis. L&#039;Universidad Azteca n&#039;acceptera pas les cr\u00e9dits r\u00e9pertori\u00e9s comme \u00ab\u00a0transfert\u00a0\u00bb sur le relev\u00e9 de notes d&#039;un \u00e9tablissement.<\/p>\n<p style=\"text-align: justify;\">L&#039;Universidad Azteca acceptera les cr\u00e9dits de coll\u00e8ges \u00e9trangers reconnus par l&#039;autorit\u00e9 \u00e9ducative de ce pays et r\u00e9pertori\u00e9s dans l&#039;une des publications comprenant les coll\u00e8ges et universit\u00e9s reconnus.<\/p>\n<p style=\"text-align: justify;\"><strong><span style=\"color: #000000;\"><em class=\"internallink\">Acceptation des cr\u00e9dits des programmes de troisi\u00e8me cycle<\/em><\/span><\/strong><\/p>\n<p style=\"text-align: justify;\">L&#039;Universidad Azteca acceptera les cr\u00e9dits de travaux de troisi\u00e8me cycle pour postuler \u00e0 un programme.<\/p>\n<p style=\"text-align: justify;\"><strong><em>D\u00e9monstration de monnaie<\/em><\/strong><\/p>\n<p style=\"text-align: justify;\">En raison des changements rapides qui se produisent aujourd&#039;hui dans les domaines technologiques et commerciaux, il est important pour les dipl\u00f4m\u00e9s coll\u00e9giaux d&#039;aujourd&#039;hui de maintenir \u00e0 jour leurs connaissances dans leur domaine. Par cons\u00e9quent, il peut \u00eatre n\u00e9cessaire que les \u00e9tudiants \u00ab fassent preuve de comp\u00e9tence \u00bb afin de transf\u00e9rer les cr\u00e9dits pr\u00e9c\u00e9demment acquis dans d\u2019autres coll\u00e8ges et universit\u00e9s accr\u00e9dit\u00e9s.<\/p>\n<p style=\"text-align: justify;\">La d\u00e9monstration de monnaie fait r\u00e9f\u00e9rence au transfert de cr\u00e9dits. Si les cr\u00e9dits que vous souhaitez transf\u00e9rer \u00e0 l&#039;Universit\u00e9 datent de plus de 10 ans au moment de votre candidature \u00e0 l&#039;Universit\u00e9, vous devrez d\u00e9montrer la pertinence de ces cours. Vous pouvez valider ces cr\u00e9dits de transfert en compl\u00e9tant une conf\u00e9rence orale avec un consultant p\u00e9dagogique couvrant les d\u00e9veloppements contemporains du sujet en question. Vous devez \u00eatre inscrit \u00e0 l&#039;Universit\u00e9 pour effectuer cette proc\u00e9dure.<\/p>\n<p style=\"text-align: justify;\"><a href=\"https:\/\/www.avrio.ch\/fr\/v23\/?attachment_id=21290\">T\u00c9L\u00c9CHARGEZ LE DOSSIER D&#039;INFORMATIONS DE VALIDATION (PDF)<\/a><\/p>","protected":false},"excerpt":{"rendered":"<p>Azteca University Own degrees Credits Transfer | Professional Certification | Master: Prior Learning Assessment | Degree Validation Doctorate: (Prior Output &amp; Achievement | Prior Learning Assessment | Publication | Thesis) | Student Info Option 1) Recognition of Transfer Credits For the learning that can be recognised by credentials and certificates of previously passed tests offer [&hellip;]<\/p>\n","protected":false},"author":1,"featured_media":0,"parent":24879,"menu_order":0,"comment_status":"closed","ping_status":"closed","template":"","meta":{"_acf_changed":false,"site-sidebar-layout":"default","site-content-layout":"","ast-site-content-layout":"default","site-content-style":"default","site-sidebar-style":"default","ast-global-header-display":"","ast-banner-title-visibility":"","ast-main-header-display":"","ast-hfb-above-header-display":"","ast-hfb-below-header-display":"","ast-hfb-mobile-header-display":"","site-post-title":"","ast-breadcrumbs-content":"","ast-featured-img":"","footer-sml-layout":"","ast-disable-related-posts":"","theme-transparent-header-meta":"default","adv-header-id-meta":"","stick-header-meta":"default","header-above-stick-meta":"","header-main-stick-meta":"","header-below-stick-meta":"","astra-migrate-meta-layouts":"set","ast-page-background-enabled":"default","ast-page-background-meta":{"desktop":{"background-color":"var(--ast-global-color-4)","background-image":"","background-repeat":"repeat","background-position":"center center","background-size":"auto","background-attachment":"scroll","background-type":"","background-media":"","overlay-type":"","overlay-color":"","overlay-opacity":"","overlay-gradient":""},"tablet":{"background-color":"","background-image":"","background-repeat":"repeat","background-position":"center center","background-size":"auto","background-attachment":"scroll","background-type":"","background-media":"","overlay-type":"","overlay-color":"","overlay-opacity":"","overlay-gradient":""},"mobile":{"background-color":"","background-image":"","background-repeat":"repeat","background-position":"center center","background-size":"auto","background-attachment":"scroll","background-type":"","background-media":"","overlay-type":"","overlay-color":"","overlay-opacity":"","overlay-gradient":""}},"ast-content-background-meta":{"desktop":{"background-color":"var(--ast-global-color-5)","background-image":"","background-repeat":"repeat","background-position":"center center","background-size":"auto","background-attachment":"scroll","background-type":"","background-media":"","overlay-type":"","overlay-color":"","overlay-opacity":"","overlay-gradient":""},"tablet":{"background-color":"var(--ast-global-color-5)","background-image":"","background-repeat":"repeat","background-position":"center center","background-size":"auto","background-attachment":"scroll","background-type":"","background-media":"","overlay-type":"","overlay-color":"","overlay-opacity":"","overlay-gradient":""},"mobile":{"background-color":"var(--ast-global-color-5)","background-image":"","background-repeat":"repeat","background-position":"center center","background-size":"auto","background-attachment":"scroll","background-type":"","background-media":"","overlay-type":"","overlay-color":"","overlay-opacity":"","overlay-gradient":""}},"footnotes":""},"class_list":["post-24892","page","type-page","status-publish","hentry"],"acf":[],"yoast_head":"<!-- This site is optimized with the Yoast SEO Premium plugin v27.4 (Yoast SEO v27.4) - https:\/\/yoast.com\/product\/yoast-seo-premium-wordpress\/ -->\n<title>Credits Transfer - Institut Avrio de Gen\u00e8ve<\/title>\n<meta name=\"description\" content=\"Azteca University Own degrees Credits Transfer | Professional Certification | Master: Prior Learning Assessment | Degree Validation Doctorate: (Prior\" \/>\n<meta name=\"robots\" content=\"index, follow, max-snippet:-1, max-image-preview:large, max-video-preview:-1\" \/>\n<link rel=\"canonical\" href=\"https:\/\/www.avrio.ch\/fr\/usc\/universite-azteque\/propres-diplomes\/transfert-de-credits\/\" \/>\n<meta property=\"og:locale\" content=\"fr_FR\" \/>\n<meta property=\"og:type\" content=\"article\" \/>\n<meta property=\"og:title\" content=\"Credits Transfer\" \/>\n<meta property=\"og:description\" content=\"Azteca University Own degrees Credits Transfer | Professional Certification | Master: Prior Learning Assessment | Degree Validation Doctorate: (Prior\" \/>\n<meta property=\"og:url\" content=\"https:\/\/www.avrio.ch\/fr\/usc\/universite-azteque\/propres-diplomes\/transfert-de-credits\/\" \/>\n<meta property=\"og:site_name\" content=\"Institut Avrio de Gen\u00e8ve\" \/>\n<meta property=\"article:publisher\" content=\"https:\/\/www.facebook.com\/institutavriodegeneve\/\" \/>\n<meta property=\"article:modified_time\" content=\"2023-08-21T09:04:21+00:00\" \/>\n<meta property=\"og:image\" content=\"https:\/\/www.avrio.ch\/v23\/wp-content\/uploads\/2020\/06\/logo-2.png\" \/>\n\t<meta property=\"og:image:width\" content=\"600\" \/>\n\t<meta property=\"og:image:height\" content=\"224\" \/>\n\t<meta property=\"og:image:type\" content=\"image\/png\" \/>\n<meta name=\"twitter:card\" content=\"summary_large_image\" \/>\n<meta name=\"twitter:site\" content=\"@AvrioDeGeneve\" \/>\n<meta name=\"twitter:label1\" content=\"Dur\u00e9e de lecture estim\u00e9e\" \/>\n\t<meta name=\"twitter:data1\" content=\"3 minutes\" \/>\n<script type=\"application\/ld+json\" class=\"yoast-schema-graph\">{\"@context\":\"https:\\\/\\\/schema.org\",\"@graph\":[{\"@type\":\"WebPage\",\"@id\":\"https:\\\/\\\/www.avrio.ch\\\/usc\\\/azteca-university\\\/own-degrees\\\/credits-transfer\\\/\",\"url\":\"https:\\\/\\\/www.avrio.ch\\\/usc\\\/azteca-university\\\/own-degrees\\\/credits-transfer\\\/\",\"name\":\"Credits Transfer - Institut Avrio de Gen\u00e8ve\",\"isPartOf\":{\"@id\":\"https:\\\/\\\/www.avrio.ch\\\/#website\"},\"datePublished\":\"2021-12-19T14:55:33+00:00\",\"dateModified\":\"2023-08-21T09:04:21+00:00\",\"description\":\"Azteca University Own degrees Credits Transfer | Professional Certification | Master: Prior Learning Assessment | Degree Validation Doctorate: (Prior\",\"breadcrumb\":{\"@id\":\"https:\\\/\\\/www.avrio.ch\\\/usc\\\/azteca-university\\\/own-degrees\\\/credits-transfer\\\/#breadcrumb\"},\"inLanguage\":\"fr-FR\",\"potentialAction\":[{\"@type\":\"ReadAction\",\"target\":[\"https:\\\/\\\/www.avrio.ch\\\/usc\\\/azteca-university\\\/own-degrees\\\/credits-transfer\\\/\"]}]},{\"@type\":\"BreadcrumbList\",\"@id\":\"https:\\\/\\\/www.avrio.ch\\\/usc\\\/azteca-university\\\/own-degrees\\\/credits-transfer\\\/#breadcrumb\",\"itemListElement\":[{\"@type\":\"ListItem\",\"position\":1,\"name\":\"Home\",\"item\":\"https:\\\/\\\/www.avrio.ch\\\/\"},{\"@type\":\"ListItem\",\"position\":2,\"name\":\"Universities Studies Center\",\"item\":\"https:\\\/\\\/www.avrio.ch\\\/usc\\\/\"},{\"@type\":\"ListItem\",\"position\":3,\"name\":\"Azteca University\",\"item\":\"https:\\\/\\\/www.avrio.ch\\\/usc\\\/azteca-university\\\/\"},{\"@type\":\"ListItem\",\"position\":4,\"name\":\"Azteca University Own degrees\",\"item\":\"https:\\\/\\\/www.avrio.ch\\\/usc\\\/azteca-university\\\/own-degrees\\\/\"},{\"@type\":\"ListItem\",\"position\":5,\"name\":\"Credits Transfer\"}]},{\"@type\":\"WebSite\",\"@id\":\"https:\\\/\\\/www.avrio.ch\\\/#website\",\"url\":\"https:\\\/\\\/www.avrio.ch\\\/\",\"name\":\"Institut Avrio de Gen\u00e8ve\",\"description\":\"Online Business Management &amp; Information Technology Institute\",\"publisher\":{\"@id\":\"https:\\\/\\\/www.avrio.ch\\\/#organization\"},\"alternateName\":\"Avrio Institute\",\"potentialAction\":[{\"@type\":\"SearchAction\",\"target\":{\"@type\":\"EntryPoint\",\"urlTemplate\":\"https:\\\/\\\/www.avrio.ch\\\/?s={search_term_string}\"},\"query-input\":{\"@type\":\"PropertyValueSpecification\",\"valueRequired\":true,\"valueName\":\"search_term_string\"}}],\"inLanguage\":\"fr-FR\"},{\"@type\":[\"Organization\",\"Place\",\"CollegeOrUniversity\"],\"@id\":\"https:\\\/\\\/www.avrio.ch\\\/#organization\",\"name\":\"Institut Avrio de Gen\u00e8ve\",\"alternateName\":\"Avrio Institute\",\"url\":\"https:\\\/\\\/www.avrio.ch\\\/\",\"logo\":{\"@id\":\"https:\\\/\\\/www.avrio.ch\\\/usc\\\/azteca-university\\\/own-degrees\\\/credits-transfer\\\/#local-main-organization-logo\"},\"image\":{\"@id\":\"https:\\\/\\\/www.avrio.ch\\\/usc\\\/azteca-university\\\/own-degrees\\\/credits-transfer\\\/#local-main-organization-logo\"},\"sameAs\":[\"https:\\\/\\\/www.facebook.com\\\/institutavriodegeneve\\\/\",\"https:\\\/\\\/x.com\\\/AvrioDeGeneve\",\"https:\\\/\\\/www.instagram.com\\\/institutavriodegeneve\\\/\",\"https:\\\/\\\/www.linkedin.com\\\/in\\\/avrio-de-geneve-024392194\\\/\",\"https:\\\/\\\/www.youtube.com\\\/channel\\\/UCPP2orNhGglhisZlldUbnkQ\"],\"address\":{\"@id\":\"https:\\\/\\\/www.avrio.ch\\\/usc\\\/azteca-university\\\/own-degrees\\\/credits-transfer\\\/#local-main-place-address\"},\"telephone\":[\"+41794642989\"],\"openingHoursSpecification\":[{\"@type\":\"OpeningHoursSpecification\",\"dayOfWeek\":[\"Sunday\",\"Wednesday\",\"Saturday\"],\"opens\":\"00:00\",\"closes\":\"00:00\"},{\"@type\":\"OpeningHoursSpecification\",\"dayOfWeek\":[\"Monday\",\"Tuesday\",\"Thursday\",\"Friday\"],\"opens\":\"09:00\",\"closes\":\"11:00\"}],\"email\":\"info@avrio.ch\"},{\"@type\":\"PostalAddress\",\"@id\":\"https:\\\/\\\/www.avrio.ch\\\/usc\\\/azteca-university\\\/own-degrees\\\/credits-transfer\\\/#local-main-place-address\",\"streetAddress\":\"Rue de la Cit\u00e9 1\",\"addressLocality\":\"Geneva\",\"postalCode\":\"1204\",\"addressRegion\":\"Geneva\",\"addressCountry\":\"CH\"},{\"@type\":\"ImageObject\",\"inLanguage\":\"fr-FR\",\"@id\":\"https:\\\/\\\/www.avrio.ch\\\/usc\\\/azteca-university\\\/own-degrees\\\/credits-transfer\\\/#local-main-organization-logo\",\"url\":\"https:\\\/\\\/www.avrio.ch\\\/v23\\\/wp-content\\\/uploads\\\/2020\\\/04\\\/logo-new-img-1.png\",\"contentUrl\":\"https:\\\/\\\/www.avrio.ch\\\/v23\\\/wp-content\\\/uploads\\\/2020\\\/04\\\/logo-new-img-1.png\",\"width\":539,\"height\":600,\"caption\":\"Institut Avrio de Gen\u00e8ve\"}]}<\/script>\n<meta name=\"geo.placename\" content=\"Geneva\" \/>\n<meta name=\"geo.region\" content=\"Suisse\" \/>\n<!-- \/ Yoast SEO Premium plugin. -->","yoast_head_json":{"title":"Transfert de cr\u00e9dits - Institut Avrio de Gen\u00e8ve","description":"Universit\u00e9 Azteca Dipl\u00f4mes propres Transfert de cr\u00e9dits | Certification professionnelle | Master : \u00c9valuation des acquis | Doctorat de validation du dipl\u00f4me\u00a0: (Avant","robots":{"index":"index","follow":"follow","max-snippet":"max-snippet:-1","max-image-preview":"max-image-preview:large","max-video-preview":"max-video-preview:-1"},"canonical":"https:\/\/www.avrio.ch\/fr\/usc\/universite-azteque\/propres-diplomes\/transfert-de-credits\/","og_locale":"fr_FR","og_type":"article","og_title":"Credits Transfer","og_description":"Azteca University Own degrees Credits Transfer | Professional Certification | Master: Prior Learning Assessment | Degree Validation Doctorate: (Prior","og_url":"https:\/\/www.avrio.ch\/fr\/usc\/universite-azteque\/propres-diplomes\/transfert-de-credits\/","og_site_name":"Institut Avrio de Gen\u00e8ve","article_publisher":"https:\/\/www.facebook.com\/institutavriodegeneve\/","article_modified_time":"2023-08-21T09:04:21+00:00","og_image":[{"width":600,"height":224,"url":"https:\/\/www.avrio.ch\/v23\/wp-content\/uploads\/2020\/06\/logo-2.png","type":"image\/png"}],"twitter_card":"summary_large_image","twitter_site":"@AvrioDeGeneve","twitter_misc":{"Dur\u00e9e de lecture estim\u00e9e":"3 minutes"},"schema":{"@context":"https:\/\/schema.org","@graph":[{"@type":"WebPage","@id":"https:\/\/www.avrio.ch\/usc\/azteca-university\/own-degrees\/credits-transfer\/","url":"https:\/\/www.avrio.ch\/usc\/azteca-university\/own-degrees\/credits-transfer\/","name":"Transfert de cr\u00e9dits - Institut Avrio de Gen\u00e8ve","isPartOf":{"@id":"https:\/\/www.avrio.ch\/#website"},"datePublished":"2021-12-19T14:55:33+00:00","dateModified":"2023-08-21T09:04:21+00:00","description":"Universit\u00e9 Azteca Dipl\u00f4mes propres Transfert de cr\u00e9dits | Certification professionnelle | Master : \u00c9valuation des acquis | Doctorat de validation du dipl\u00f4me\u00a0: (Avant","breadcrumb":{"@id":"https:\/\/www.avrio.ch\/usc\/azteca-university\/own-degrees\/credits-transfer\/#breadcrumb"},"inLanguage":"fr-FR","potentialAction":[{"@type":"ReadAction","target":["https:\/\/www.avrio.ch\/usc\/azteca-university\/own-degrees\/credits-transfer\/"]}]},{"@type":"BreadcrumbList","@id":"https:\/\/www.avrio.ch\/usc\/azteca-university\/own-degrees\/credits-transfer\/#breadcrumb","itemListElement":[{"@type":"ListItem","position":1,"name":"Home","item":"https:\/\/www.avrio.ch\/"},{"@type":"ListItem","position":2,"name":"Universities Studies Center","item":"https:\/\/www.avrio.ch\/usc\/"},{"@type":"ListItem","position":3,"name":"Azteca University","item":"https:\/\/www.avrio.ch\/usc\/azteca-university\/"},{"@type":"ListItem","position":4,"name":"Azteca University Own degrees","item":"https:\/\/www.avrio.ch\/usc\/azteca-university\/own-degrees\/"},{"@type":"ListItem","position":5,"name":"Credits Transfer"}]},{"@type":"WebSite","@id":"https:\/\/www.avrio.ch\/#website","url":"https:\/\/www.avrio.ch\/","name":"Institut Avrio de Gen\u00e8ve","description":"Institut de gestion des affaires en ligne et de technologie de l&#039;information","publisher":{"@id":"https:\/\/www.avrio.ch\/#organization"},"alternateName":"Avrio Institute","potentialAction":[{"@type":"SearchAction","target":{"@type":"EntryPoint","urlTemplate":"https:\/\/www.avrio.ch\/?s={search_term_string}"},"query-input":{"@type":"PropertyValueSpecification","valueRequired":true,"valueName":"search_term_string"}}],"inLanguage":"fr-FR"},{"@type":["Organization","Place","CollegeOrUniversity"],"@id":"https:\/\/www.avrio.ch\/#organization","name":"Institut Avrio de Gen\u00e8ve","alternateName":"Avrio Institute","url":"https:\/\/www.avrio.ch\/","logo":{"@id":"https:\/\/www.avrio.ch\/usc\/azteca-university\/own-degrees\/credits-transfer\/#local-main-organization-logo"},"image":{"@id":"https:\/\/www.avrio.ch\/usc\/azteca-university\/own-degrees\/credits-transfer\/#local-main-organization-logo"},"sameAs":["https:\/\/www.facebook.com\/institutavriodegeneve\/","https:\/\/x.com\/AvrioDeGeneve","https:\/\/www.instagram.com\/institutavriodegeneve\/","https:\/\/www.linkedin.com\/in\/avrio-de-geneve-024392194\/","https:\/\/www.youtube.com\/channel\/UCPP2orNhGglhisZlldUbnkQ"],"address":{"@id":"https:\/\/www.avrio.ch\/usc\/azteca-university\/own-degrees\/credits-transfer\/#local-main-place-address"},"telephone":["+41794642989"],"openingHoursSpecification":[{"@type":"OpeningHoursSpecification","dayOfWeek":["Sunday","Wednesday","Saturday"],"opens":"00:00","closes":"00:00"},{"@type":"OpeningHoursSpecification","dayOfWeek":["Monday","Tuesday","Thursday","Friday"],"opens":"09:00","closes":"11:00"}],"email":"info@avrio.ch"},{"@type":"PostalAddress","@id":"https:\/\/www.avrio.ch\/usc\/azteca-university\/own-degrees\/credits-transfer\/#local-main-place-address","streetAddress":"Rue de la Cit\u00e9 1","addressLocality":"Geneva","postalCode":"1204","addressRegion":"Geneva","addressCountry":"CH"},{"@type":"ImageObject","inLanguage":"fr-FR","@id":"https:\/\/www.avrio.ch\/usc\/azteca-university\/own-degrees\/credits-transfer\/#local-main-organization-logo","url":"https:\/\/www.avrio.ch\/v23\/wp-content\/uploads\/2020\/04\/logo-new-img-1.png","contentUrl":"https:\/\/www.avrio.ch\/v23\/wp-content\/uploads\/2020\/04\/logo-new-img-1.png","width":539,"height":600,"caption":"Institut Avrio de Gen\u00e8ve"}]},"geo.placename":"Geneva","geo.region":"Suisse"},"_links":{"self":[{"href":"https:\/\/www.avrio.ch\/fr\/wp-json\/wp\/v2\/pages\/24892","targetHints":{"allow":["GET"]}}],"collection":[{"href":"https:\/\/www.avrio.ch\/fr\/wp-json\/wp\/v2\/pages"}],"about":[{"href":"https:\/\/www.avrio.ch\/fr\/wp-json\/wp\/v2\/types\/page"}],"author":[{"embeddable":true,"href":"https:\/\/www.avrio.ch\/fr\/wp-json\/wp\/v2\/users\/1"}],"replies":[{"embeddable":true,"href":"https:\/\/www.avrio.ch\/fr\/wp-json\/wp\/v2\/comments?post=24892"}],"version-history":[{"count":0,"href":"https:\/\/www.avrio.ch\/fr\/wp-json\/wp\/v2\/pages\/24892\/revisions"}],"up":[{"embeddable":true,"href":"https:\/\/www.avrio.ch\/fr\/wp-json\/wp\/v2\/pages\/24879"}],"wp:attachment":[{"href":"https:\/\/www.avrio.ch\/fr\/wp-json\/wp\/v2\/media?parent=24892"}],"curies":[{"name":"wp","href":"https:\/\/api.w.org\/{rel}","templated":true}]}}