{"id":24891,"date":"2021-12-19T15:55:33","date_gmt":"2021-12-19T14:55:33","guid":{"rendered":"https:\/\/www.avrio.ch\/v23\/master-6\/"},"modified":"2023-08-21T11:05:26","modified_gmt":"2023-08-21T09:05:26","slug":"validation-du-diplome","status":"publish","type":"page","link":"https:\/\/www.avrio.ch\/fr\/usc\/azteca-university\/own-degrees\/degree-validation\/","title":{"rendered":"Validation du dipl\u00f4me"},"content":{"rendered":"<h2 style=\"text-align: center;\"><a href=\"https:\/\/www.avrio.ch\/fr\/v23\/usc\/universite-azteque\/own-degree\/\">Universit\u00e9 Azteca Poss\u00e9der des dipl\u00f4mes<\/a><\/h2>\n<p style=\"text-align: center;\"><strong><a href=\"https:\/\/www.avrio.ch\/fr\/v23\/usc\/universite-azteque\/own-degree\/transfert-de-credits\/\">Transfert de cr\u00e9dits<\/a><\/strong> | <a href=\"https:\/\/www.avrio.ch\/fr\/v23\/usc\/universite-azteque\/own-degree\/certificat-professionel\/\"><strong>certificat professionel<\/strong><\/a> | Ma\u00eetre: <strong><a href=\"https:\/\/www.avrio.ch\/fr\/v23\/usc\/universite-azteque\/own-degree\/evaluation-des-acquis\/\">\u00c9valuation des acquis<\/a><\/strong> | <strong><a href=\"https:\/\/www.avrio.ch\/fr\/v23\/usc\/universite-azteque\/own-degree\/validation-du-diplome\/\">Validation du dipl\u00f4me<\/a><\/strong><br \/>\nDoctorat\u00a0: (<a href=\"https:\/\/www.avrio.ch\/fr\/v23\/usc\/universite-azteque\/own-degree\/docteur-de-luniversite\/par-resultat-anterieur-et-par-realisation\/\"><strong>R\u00e9sultats et r\u00e9alisations ant\u00e9rieurs<\/strong><\/a> | <strong><a href=\"https:\/\/www.avrio.ch\/fr\/v23\/usc\/universite-azteque\/own-degree\/docteur-de-luniversite\/evaluation-des-acquis\/\">\u00c9valuation des acquis<\/a><\/strong> | <strong><a href=\"https:\/\/www.avrio.ch\/fr\/v23\/usc\/universite-azteque\/own-degree\/docteur-de-luniversite\/par-publication\/\">Publication<\/a><\/strong> | <strong><a href=\"https:\/\/www.avrio.ch\/fr\/v23\/usc\/universite-azteque\/own-degree\/docteur-de-luniversite\/par-these\/\">Th\u00e8se<\/a><\/strong>) | <a href=\"https:\/\/www.avrio.ch\/fr\/v23\/usc\/universite-azteque\/own-degree\/informations-sur-les-etudiants\/\">Informations sur les \u00e9tudiants<\/a><\/p>\n<h3 style=\"text-align: justify;\"><span class=\"internallink\"><strong>Option 4) Validation d&#039;un dipl\u00f4me obtenu :<\/strong><\/span><\/h3>\n<p style=\"text-align: justify;\">L&#039;Universidad Azteca propose la validation d&#039;un dipl\u00f4me d\u00e9j\u00e0 obtenu par un autre \u00e9tablissement d&#039;enseignement postsecondaire. Semblable \u00e0 la reconnaissance de <a href=\"https:\/\/www.avrio.ch\/fr\/v23\/usc\/universite-azteque\/own-degree\/transfert-de-credits\/\">transf\u00e9rer des cr\u00e9dits<\/a>.<\/p>\n<h3 style=\"text-align: justify;\">Exigences<\/h3>\n<p style=\"text-align: justify;\"><strong><span style=\"font-size: 12pt; line-height: normal;\">Le demandeur doit soumettre les documents suivants :<\/span><\/strong><\/p>\n<ul style=\"text-align: justify;\">\n<li style=\"text-align: justify;\">Formulaire de candidature avec signature<\/li>\n<li style=\"text-align: justify;\">ordre chronologique de toutes les \u00e9tudes, qualifications et dipl\u00f4mes ant\u00e9rieurs<\/li>\n<li style=\"text-align: justify;\">CV chronologique ax\u00e9 sur le parcours acad\u00e9mique et professionnel<\/li>\n<li style=\"text-align: justify;\">lettre de candidature indiquant le dipl\u00f4me, le domaine d&#039;\u00e9tudes ou la discipline ou la concentration, et les raisons de sa validation (homologation) au Doyen des Programmes Europ\u00e9ens<\/li>\n<li style=\"text-align: justify;\">copie notari\u00e9e du dipl\u00f4me objet de la demande de validation<\/li>\n<li style=\"text-align: justify;\">copie notari\u00e9e du relev\u00e9 de notes ou du suppl\u00e9ment au dipl\u00f4me<\/li>\n<li style=\"text-align: justify;\">un plan d&#039;\u00e9tudes, si disponible, pour le programme d&#039;\u00e9tudes menant \u00e0 la bourse, ou une description du programme, sa dur\u00e9e, les exigences du dipl\u00f4me et le mode d&#039;enseignement<\/li>\n<li style=\"text-align: justify;\">copie de la page du passeport avec photo et d\u00e9tails personnels<\/li>\n<li style=\"text-align: justify;\">photo de type passeport<\/li>\n<li style=\"text-align: justify;\">si le dipl\u00f4me a \u00e9t\u00e9 d\u00e9livr\u00e9 apr\u00e8s examen d&#039;une th\u00e8se, une copie de la th\u00e8se<\/li>\n<li style=\"text-align: justify;\">une liste de correspondance ou un portfolio indiquant comment et pourquoi le dipl\u00f4me obtenu est \u00e9quivalent \u00e0 tout dipl\u00f4me respectif d\u00e9cern\u00e9 par l&#039;Universidad Azteca et les exigences applicables en mati\u00e8re de dipl\u00f4me de l&#039;Universidad Azteca<\/li>\n<\/ul>\n<h3 style=\"text-align: justify;\">Crit\u00e8res<\/h3>\n<p style=\"text-align: justify;\">L&#039;institution qui d\u00e9livre le prix est l&#039;une des suivantes<\/p>\n<p style=\"text-align: justify;\">\u2013 une universit\u00e9 r\u00e9pertori\u00e9e par l\u2019AIU et reconnue au niveau national\u00a0;<\/p>\n<p style=\"text-align: justify;\">\u2013 un \u00e9tablissement d&#039;enseignement postsecondaire reconnu et accr\u00e9dit\u00e9 \u00e0 l&#039;\u00e9chelle nationale\u00a0;<\/p>\n<p style=\"text-align: justify;\">\u2013 un \u00e9tablissement d&#039;enseignement postsecondaire agr\u00e9\u00e9 ou agr\u00e9\u00e9 par l&#039;\u00c9tat et dot\u00e9 de pouvoirs de d\u00e9livrance de dipl\u00f4mes\u00a0;<\/p>\n<p style=\"text-align: justify;\">\u2013 un \u00e9tablissement d&#039;enseignement postsecondaire b\u00e9n\u00e9ficiant d&#039;une accr\u00e9ditation institutionnelle par une agence d&#039;accr\u00e9ditation reconnue ou r\u00e9pertori\u00e9e par toute autorit\u00e9 gouvernementale ou conseil charg\u00e9 de reconna\u00eetre les agences d&#039;accr\u00e9ditation, ou r\u00e9pertori\u00e9e et reconnue par le CHEA, l&#039;ENQA ou l&#039;INQAAHE ;<\/p>\n<p style=\"text-align: justify;\">\u2013 un \u00e9tablissement d&#039;enseignement postsecondaire offrant des programmes avec accr\u00e9ditation programmatique par une agence d&#039;accr\u00e9ditation reconnue ou r\u00e9pertori\u00e9e par toute autorit\u00e9 gouvernementale ou conseil charg\u00e9 de reconna\u00eetre les agences d&#039;accr\u00e9ditation, ou r\u00e9pertori\u00e9e et reconnue par le CHEA, l&#039;ENQA ou l&#039;INQAAHE ;<\/p>\n<p style=\"text-align: justify;\">ou le dipl\u00f4me soumis \u00e0 validation est<\/p>\n<p style=\"text-align: justify;\">\u2013 tout dipl\u00f4me d\u00e9livr\u00e9 qui a d\u00e9j\u00e0 \u00e9t\u00e9 \u00e9valu\u00e9 et reconnu par un service d&#039;\u00e9valuation des dipl\u00f4mes officiellement reconnu, par exemple NACES, NARIC, OFQUAL ou des organismes professionnels et r\u00e9glementaires.<\/p>\n<div class=\"modWrap\" style=\"text-align: justify;\">\n<h3 style=\"text-align: left;\">Postuler pour un dipl\u00f4me de l&#039;Universidad Azteca par validation<\/h3>\n<div class=\"modWrap\" style=\"text-align: justify;\">La validation ou la nostrification du dipl\u00f4me de l&#039;Universidad Azteca aboutit \u00e0 l&#039;attribution du dipl\u00f4me universitaire \u00e9quivalent de l&#039;Universidad Azteca au candidat sur la base de la reconnaissance du dipl\u00f4me \u00e9tranger.<\/div>\n<h3 style=\"text-align: left;\">Ma\u00eetre et Docteur<\/h3>\n<p style=\"text-align: justify;\">Les dipl\u00f4mes de ma\u00eetrise et de doctorat sont soumis \u00e0 la validation de l&#039;Universidad Azteca dans les domaines d&#039;\u00e9tudes\u00a0:<\/p>\n<ul>\n<li style=\"text-align: justify;\">Administration et gestion d&#039;entreprise<\/li>\n<li style=\"text-align: justify;\">Commerce international<\/li>\n<li style=\"text-align: justify;\">Relations internationales<\/li>\n<li style=\"text-align: justify;\">Loi<\/li>\n<li style=\"text-align: justify;\">Psychologie<\/li>\n<li style=\"text-align: justify;\">Sciences de l&#039;environnement et gestion de l&#039;environnement<\/li>\n<li style=\"text-align: justify;\">Sciences de la sant\u00e9<\/li>\n<li style=\"text-align: justify;\">Sant\u00e9 publique<\/li>\n<li style=\"text-align: justify;\">Administration publique<\/li>\n<li style=\"text-align: justify;\">Sciences sociales et politiques<\/li>\n<li style=\"text-align: justify;\">\u00c9ducation<\/li>\n<li style=\"text-align: justify;\">Informatique<\/li>\n<\/ul>\n<\/div>\n<h3 style=\"text-align: justify;\"><strong>Frais<\/strong><\/h3>\n<p style=\"text-align: justify;\">S&#039;il vous pla\u00eet, consultez les informations du site Web sur les informations actuelles <a href=\"https:\/\/www.avrio.ch\/fr\/v23\/usc\/frais\/\">frais<\/a>.<\/p>\n<h3 style=\"text-align: justify;\">Validation d&#039;un dipl\u00f4me obtenu ant\u00e9rieurement<\/h3>\n<h3 style=\"text-align: justify;\">Processus de validation<\/h3>\n<p style=\"text-align: justify;\">Veuillez ne pas nous envoyer de documents non sollicit\u00e9s, suivez les instructions de candidature ci-dessous<\/p>\n<p style=\"text-align: justify;\">\u2013 Contactez-nous d\u2019abord pour conna\u00eetre votre \u00e9ligibilit\u00e9. Veuillez nommer le dipl\u00f4me que vous souhaitez valider et l&#039;\u00e9tablissement qui le d\u00e9livre.<\/p>\n<p style=\"text-align: justify;\">\u2013 Une fois que nous aurons pr\u00e9-\u00e9valu\u00e9 et jug\u00e9 votre \u00e9ligibilit\u00e9, nous vous enverrons le formulaire de candidature et les instructions.<\/p>\n<p style=\"text-align: justify;\">\u2013 Vous soumettez les formulaires de candidature et la documentation requise<\/p>\n<p style=\"text-align: justify;\">\u2013 Apr\u00e8s paiement des frais de dossier, nous d\u00e9ciderons si vous \u00eates \u00e9ligible ou non \u00e0 la validation.<\/p>\n<p style=\"text-align: justify;\">\u2013 Une fois que vous \u00eates \u00e9ligible, vous recevrez un rapport d\u2019\u00e9valuation d\u2019admission et la facture des frais de validation du dipl\u00f4me concern\u00e9.<\/p>\n<p style=\"text-align: justify;\">\u2013 Apr\u00e8s paiement des frais de validation, la Commission d\u2019examen statuera sur l\u2019attribution du dipl\u00f4me par validation.<\/p>\n<p style=\"text-align: justify;\">\u2013 Le dipl\u00f4me sera d\u00e9livr\u00e9 dans les 60 jours suivant la d\u00e9cision<\/p>\n<p style=\"text-align: justify;\">\u2013 Le dipl\u00f4me sera notari\u00e9<\/p>\n<p style=\"text-align: justify;\">\u2013 Le dipl\u00f4me sera envoy\u00e9 au candidat par courrier a\u00e9rien recommand\u00e9<\/p>\n<p style=\"text-align: justify;\"><a href=\"https:\/\/www.avrio.ch\/fr\/v23\/?attachment_id=21290\">T\u00c9L\u00c9CHARGEZ LE DOSSIER D&#039;INFORMATIONS DE VALIDATION (PDF)<\/a><\/p>","protected":false},"excerpt":{"rendered":"<p>Azteca University Own degrees Credits Transfer | Professional Certification | Master: Prior Learning Assessment | Degree Validation Doctorate: (Prior Output &amp; Achievement | Prior Learning Assessment | Publication | Thesis) | Student Info Option 4) Validation of a degree earned: Universidad Azteca offers validation of a degree already earned by another institution of postsecondary education. [&hellip;]<\/p>\n","protected":false},"author":1,"featured_media":0,"parent":24879,"menu_order":0,"comment_status":"closed","ping_status":"closed","template":"","meta":{"_acf_changed":false,"site-sidebar-layout":"default","site-content-layout":"","ast-site-content-layout":"default","site-content-style":"default","site-sidebar-style":"default","ast-global-header-display":"","ast-banner-title-visibility":"","ast-main-header-display":"","ast-hfb-above-header-display":"","ast-hfb-below-header-display":"","ast-hfb-mobile-header-display":"","site-post-title":"","ast-breadcrumbs-content":"","ast-featured-img":"","footer-sml-layout":"","ast-disable-related-posts":"","theme-transparent-header-meta":"default","adv-header-id-meta":"","stick-header-meta":"default","header-above-stick-meta":"","header-main-stick-meta":"","header-below-stick-meta":"","astra-migrate-meta-layouts":"set","ast-page-background-enabled":"default","ast-page-background-meta":{"desktop":{"background-color":"var(--ast-global-color-4)","background-image":"","background-repeat":"repeat","background-position":"center center","background-size":"auto","background-attachment":"scroll","background-type":"","background-media":"","overlay-type":"","overlay-color":"","overlay-opacity":"","overlay-gradient":""},"tablet":{"background-color":"","background-image":"","background-repeat":"repeat","background-position":"center center","background-size":"auto","background-attachment":"scroll","background-type":"","background-media":"","overlay-type":"","overlay-color":"","overlay-opacity":"","overlay-gradient":""},"mobile":{"background-color":"","background-image":"","background-repeat":"repeat","background-position":"center center","background-size":"auto","background-attachment":"scroll","background-type":"","background-media":"","overlay-type":"","overlay-color":"","overlay-opacity":"","overlay-gradient":""}},"ast-content-background-meta":{"desktop":{"background-color":"var(--ast-global-color-5)","background-image":"","background-repeat":"repeat","background-position":"center center","background-size":"auto","background-attachment":"scroll","background-type":"","background-media":"","overlay-type":"","overlay-color":"","overlay-opacity":"","overlay-gradient":""},"tablet":{"background-color":"var(--ast-global-color-5)","background-image":"","background-repeat":"repeat","background-position":"center center","background-size":"auto","background-attachment":"scroll","background-type":"","background-media":"","overlay-type":"","overlay-color":"","overlay-opacity":"","overlay-gradient":""},"mobile":{"background-color":"var(--ast-global-color-5)","background-image":"","background-repeat":"repeat","background-position":"center center","background-size":"auto","background-attachment":"scroll","background-type":"","background-media":"","overlay-type":"","overlay-color":"","overlay-opacity":"","overlay-gradient":""}},"footnotes":""},"class_list":["post-24891","page","type-page","status-publish","hentry"],"acf":[],"yoast_head":"<!-- This site is optimized with the Yoast SEO Premium plugin v27.2 (Yoast SEO v27.2) - https:\/\/yoast.com\/product\/yoast-seo-premium-wordpress\/ -->\n<title>Degree Validation - Institut Avrio de Gen\u00e8ve<\/title>\n<meta name=\"description\" content=\"Azteca University Own degrees Credits Transfer | Professional Certification | Master: Prior Learning Assessment | Degree Validation Doctorate: (Prior\" \/>\n<meta name=\"robots\" content=\"index, follow, max-snippet:-1, max-image-preview:large, max-video-preview:-1\" \/>\n<link rel=\"canonical\" href=\"https:\/\/www.avrio.ch\/fr\/usc\/universite-azteque\/propres-diplomes\/validation-du-diplome\/\" \/>\n<meta property=\"og:locale\" content=\"fr_FR\" \/>\n<meta property=\"og:type\" content=\"article\" \/>\n<meta property=\"og:title\" content=\"Degree Validation\" \/>\n<meta property=\"og:description\" content=\"Azteca University Own degrees Credits Transfer | Professional Certification | Master: Prior Learning Assessment | Degree Validation Doctorate: (Prior\" \/>\n<meta property=\"og:url\" content=\"https:\/\/www.avrio.ch\/fr\/usc\/universite-azteque\/propres-diplomes\/validation-du-diplome\/\" \/>\n<meta property=\"og:site_name\" content=\"Institut Avrio de Gen\u00e8ve\" \/>\n<meta property=\"article:publisher\" content=\"https:\/\/www.facebook.com\/institutavriodegeneve\/\" \/>\n<meta property=\"article:modified_time\" content=\"2023-08-21T09:05:26+00:00\" \/>\n<meta property=\"og:image\" content=\"https:\/\/www.avrio.ch\/v23\/wp-content\/uploads\/2020\/06\/logo-2.png\" \/>\n\t<meta property=\"og:image:width\" content=\"600\" \/>\n\t<meta property=\"og:image:height\" content=\"224\" \/>\n\t<meta property=\"og:image:type\" content=\"image\/png\" \/>\n<meta name=\"twitter:card\" content=\"summary_large_image\" \/>\n<meta name=\"twitter:site\" content=\"@AvrioDeGeneve\" \/>\n<meta name=\"twitter:label1\" content=\"Dur\u00e9e de lecture estim\u00e9e\" \/>\n\t<meta name=\"twitter:data1\" content=\"3 minutes\" \/>\n<script type=\"application\/ld+json\" class=\"yoast-schema-graph\">{\"@context\":\"https:\/\/schema.org\",\"@graph\":[{\"@type\":\"WebPage\",\"@id\":\"https:\/\/www.avrio.ch\/usc\/azteca-university\/own-degrees\/degree-validation\/\",\"url\":\"https:\/\/www.avrio.ch\/usc\/azteca-university\/own-degrees\/degree-validation\/\",\"name\":\"Degree Validation - Institut Avrio de Gen\u00e8ve\",\"isPartOf\":{\"@id\":\"https:\/\/www.avrio.ch\/#website\"},\"datePublished\":\"2021-12-19T14:55:33+00:00\",\"dateModified\":\"2023-08-21T09:05:26+00:00\",\"description\":\"Azteca University Own degrees Credits Transfer | Professional Certification | Master: Prior Learning Assessment | Degree Validation Doctorate: (Prior\",\"breadcrumb\":{\"@id\":\"https:\/\/www.avrio.ch\/usc\/azteca-university\/own-degrees\/degree-validation\/#breadcrumb\"},\"inLanguage\":\"fr-FR\",\"potentialAction\":[{\"@type\":\"ReadAction\",\"target\":[\"https:\/\/www.avrio.ch\/usc\/azteca-university\/own-degrees\/degree-validation\/\"]}]},{\"@type\":\"BreadcrumbList\",\"@id\":\"https:\/\/www.avrio.ch\/usc\/azteca-university\/own-degrees\/degree-validation\/#breadcrumb\",\"itemListElement\":[{\"@type\":\"ListItem\",\"position\":1,\"name\":\"Home\",\"item\":\"https:\/\/www.avrio.ch\/\"},{\"@type\":\"ListItem\",\"position\":2,\"name\":\"Universities Studies Center\",\"item\":\"https:\/\/www.avrio.ch\/usc\/\"},{\"@type\":\"ListItem\",\"position\":3,\"name\":\"Azteca University\",\"item\":\"https:\/\/www.avrio.ch\/usc\/azteca-university\/\"},{\"@type\":\"ListItem\",\"position\":4,\"name\":\"Azteca University Own degrees\",\"item\":\"https:\/\/www.avrio.ch\/usc\/azteca-university\/own-degrees\/\"},{\"@type\":\"ListItem\",\"position\":5,\"name\":\"Degree Validation\"}]},{\"@type\":\"WebSite\",\"@id\":\"https:\/\/www.avrio.ch\/#website\",\"url\":\"https:\/\/www.avrio.ch\/\",\"name\":\"Institut Avrio de Gen\u00e8ve\",\"description\":\"Online Business Management &amp; Information Technology Institute\",\"publisher\":{\"@id\":\"https:\/\/www.avrio.ch\/#organization\"},\"alternateName\":\"Avrio Institute\",\"potentialAction\":[{\"@type\":\"SearchAction\",\"target\":{\"@type\":\"EntryPoint\",\"urlTemplate\":\"https:\/\/www.avrio.ch\/?s={search_term_string}\"},\"query-input\":{\"@type\":\"PropertyValueSpecification\",\"valueRequired\":true,\"valueName\":\"search_term_string\"}}],\"inLanguage\":\"fr-FR\"},{\"@type\":[\"Organization\",\"Place\",\"CollegeOrUniversity\"],\"@id\":\"https:\/\/www.avrio.ch\/#organization\",\"name\":\"Institut Avrio de Gen\u00e8ve\",\"alternateName\":\"Avrio Institute\",\"url\":\"https:\/\/www.avrio.ch\/\",\"logo\":{\"@id\":\"https:\/\/www.avrio.ch\/usc\/azteca-university\/own-degrees\/degree-validation\/#local-main-organization-logo\"},\"image\":{\"@id\":\"https:\/\/www.avrio.ch\/usc\/azteca-university\/own-degrees\/degree-validation\/#local-main-organization-logo\"},\"sameAs\":[\"https:\/\/www.facebook.com\/institutavriodegeneve\/\",\"https:\/\/x.com\/AvrioDeGeneve\",\"https:\/\/www.instagram.com\/institutavriodegeneve\/\",\"https:\/\/www.linkedin.com\/in\/avrio-de-geneve-024392194\/\",\"https:\/\/www.youtube.com\/channel\/UCPP2orNhGglhisZlldUbnkQ\"],\"address\":{\"@id\":\"https:\/\/www.avrio.ch\/usc\/azteca-university\/own-degrees\/degree-validation\/#local-main-place-address\"},\"telephone\":[\"+41794642989\"],\"openingHoursSpecification\":[{\"@type\":\"OpeningHoursSpecification\",\"dayOfWeek\":[\"Sunday\",\"Wednesday\",\"Saturday\"],\"opens\":\"00:00\",\"closes\":\"00:00\"},{\"@type\":\"OpeningHoursSpecification\",\"dayOfWeek\":[\"Monday\",\"Tuesday\",\"Thursday\",\"Friday\"],\"opens\":\"09:00\",\"closes\":\"11:00\"}],\"email\":\"info@avrio.ch\"},{\"@type\":\"PostalAddress\",\"@id\":\"https:\/\/www.avrio.ch\/usc\/azteca-university\/own-degrees\/degree-validation\/#local-main-place-address\",\"streetAddress\":\"Rue de la Cit\u00e9 1\",\"addressLocality\":\"Geneva\",\"postalCode\":\"1204\",\"addressRegion\":\"Geneva\",\"addressCountry\":\"CH\"},{\"@type\":\"ImageObject\",\"inLanguage\":\"fr-FR\",\"@id\":\"https:\/\/www.avrio.ch\/usc\/azteca-university\/own-degrees\/degree-validation\/#local-main-organization-logo\",\"url\":\"https:\/\/www.avrio.ch\/v23\/wp-content\/uploads\/2020\/04\/logo-new-img-1.png\",\"contentUrl\":\"https:\/\/www.avrio.ch\/v23\/wp-content\/uploads\/2020\/04\/logo-new-img-1.png\",\"width\":539,\"height\":600,\"caption\":\"Institut Avrio de Gen\u00e8ve\"}]}<\/script>\n<meta name=\"geo.placename\" content=\"Geneva\" \/>\n<meta name=\"geo.region\" content=\"Suisse\" \/>\n<!-- \/ Yoast SEO Premium plugin. -->","yoast_head_json":{"title":"Validation du dipl\u00f4me - Institut Avrio de Gen\u00e8ve","description":"Universit\u00e9 Azteca Dipl\u00f4mes propres Transfert de cr\u00e9dits | Certification professionnelle | Master : \u00c9valuation des acquis | Doctorat de validation du dipl\u00f4me\u00a0: (Avant","robots":{"index":"index","follow":"follow","max-snippet":"max-snippet:-1","max-image-preview":"max-image-preview:large","max-video-preview":"max-video-preview:-1"},"canonical":"https:\/\/www.avrio.ch\/fr\/usc\/universite-azteque\/propres-diplomes\/validation-du-diplome\/","og_locale":"fr_FR","og_type":"article","og_title":"Degree Validation","og_description":"Azteca University Own degrees Credits Transfer | Professional Certification | Master: Prior Learning Assessment | Degree Validation Doctorate: (Prior","og_url":"https:\/\/www.avrio.ch\/fr\/usc\/universite-azteque\/propres-diplomes\/validation-du-diplome\/","og_site_name":"Institut Avrio de Gen\u00e8ve","article_publisher":"https:\/\/www.facebook.com\/institutavriodegeneve\/","article_modified_time":"2023-08-21T09:05:26+00:00","og_image":[{"width":600,"height":224,"url":"https:\/\/www.avrio.ch\/v23\/wp-content\/uploads\/2020\/06\/logo-2.png","type":"image\/png"}],"twitter_card":"summary_large_image","twitter_site":"@AvrioDeGeneve","twitter_misc":{"Dur\u00e9e de lecture estim\u00e9e":"3 minutes"},"schema":{"@context":"https:\/\/schema.org","@graph":[{"@type":"WebPage","@id":"https:\/\/www.avrio.ch\/usc\/azteca-university\/own-degrees\/degree-validation\/","url":"https:\/\/www.avrio.ch\/usc\/azteca-university\/own-degrees\/degree-validation\/","name":"Validation du dipl\u00f4me - Institut Avrio de Gen\u00e8ve","isPartOf":{"@id":"https:\/\/www.avrio.ch\/#website"},"datePublished":"2021-12-19T14:55:33+00:00","dateModified":"2023-08-21T09:05:26+00:00","description":"Universit\u00e9 Azteca Dipl\u00f4mes propres Transfert de cr\u00e9dits | Certification professionnelle | Master : \u00c9valuation des acquis | Doctorat de validation du dipl\u00f4me\u00a0: (Avant","breadcrumb":{"@id":"https:\/\/www.avrio.ch\/usc\/azteca-university\/own-degrees\/degree-validation\/#breadcrumb"},"inLanguage":"fr-FR","potentialAction":[{"@type":"ReadAction","target":["https:\/\/www.avrio.ch\/usc\/azteca-university\/own-degrees\/degree-validation\/"]}]},{"@type":"BreadcrumbList","@id":"https:\/\/www.avrio.ch\/usc\/azteca-university\/own-degrees\/degree-validation\/#breadcrumb","itemListElement":[{"@type":"ListItem","position":1,"name":"Home","item":"https:\/\/www.avrio.ch\/"},{"@type":"ListItem","position":2,"name":"Universities Studies Center","item":"https:\/\/www.avrio.ch\/usc\/"},{"@type":"ListItem","position":3,"name":"Azteca University","item":"https:\/\/www.avrio.ch\/usc\/azteca-university\/"},{"@type":"ListItem","position":4,"name":"Azteca University Own degrees","item":"https:\/\/www.avrio.ch\/usc\/azteca-university\/own-degrees\/"},{"@type":"ListItem","position":5,"name":"Degree Validation"}]},{"@type":"WebSite","@id":"https:\/\/www.avrio.ch\/#website","url":"https:\/\/www.avrio.ch\/","name":"Institut Avrio de Gen\u00e8ve","description":"Institut de gestion des affaires en ligne et de technologie de l&#039;information","publisher":{"@id":"https:\/\/www.avrio.ch\/#organization"},"alternateName":"Avrio Institute","potentialAction":[{"@type":"SearchAction","target":{"@type":"EntryPoint","urlTemplate":"https:\/\/www.avrio.ch\/?s={search_term_string}"},"query-input":{"@type":"PropertyValueSpecification","valueRequired":true,"valueName":"search_term_string"}}],"inLanguage":"fr-FR"},{"@type":["Organization","Place","CollegeOrUniversity"],"@id":"https:\/\/www.avrio.ch\/#organization","name":"Institut Avrio de Gen\u00e8ve","alternateName":"Avrio Institute","url":"https:\/\/www.avrio.ch\/","logo":{"@id":"https:\/\/www.avrio.ch\/usc\/azteca-university\/own-degrees\/degree-validation\/#local-main-organization-logo"},"image":{"@id":"https:\/\/www.avrio.ch\/usc\/azteca-university\/own-degrees\/degree-validation\/#local-main-organization-logo"},"sameAs":["https:\/\/www.facebook.com\/institutavriodegeneve\/","https:\/\/x.com\/AvrioDeGeneve","https:\/\/www.instagram.com\/institutavriodegeneve\/","https:\/\/www.linkedin.com\/in\/avrio-de-geneve-024392194\/","https:\/\/www.youtube.com\/channel\/UCPP2orNhGglhisZlldUbnkQ"],"address":{"@id":"https:\/\/www.avrio.ch\/usc\/azteca-university\/own-degrees\/degree-validation\/#local-main-place-address"},"telephone":["+41794642989"],"openingHoursSpecification":[{"@type":"OpeningHoursSpecification","dayOfWeek":["Sunday","Wednesday","Saturday"],"opens":"00:00","closes":"00:00"},{"@type":"OpeningHoursSpecification","dayOfWeek":["Monday","Tuesday","Thursday","Friday"],"opens":"09:00","closes":"11:00"}],"email":"info@avrio.ch"},{"@type":"PostalAddress","@id":"https:\/\/www.avrio.ch\/usc\/azteca-university\/own-degrees\/degree-validation\/#local-main-place-address","streetAddress":"Rue de la Cit\u00e9 1","addressLocality":"Geneva","postalCode":"1204","addressRegion":"Geneva","addressCountry":"CH"},{"@type":"ImageObject","inLanguage":"fr-FR","@id":"https:\/\/www.avrio.ch\/usc\/azteca-university\/own-degrees\/degree-validation\/#local-main-organization-logo","url":"https:\/\/www.avrio.ch\/v23\/wp-content\/uploads\/2020\/04\/logo-new-img-1.png","contentUrl":"https:\/\/www.avrio.ch\/v23\/wp-content\/uploads\/2020\/04\/logo-new-img-1.png","width":539,"height":600,"caption":"Institut Avrio de Gen\u00e8ve"}]},"geo.placename":"Geneva","geo.region":"Suisse"},"_links":{"self":[{"href":"https:\/\/www.avrio.ch\/fr\/wp-json\/wp\/v2\/pages\/24891","targetHints":{"allow":["GET"]}}],"collection":[{"href":"https:\/\/www.avrio.ch\/fr\/wp-json\/wp\/v2\/pages"}],"about":[{"href":"https:\/\/www.avrio.ch\/fr\/wp-json\/wp\/v2\/types\/page"}],"author":[{"embeddable":true,"href":"https:\/\/www.avrio.ch\/fr\/wp-json\/wp\/v2\/users\/1"}],"replies":[{"embeddable":true,"href":"https:\/\/www.avrio.ch\/fr\/wp-json\/wp\/v2\/comments?post=24891"}],"version-history":[{"count":0,"href":"https:\/\/www.avrio.ch\/fr\/wp-json\/wp\/v2\/pages\/24891\/revisions"}],"up":[{"embeddable":true,"href":"https:\/\/www.avrio.ch\/fr\/wp-json\/wp\/v2\/pages\/24879"}],"wp:attachment":[{"href":"https:\/\/www.avrio.ch\/fr\/wp-json\/wp\/v2\/media?parent=24891"}],"curies":[{"name":"wp","href":"https:\/\/api.w.org\/{rel}","templated":true}]}}