{"id":24866,"date":"2021-12-17T19:10:58","date_gmt":"2021-12-17T18:10:58","guid":{"rendered":"https:\/\/www.avrio.ch\/v23\/doctor-of-the-university-in-legal-studies-lld\/"},"modified":"2023-08-21T12:50:28","modified_gmt":"2023-08-21T10:50:28","slug":"docteur-de-luniversite-en-etudes-juridiques-lld","status":"publish","type":"page","link":"https:\/\/www.avrio.ch\/fr\/usc\/azteca-university\/doctor-of-the-university-in-legal-studies-lld\/","title":{"rendered":"Dr Univ. en \u00e9tudes juridiques (LLD)"},"content":{"rendered":"<h3 style=\"text-align: center;\">DOCTORAT EN \u00c9TUDES JURIDIQUES<\/h3>\n<h3 style=\"text-align: center;\">Docteur Universitaire en Derecho (Dr.Univ.)<\/h3>\n<h3 style=\"text-align: center;\">Docteur de l&#039;Universit\u00e9 en Droit (LLD)<\/h3>\n<h3>TYPE ET CHARGE DE TRAVAIL DU PROGRAMME<\/h3>\n<p><strong>TAPER<\/strong>: Prix interne de l&#039;Universit\u00e9 Azteca, programme propre \u00e0 l&#039;universit\u00e9 selon. Art. 59 Loi g\u00e9n\u00e9rale de l&#039;\u00e9ducation.<\/p>\n<p><strong>NIVEAU<\/strong>: Troisi\u00e8me cycle, niveau 8 MMC propre prix universitaire.<\/p>\n<p><strong>CHARGE DE TRAVAIL<\/strong>: 180 ECTS<\/p>\n<h3>PRIX UNIVERSIT\u00c9 ET GROUPE CIBLE<\/h3>\n<p><strong>UNIVERSIT\u00c9 R\u00c9COMPENS\u00c9E\u00a0:<\/strong> Universit\u00e9 Azteca, Chalco, Mexique.<\/p>\n<p><strong>D\u00c9PARTEMENT UNIVERSITAIRE EN EUROPE\u00a0:<\/strong> Programmes europ\u00e9ens de l\u2019Universit\u00e9 Azteca. <div class=\"su-pullquote su-pullquote-align-right\">En savoir plus sur le <a href=\"https:\/\/avrio.edu.eu\/usc\/azteca-university\/own-degree\/doctor-of-the-university\/\">Docteur de l&#039;Universit\u00e9<\/a><\/div>\n<p><strong>GROUPE CIBL\u00c9<\/strong>: Doctorants int\u00e9ress\u00e9s par des \u00e9tudes doctorales dans l&#039;une des disciplines propos\u00e9es par l&#039;Universidad Azteca poursuivant la r\u00e9alisation du programme de doctorat par th\u00e8se<br \/>\n\/ examen de doctorat.<\/p>\n<p><strong>SP\u00c9CIALISATION:<\/strong> L&#039;Universidad Azteca \u00e9tudie au niveau 8 MMC (EQF)<\/p>\n<p><strong>DISCIPLINES<\/strong>: Disciplines propos\u00e9es par l&#039;Universidad Azteca.<\/p>\n<p><strong>LANGUE D&#039;\u00c9TUDE\u00a0:<\/strong> Anglais, allemand, espagnol<\/p>\n<p><strong>CONDITION D&#039;ADMISSION\u00a0:<\/strong> Master ou dipl\u00f4me \u00e9quivalent et cours ou qualifications de troisi\u00e8me cycle pour le transfert de cr\u00e9dits au programme ou \u00e0 l&#039;exp\u00e9rience de recherche.<\/p>\n<h3>\u00c9quipe de modalit\u00e9s et de cours<\/h3>\n<p><strong>MODALIT\u00c9:<\/strong> Modalit\u00e9 d\u2019apprentissage en ligne et d\u2019enseignement \u00e0 distance.<\/p>\n<p><strong>\u00c9QUIPE DE COURS\u00a0:<\/strong> Professeur Dr Gerhard Berchtold, Professeur Dr Friedrich Luhan, Professeur Dr Ricardo Saavedra Hidalgo, Professeur Dr Felipe Fern\u00e1ndez Rivadulla, Professeur Dr Endler.<\/p>\n<h3>Plan d&#039;\u00e9tude<\/h3>\n<table border=\"1\">\n<tbody>\n<tr>\n<td bgcolor=\"#C0C0C0\"><b>Cr\u00e9dits de transfert \u2013 Cours au choix<\/b><\/td>\n<td bgcolor=\"#C0C0C0\"><b>Mode d&#039;essai<\/b><\/td>\n<td bgcolor=\"#C0C0C0\"><b>ECTS<\/b><\/td>\n<\/tr>\n<tr>\n<td>Transfert depuis le programme doctoral MPhil\/niveau 8 EQF<\/td>\n<td>Transfert de cr\u00e9dits<\/td>\n<td>42<\/td>\n<\/tr>\n<tr>\n<td bgcolor=\"#C0C0C0\"><b>Module scientifique obligatoire <\/b><\/td>\n<td bgcolor=\"#C0C0C0\"><b>Mode d&#039;essai<\/b><\/td>\n<td bgcolor=\"#C0C0C0\"><b>ECTS<\/b><\/td>\n<\/tr>\n<tr>\n<td>Projet de recherche<\/td>\n<td>Pr\u00e9sentation<\/td>\n<td>18<\/td>\n<\/tr>\n<tr>\n<td bgcolor=\"#C0C0C0\"><b>Th\u00e8se \/ Examen Rigorosum <\/b><\/td>\n<td bgcolor=\"#C0C0C0\"><b>Mode d&#039;essai<\/b><\/td>\n<td bgcolor=\"#C0C0C0\"><b>ECTS<\/b><\/td>\n<\/tr>\n<tr>\n<td>Th\u00e8se dans la sp\u00e9cialisation disciplinaire<\/td>\n<td>Pr\u00e9sentation et soutenance \u00e9crite de la th\u00e8se<\/td>\n<td>60<\/td>\n<\/tr>\n<tr>\n<td bgcolor=\"#C0C0C0\"><b>CHARGE DE TRAVAIL<\/b><\/td>\n<td bgcolor=\"#C0C0C0\"><b>Mode d&#039;essai<\/b><\/td>\n<td bgcolor=\"#C0C0C0\"><b>ECTS<\/b><\/td>\n<\/tr>\n<tr>\n<td>ECTS<\/td>\n<td>D\u00e9fense \/ Rigorosum<\/td>\n<td>120<\/td>\n<\/tr>\n<\/tbody>\n<\/table>\n<h3 style=\"text-align: center;\">Qualification\u00a0: niveau 8 du cadre mexicain de certifications MMC<\/h3>\n<p><a href=\"https:\/\/avrio.edu.eu\/new\/wp-content\/uploads\/2021\/12\/Mexican-Qualifications-Framework.jpg\"><img fetchpriority=\"high\" decoding=\"async\" class=\"size-medium wp-image-20935 aligncenter\" src=\"https:\/\/www.avrio.ch\/v23\/wp-content\/uploads\/2023\/08\/Mexican-Qualifications-Framework-298x300-1.jpg\" alt=\"Cadre mexicain des certifications\" width=\"298\" height=\"300\" \/><\/a><\/p>","protected":false},"excerpt":{"rendered":"<p>DOCTORATE IN LEGAL STUDIES Doctor Universitario en Derecho (Dr.Univ.) Doctor of the University in Law (LLD) TYPE AND WORKLOAD OF PROGRAMME TYPE: Universidad Azteca internal award, university own programme acc. Art. 59 General Law of Education. LEVEL: Third cycle, level 8 MMC university own award. WORKLOAD: 180 ECTS AWARDING UNIVERSITY AND TARGET GROUP AWARDING UNIVERSITY: [&hellip;]<\/p>\n","protected":false},"author":1,"featured_media":24855,"parent":24845,"menu_order":0,"comment_status":"closed","ping_status":"closed","template":"","meta":{"_acf_changed":false,"site-sidebar-layout":"default","site-content-layout":"","ast-site-content-layout":"default","site-content-style":"default","site-sidebar-style":"default","ast-global-header-display":"","ast-banner-title-visibility":"","ast-main-header-display":"","ast-hfb-above-header-display":"","ast-hfb-below-header-display":"","ast-hfb-mobile-header-display":"","site-post-title":"","ast-breadcrumbs-content":"","ast-featured-img":"","footer-sml-layout":"","ast-disable-related-posts":"","theme-transparent-header-meta":"","adv-header-id-meta":"","stick-header-meta":"","header-above-stick-meta":"","header-main-stick-meta":"","header-below-stick-meta":"","astra-migrate-meta-layouts":"default","ast-page-background-enabled":"default","ast-page-background-meta":{"desktop":{"background-color":"var(--ast-global-color-4)","background-image":"","background-repeat":"repeat","background-position":"center center","background-size":"auto","background-attachment":"scroll","background-type":"","background-media":"","overlay-type":"","overlay-color":"","overlay-opacity":"","overlay-gradient":""},"tablet":{"background-color":"","background-image":"","background-repeat":"repeat","background-position":"center center","background-size":"auto","background-attachment":"scroll","background-type":"","background-media":"","overlay-type":"","overlay-color":"","overlay-opacity":"","overlay-gradient":""},"mobile":{"background-color":"","background-image":"","background-repeat":"repeat","background-position":"center center","background-size":"auto","background-attachment":"scroll","background-type":"","background-media":"","overlay-type":"","overlay-color":"","overlay-opacity":"","overlay-gradient":""}},"ast-content-background-meta":{"desktop":{"background-color":"var(--ast-global-color-5)","background-image":"","background-repeat":"repeat","background-position":"center center","background-size":"auto","background-attachment":"scroll","background-type":"","background-media":"","overlay-type":"","overlay-color":"","overlay-opacity":"","overlay-gradient":""},"tablet":{"background-color":"var(--ast-global-color-5)","background-image":"","background-repeat":"repeat","background-position":"center center","background-size":"auto","background-attachment":"scroll","background-type":"","background-media":"","overlay-type":"","overlay-color":"","overlay-opacity":"","overlay-gradient":""},"mobile":{"background-color":"var(--ast-global-color-5)","background-image":"","background-repeat":"repeat","background-position":"center center","background-size":"auto","background-attachment":"scroll","background-type":"","background-media":"","overlay-type":"","overlay-color":"","overlay-opacity":"","overlay-gradient":""}},"footnotes":""},"class_list":["post-24866","page","type-page","status-publish","has-post-thumbnail","hentry"],"acf":[],"yoast_head":"<!-- This site is optimized with the Yoast SEO Premium plugin v27.4 (Yoast SEO v27.4) - https:\/\/yoast.com\/product\/yoast-seo-premium-wordpress\/ -->\n<title>Dr. Univ. in Legal Studies (LLD) - Institut Avrio de Gen\u00e8ve<\/title>\n<meta name=\"description\" content=\"DOCTORATE IN LEGAL STUDIES Doctor Universitario en Derecho (Dr.Univ.) Doctor of the University in Law (LLD) TYPE AND WORKLOAD OF PROGRAMME TYPE:\" \/>\n<meta name=\"robots\" content=\"index, follow, max-snippet:-1, max-image-preview:large, max-video-preview:-1\" \/>\n<link rel=\"canonical\" href=\"https:\/\/www.avrio.ch\/fr\/usc\/universite-azteque\/docteur-de-luniversite-en-etudes-juridiques-lld\/\" \/>\n<meta property=\"og:locale\" content=\"fr_FR\" \/>\n<meta property=\"og:type\" content=\"article\" \/>\n<meta property=\"og:title\" content=\"Dr. Univ. in Legal Studies (LLD)\" \/>\n<meta property=\"og:description\" content=\"DOCTORATE IN LEGAL STUDIES Doctor Universitario en Derecho (Dr.Univ.) Doctor of the University in Law (LLD) TYPE AND WORKLOAD OF PROGRAMME TYPE:\" \/>\n<meta property=\"og:url\" content=\"https:\/\/www.avrio.ch\/fr\/usc\/universite-azteque\/docteur-de-luniversite-en-etudes-juridiques-lld\/\" \/>\n<meta property=\"og:site_name\" content=\"Institut Avrio de Gen\u00e8ve\" \/>\n<meta property=\"article:publisher\" content=\"https:\/\/www.facebook.com\/institutavriodegeneve\/\" \/>\n<meta property=\"article:modified_time\" content=\"2023-08-21T10:50:28+00:00\" \/>\n<meta property=\"og:image\" content=\"https:\/\/www.avrio.ch\/v23\/wp-content\/uploads\/2023\/08\/Mexican-Qualifications-Framework-298x300-1.jpg\" \/>\n\t<meta property=\"og:image:width\" content=\"298\" \/>\n\t<meta property=\"og:image:height\" content=\"300\" \/>\n\t<meta property=\"og:image:type\" content=\"image\/jpeg\" \/>\n<meta name=\"twitter:card\" content=\"summary_large_image\" \/>\n<meta name=\"twitter:site\" content=\"@AvrioDeGeneve\" \/>\n<meta name=\"twitter:label1\" content=\"Dur\u00e9e de lecture estim\u00e9e\" \/>\n\t<meta name=\"twitter:data1\" content=\"1 minute\" \/>\n<script type=\"application\/ld+json\" class=\"yoast-schema-graph\">{\"@context\":\"https:\\\/\\\/schema.org\",\"@graph\":[{\"@type\":\"WebPage\",\"@id\":\"https:\\\/\\\/www.avrio.ch\\\/usc\\\/azteca-university\\\/doctor-of-the-university-in-legal-studies-lld\\\/\",\"url\":\"https:\\\/\\\/www.avrio.ch\\\/usc\\\/azteca-university\\\/doctor-of-the-university-in-legal-studies-lld\\\/\",\"name\":\"Dr. Univ. in Legal Studies (LLD) - Institut Avrio de Gen\u00e8ve\",\"isPartOf\":{\"@id\":\"https:\\\/\\\/www.avrio.ch\\\/#website\"},\"primaryImageOfPage\":{\"@id\":\"https:\\\/\\\/www.avrio.ch\\\/usc\\\/azteca-university\\\/doctor-of-the-university-in-legal-studies-lld\\\/#primaryimage\"},\"image\":{\"@id\":\"https:\\\/\\\/www.avrio.ch\\\/usc\\\/azteca-university\\\/doctor-of-the-university-in-legal-studies-lld\\\/#primaryimage\"},\"thumbnailUrl\":\"https:\\\/\\\/www.avrio.ch\\\/v23\\\/wp-content\\\/uploads\\\/2023\\\/08\\\/Mexican-Qualifications-Framework-298x300-1.jpg\",\"datePublished\":\"2021-12-17T18:10:58+00:00\",\"dateModified\":\"2023-08-21T10:50:28+00:00\",\"description\":\"DOCTORATE IN LEGAL STUDIES Doctor Universitario en Derecho (Dr.Univ.) Doctor of the University in Law (LLD) TYPE AND WORKLOAD OF PROGRAMME TYPE:\",\"breadcrumb\":{\"@id\":\"https:\\\/\\\/www.avrio.ch\\\/usc\\\/azteca-university\\\/doctor-of-the-university-in-legal-studies-lld\\\/#breadcrumb\"},\"inLanguage\":\"fr-FR\",\"potentialAction\":[{\"@type\":\"ReadAction\",\"target\":[\"https:\\\/\\\/www.avrio.ch\\\/usc\\\/azteca-university\\\/doctor-of-the-university-in-legal-studies-lld\\\/\"]}]},{\"@type\":\"ImageObject\",\"inLanguage\":\"fr-FR\",\"@id\":\"https:\\\/\\\/www.avrio.ch\\\/usc\\\/azteca-university\\\/doctor-of-the-university-in-legal-studies-lld\\\/#primaryimage\",\"url\":\"https:\\\/\\\/www.avrio.ch\\\/v23\\\/wp-content\\\/uploads\\\/2023\\\/08\\\/Mexican-Qualifications-Framework-298x300-1.jpg\",\"contentUrl\":\"https:\\\/\\\/www.avrio.ch\\\/v23\\\/wp-content\\\/uploads\\\/2023\\\/08\\\/Mexican-Qualifications-Framework-298x300-1.jpg\",\"width\":298,\"height\":300},{\"@type\":\"BreadcrumbList\",\"@id\":\"https:\\\/\\\/www.avrio.ch\\\/usc\\\/azteca-university\\\/doctor-of-the-university-in-legal-studies-lld\\\/#breadcrumb\",\"itemListElement\":[{\"@type\":\"ListItem\",\"position\":1,\"name\":\"Home\",\"item\":\"https:\\\/\\\/www.avrio.ch\\\/\"},{\"@type\":\"ListItem\",\"position\":2,\"name\":\"Universities Studies Center\",\"item\":\"https:\\\/\\\/www.avrio.ch\\\/usc\\\/\"},{\"@type\":\"ListItem\",\"position\":3,\"name\":\"Azteca University\",\"item\":\"https:\\\/\\\/www.avrio.ch\\\/usc\\\/azteca-university\\\/\"},{\"@type\":\"ListItem\",\"position\":4,\"name\":\"Dr. Univ. in Legal Studies (LLD)\"}]},{\"@type\":\"WebSite\",\"@id\":\"https:\\\/\\\/www.avrio.ch\\\/#website\",\"url\":\"https:\\\/\\\/www.avrio.ch\\\/\",\"name\":\"Institut Avrio de Gen\u00e8ve\",\"description\":\"Online Business Management &amp; Information Technology Institute\",\"publisher\":{\"@id\":\"https:\\\/\\\/www.avrio.ch\\\/#organization\"},\"alternateName\":\"Avrio Institute\",\"potentialAction\":[{\"@type\":\"SearchAction\",\"target\":{\"@type\":\"EntryPoint\",\"urlTemplate\":\"https:\\\/\\\/www.avrio.ch\\\/?s={search_term_string}\"},\"query-input\":{\"@type\":\"PropertyValueSpecification\",\"valueRequired\":true,\"valueName\":\"search_term_string\"}}],\"inLanguage\":\"fr-FR\"},{\"@type\":[\"Organization\",\"Place\",\"CollegeOrUniversity\"],\"@id\":\"https:\\\/\\\/www.avrio.ch\\\/#organization\",\"name\":\"Institut Avrio de Gen\u00e8ve\",\"alternateName\":\"Avrio Institute\",\"url\":\"https:\\\/\\\/www.avrio.ch\\\/\",\"logo\":{\"@id\":\"https:\\\/\\\/www.avrio.ch\\\/usc\\\/azteca-university\\\/doctor-of-the-university-in-legal-studies-lld\\\/#local-main-organization-logo\"},\"image\":{\"@id\":\"https:\\\/\\\/www.avrio.ch\\\/usc\\\/azteca-university\\\/doctor-of-the-university-in-legal-studies-lld\\\/#local-main-organization-logo\"},\"sameAs\":[\"https:\\\/\\\/www.facebook.com\\\/institutavriodegeneve\\\/\",\"https:\\\/\\\/x.com\\\/AvrioDeGeneve\",\"https:\\\/\\\/www.instagram.com\\\/institutavriodegeneve\\\/\",\"https:\\\/\\\/www.linkedin.com\\\/in\\\/avrio-de-geneve-024392194\\\/\",\"https:\\\/\\\/www.youtube.com\\\/channel\\\/UCPP2orNhGglhisZlldUbnkQ\"],\"address\":{\"@id\":\"https:\\\/\\\/www.avrio.ch\\\/usc\\\/azteca-university\\\/doctor-of-the-university-in-legal-studies-lld\\\/#local-main-place-address\"},\"telephone\":[\"+41794642989\"],\"openingHoursSpecification\":[{\"@type\":\"OpeningHoursSpecification\",\"dayOfWeek\":[\"Sunday\",\"Wednesday\",\"Saturday\"],\"opens\":\"00:00\",\"closes\":\"00:00\"},{\"@type\":\"OpeningHoursSpecification\",\"dayOfWeek\":[\"Monday\",\"Tuesday\",\"Thursday\",\"Friday\"],\"opens\":\"09:00\",\"closes\":\"11:00\"}],\"email\":\"info@avrio.ch\"},{\"@type\":\"PostalAddress\",\"@id\":\"https:\\\/\\\/www.avrio.ch\\\/usc\\\/azteca-university\\\/doctor-of-the-university-in-legal-studies-lld\\\/#local-main-place-address\",\"streetAddress\":\"Rue de la Cit\u00e9 1\",\"addressLocality\":\"Geneva\",\"postalCode\":\"1204\",\"addressRegion\":\"Geneva\",\"addressCountry\":\"CH\"},{\"@type\":\"ImageObject\",\"inLanguage\":\"fr-FR\",\"@id\":\"https:\\\/\\\/www.avrio.ch\\\/usc\\\/azteca-university\\\/doctor-of-the-university-in-legal-studies-lld\\\/#local-main-organization-logo\",\"url\":\"https:\\\/\\\/www.avrio.ch\\\/v23\\\/wp-content\\\/uploads\\\/2020\\\/04\\\/logo-new-img-1.png\",\"contentUrl\":\"https:\\\/\\\/www.avrio.ch\\\/v23\\\/wp-content\\\/uploads\\\/2020\\\/04\\\/logo-new-img-1.png\",\"width\":539,\"height\":600,\"caption\":\"Institut Avrio de Gen\u00e8ve\"}]}<\/script>\n<meta name=\"geo.placename\" content=\"Geneva\" \/>\n<meta name=\"geo.region\" content=\"Suisse\" \/>\n<!-- \/ Yoast SEO Premium plugin. -->","yoast_head_json":{"title":"Dr Univ. en \u00e9tudes juridiques (LLD) - Institut Avrio de Gen\u00e8ve","description":"DOCTORAT EN \u00c9TUDES JURIDIQUES Doctor Universitario en Derecho (Dr.Univ.) Docteur de l&#039;Universit\u00e9 en Droit (LLD) TYPE ET CHARGE DE TRAVAIL DU TYPE DE PROGRAMME\u00a0:","robots":{"index":"index","follow":"follow","max-snippet":"max-snippet:-1","max-image-preview":"max-image-preview:large","max-video-preview":"max-video-preview:-1"},"canonical":"https:\/\/www.avrio.ch\/fr\/usc\/universite-azteque\/docteur-de-luniversite-en-etudes-juridiques-lld\/","og_locale":"fr_FR","og_type":"article","og_title":"Dr. Univ. in Legal Studies (LLD)","og_description":"DOCTORATE IN LEGAL STUDIES Doctor Universitario en Derecho (Dr.Univ.) Doctor of the University in Law (LLD) TYPE AND WORKLOAD OF PROGRAMME TYPE:","og_url":"https:\/\/www.avrio.ch\/fr\/usc\/universite-azteque\/docteur-de-luniversite-en-etudes-juridiques-lld\/","og_site_name":"Institut Avrio de Gen\u00e8ve","article_publisher":"https:\/\/www.facebook.com\/institutavriodegeneve\/","article_modified_time":"2023-08-21T10:50:28+00:00","og_image":[{"width":298,"height":300,"url":"https:\/\/www.avrio.ch\/v23\/wp-content\/uploads\/2023\/08\/Mexican-Qualifications-Framework-298x300-1.jpg","type":"image\/jpeg"}],"twitter_card":"summary_large_image","twitter_site":"@AvrioDeGeneve","twitter_misc":{"Dur\u00e9e de lecture estim\u00e9e":"1 minute"},"schema":{"@context":"https:\/\/schema.org","@graph":[{"@type":"WebPage","@id":"https:\/\/www.avrio.ch\/usc\/azteca-university\/doctor-of-the-university-in-legal-studies-lld\/","url":"https:\/\/www.avrio.ch\/usc\/azteca-university\/doctor-of-the-university-in-legal-studies-lld\/","name":"Dr Univ. en \u00e9tudes juridiques (LLD) - Institut Avrio de Gen\u00e8ve","isPartOf":{"@id":"https:\/\/www.avrio.ch\/#website"},"primaryImageOfPage":{"@id":"https:\/\/www.avrio.ch\/usc\/azteca-university\/doctor-of-the-university-in-legal-studies-lld\/#primaryimage"},"image":{"@id":"https:\/\/www.avrio.ch\/usc\/azteca-university\/doctor-of-the-university-in-legal-studies-lld\/#primaryimage"},"thumbnailUrl":"https:\/\/www.avrio.ch\/v23\/wp-content\/uploads\/2023\/08\/Mexican-Qualifications-Framework-298x300-1.jpg","datePublished":"2021-12-17T18:10:58+00:00","dateModified":"2023-08-21T10:50:28+00:00","description":"DOCTORAT EN \u00c9TUDES JURIDIQUES Doctor Universitario en Derecho (Dr.Univ.) Docteur de l&#039;Universit\u00e9 en Droit (LLD) TYPE ET CHARGE DE TRAVAIL DU TYPE DE PROGRAMME\u00a0:","breadcrumb":{"@id":"https:\/\/www.avrio.ch\/usc\/azteca-university\/doctor-of-the-university-in-legal-studies-lld\/#breadcrumb"},"inLanguage":"fr-FR","potentialAction":[{"@type":"ReadAction","target":["https:\/\/www.avrio.ch\/usc\/azteca-university\/doctor-of-the-university-in-legal-studies-lld\/"]}]},{"@type":"ImageObject","inLanguage":"fr-FR","@id":"https:\/\/www.avrio.ch\/usc\/azteca-university\/doctor-of-the-university-in-legal-studies-lld\/#primaryimage","url":"https:\/\/www.avrio.ch\/v23\/wp-content\/uploads\/2023\/08\/Mexican-Qualifications-Framework-298x300-1.jpg","contentUrl":"https:\/\/www.avrio.ch\/v23\/wp-content\/uploads\/2023\/08\/Mexican-Qualifications-Framework-298x300-1.jpg","width":298,"height":300},{"@type":"BreadcrumbList","@id":"https:\/\/www.avrio.ch\/usc\/azteca-university\/doctor-of-the-university-in-legal-studies-lld\/#breadcrumb","itemListElement":[{"@type":"ListItem","position":1,"name":"Home","item":"https:\/\/www.avrio.ch\/"},{"@type":"ListItem","position":2,"name":"Universities Studies Center","item":"https:\/\/www.avrio.ch\/usc\/"},{"@type":"ListItem","position":3,"name":"Azteca University","item":"https:\/\/www.avrio.ch\/usc\/azteca-university\/"},{"@type":"ListItem","position":4,"name":"Dr. Univ. in Legal Studies (LLD)"}]},{"@type":"WebSite","@id":"https:\/\/www.avrio.ch\/#website","url":"https:\/\/www.avrio.ch\/","name":"Institut Avrio de Gen\u00e8ve","description":"Institut de gestion des affaires en ligne et de technologie de l&#039;information","publisher":{"@id":"https:\/\/www.avrio.ch\/#organization"},"alternateName":"Avrio Institute","potentialAction":[{"@type":"SearchAction","target":{"@type":"EntryPoint","urlTemplate":"https:\/\/www.avrio.ch\/?s={search_term_string}"},"query-input":{"@type":"PropertyValueSpecification","valueRequired":true,"valueName":"search_term_string"}}],"inLanguage":"fr-FR"},{"@type":["Organization","Place","CollegeOrUniversity"],"@id":"https:\/\/www.avrio.ch\/#organization","name":"Institut Avrio de Gen\u00e8ve","alternateName":"Avrio Institute","url":"https:\/\/www.avrio.ch\/","logo":{"@id":"https:\/\/www.avrio.ch\/usc\/azteca-university\/doctor-of-the-university-in-legal-studies-lld\/#local-main-organization-logo"},"image":{"@id":"https:\/\/www.avrio.ch\/usc\/azteca-university\/doctor-of-the-university-in-legal-studies-lld\/#local-main-organization-logo"},"sameAs":["https:\/\/www.facebook.com\/institutavriodegeneve\/","https:\/\/x.com\/AvrioDeGeneve","https:\/\/www.instagram.com\/institutavriodegeneve\/","https:\/\/www.linkedin.com\/in\/avrio-de-geneve-024392194\/","https:\/\/www.youtube.com\/channel\/UCPP2orNhGglhisZlldUbnkQ"],"address":{"@id":"https:\/\/www.avrio.ch\/usc\/azteca-university\/doctor-of-the-university-in-legal-studies-lld\/#local-main-place-address"},"telephone":["+41794642989"],"openingHoursSpecification":[{"@type":"OpeningHoursSpecification","dayOfWeek":["Sunday","Wednesday","Saturday"],"opens":"00:00","closes":"00:00"},{"@type":"OpeningHoursSpecification","dayOfWeek":["Monday","Tuesday","Thursday","Friday"],"opens":"09:00","closes":"11:00"}],"email":"info@avrio.ch"},{"@type":"PostalAddress","@id":"https:\/\/www.avrio.ch\/usc\/azteca-university\/doctor-of-the-university-in-legal-studies-lld\/#local-main-place-address","streetAddress":"Rue de la Cit\u00e9 1","addressLocality":"Geneva","postalCode":"1204","addressRegion":"Geneva","addressCountry":"CH"},{"@type":"ImageObject","inLanguage":"fr-FR","@id":"https:\/\/www.avrio.ch\/usc\/azteca-university\/doctor-of-the-university-in-legal-studies-lld\/#local-main-organization-logo","url":"https:\/\/www.avrio.ch\/v23\/wp-content\/uploads\/2020\/04\/logo-new-img-1.png","contentUrl":"https:\/\/www.avrio.ch\/v23\/wp-content\/uploads\/2020\/04\/logo-new-img-1.png","width":539,"height":600,"caption":"Institut Avrio de Gen\u00e8ve"}]},"geo.placename":"Geneva","geo.region":"Suisse"},"_links":{"self":[{"href":"https:\/\/www.avrio.ch\/fr\/wp-json\/wp\/v2\/pages\/24866","targetHints":{"allow":["GET"]}}],"collection":[{"href":"https:\/\/www.avrio.ch\/fr\/wp-json\/wp\/v2\/pages"}],"about":[{"href":"https:\/\/www.avrio.ch\/fr\/wp-json\/wp\/v2\/types\/page"}],"author":[{"embeddable":true,"href":"https:\/\/www.avrio.ch\/fr\/wp-json\/wp\/v2\/users\/1"}],"replies":[{"embeddable":true,"href":"https:\/\/www.avrio.ch\/fr\/wp-json\/wp\/v2\/comments?post=24866"}],"version-history":[{"count":0,"href":"https:\/\/www.avrio.ch\/fr\/wp-json\/wp\/v2\/pages\/24866\/revisions"}],"up":[{"embeddable":true,"href":"https:\/\/www.avrio.ch\/fr\/wp-json\/wp\/v2\/pages\/24845"}],"wp:featuredmedia":[{"embeddable":true,"href":"https:\/\/www.avrio.ch\/fr\/wp-json\/wp\/v2\/media\/24855"}],"wp:attachment":[{"href":"https:\/\/www.avrio.ch\/fr\/wp-json\/wp\/v2\/media?parent=24866"}],"curies":[{"name":"wp","href":"https:\/\/api.w.org\/{rel}","templated":true}]}}