{"id":24717,"date":"2023-08-21T00:20:26","date_gmt":"2023-08-20T22:20:26","guid":{"rendered":"https:\/\/www.avrio.ch\/v23\/?page_id=24717"},"modified":"2023-08-21T00:24:33","modified_gmt":"2023-08-20T22:24:33","slug":"transaction-annulee","status":"publish","type":"page","link":"https:\/\/www.avrio.ch\/fr\/enroll-now\/application-fee-payment\/transaction-canceled\/","title":{"rendered":"Transaction annul\u00e9e"},"content":{"rendered":"\t\t<div data-elementor-type=\"wp-page\" data-elementor-id=\"24717\" class=\"elementor elementor-24717\" data-elementor-post-type=\"page\">\n\t\t\t\t\t\t<section class=\"elementor-section elementor-top-section elementor-element elementor-element-52906283 elementor-section-boxed elementor-section-height-default elementor-section-height-default\" data-id=\"52906283\" data-element_type=\"section\" data-e-type=\"section\" data-settings=\"{&quot;jet_parallax_layout_list&quot;:[]}\">\n\t\t\t\t\t\t<div class=\"elementor-container elementor-column-gap-default\">\n\t\t\t\t\t<div class=\"elementor-column elementor-col-50 elementor-top-column elementor-element elementor-element-20fd2e77\" data-id=\"20fd2e77\" data-element_type=\"column\" data-e-type=\"column\">\n\t\t\t<div class=\"elementor-widget-wrap elementor-element-populated\">\n\t\t\t\t\t\t<div class=\"elementor-element elementor-element-3f6594a6 elementor-widget elementor-widget-image\" data-id=\"3f6594a6\" data-element_type=\"widget\" data-e-type=\"widget\" data-widget_type=\"image.default\">\n\t\t\t\t<div class=\"elementor-widget-container\">\n\t\t\t\t\t\t\t\t\t\t\t\t\t\t\t<img fetchpriority=\"high\" decoding=\"async\" width=\"540\" height=\"360\" src=\"https:\/\/www.avrio.ch\/v23\/wp-content\/uploads\/2023\/07\/Transaction-Canceled.jpg\" class=\"attachment-large size-large wp-image-23314\" alt=\"\" srcset=\"https:\/\/www.avrio.ch\/v23\/wp-content\/uploads\/2023\/07\/Transaction-Canceled.jpg 540w, https:\/\/www.avrio.ch\/v23\/wp-content\/uploads\/2023\/07\/Transaction-Canceled-300x200.jpg 300w, https:\/\/www.avrio.ch\/v23\/wp-content\/uploads\/2023\/07\/Transaction-Canceled-18x12.jpg 18w\" sizes=\"(max-width: 540px) 100vw, 540px\" \/>\t\t\t\t\t\t\t\t\t\t\t\t\t\t\t<\/div>\n\t\t\t\t<\/div>\n\t\t\t\t\t<\/div>\n\t\t<\/div>\n\t\t\t\t<div class=\"elementor-column elementor-col-50 elementor-top-column elementor-element elementor-element-523badb3\" data-id=\"523badb3\" data-element_type=\"column\" data-e-type=\"column\">\n\t\t\t<div class=\"elementor-widget-wrap elementor-element-populated\">\n\t\t\t\t\t\t<div class=\"elementor-element elementor-element-480af139 elementor-widget elementor-widget-text-editor\" data-id=\"480af139\" data-element_type=\"widget\" data-e-type=\"widget\" data-widget_type=\"text-editor.default\">\n\t\t\t\t<div class=\"elementor-widget-container\">\n\t\t\t\t\t\t\t\t\t<p><strong>We are sorry that the transaction has been canceled. You may try again<\/strong><\/p>\t\t\t\t\t\t\t\t<\/div>\n\t\t\t\t<\/div>\n\t\t\t\t<div class=\"elementor-element elementor-element-5503f84d elementor-widget elementor-widget-html\" data-id=\"5503f84d\" data-element_type=\"widget\" data-e-type=\"widget\" data-widget_type=\"html.default\">\n\t\t\t\t<div class=\"elementor-widget-container\">\n\t\t\t\t\t<div id=\"smart-button-container\">\r\n      <div style=\"text-align: center;\">\r\n        <div style=\"margin-bottom: 1.25rem;\">\r\n          <p>Application Evaluation Fee Regardless of its Result - One-Time & Non-Refundable Fee<\/p>\r\n          <select id=\"item-options\"><option value=\"Avrio Regular Program\" price=\"199\">Avrio Regular Program - 190+9 CHF<\/option><option value=\"Joint\/Dual Award Program\" price=\"249\">Joint\/Dual Award Program - 240+9 CHF<\/option><option value=\"Transfer Credits to Avrio Regular Program\" price=\"399\">Transfer Credits to Avrio Regular Program - 390+9 CHF<\/option><option value=\"Transfer Credits to Joint\/Dual Award Program\" price=\"499\">Transfer Credits to Joint\/Dual Award Program - 490+9 CHF<\/option><\/select>\r\n          <select style=\"visibility: hidden\" id=\"quantitySelect\"><\/select>\r\n        <\/div>\r\n      <div id=\"paypal-button-container\"><\/div>\r\n      <\/div>\r\n    <\/div>\r\n    <script src=\"https:\/\/www.paypal.com\/sdk\/js?client-id=AY8bxzTXRl73WL3khy1LR-z4gvBBs7IrNtkxBa7X7rZvkBSF5kREGzlzt231EiVovuO_Gi5uC31anryL&enable-funding=venmo&currency=CHF\" data-sdk-integration-source=\"button-factory\"><\/script>\r\n    <script>\r\n      function initPayPalButton() {\r\n        var shipping = 0;\r\n        var itemOptions = document.querySelector(\"#smart-button-container #item-options\");\r\n    var quantity = parseInt();\r\n    var quantitySelect = document.querySelector(\"#smart-button-container #quantitySelect\");\r\n    if (!isNaN(quantity)) {\r\n      quantitySelect.style.visibility = \"visible\";\r\n    }\r\n    var orderDescription = 'Application Evaluation Fee Regardless of its Result - One-Time & Non-Refundable Fee';\r\n    if(orderDescription === '') {\r\n      orderDescription = 'Item';\r\n    }\r\n    paypal.Buttons({\r\n      style: {\r\n        shape: 'rect',\r\n        color: 'gold',\r\n        layout: 'vertical',\r\n        label: 'pay',\r\n        \r\n      },\r\n      createOrder: function(data, actions) {\r\n        var selectedItemDescription = itemOptions.options[itemOptions.selectedIndex].value;\r\n        var selectedItemPrice = parseFloat(itemOptions.options[itemOptions.selectedIndex].getAttribute(\"price\"));\r\n        var tax = (0 === 0 || false) ? 0 : (selectedItemPrice * (parseFloat(0)\/100));\r\n        if(quantitySelect.options.length > 0) {\r\n          quantity = parseInt(quantitySelect.options[quantitySelect.selectedIndex].value);\r\n        } else {\r\n          quantity = 1;\r\n        }\r\n\r\n        tax *= quantity;\r\n        tax = Math.round(tax * 100) \/ 100;\r\n        var priceTotal = quantity * selectedItemPrice + parseFloat(shipping) + tax;\r\n        priceTotal = Math.round(priceTotal * 100) \/ 100;\r\n        var itemTotalValue = Math.round((selectedItemPrice * quantity) * 100) \/ 100;\r\n\r\n        return actions.order.create({\r\n          purchase_units: [{\r\n            description: orderDescription,\r\n            amount: {\r\n              currency_code: 'CHF',\r\n              value: priceTotal,\r\n              breakdown: {\r\n                item_total: {\r\n                  currency_code: 'CHF',\r\n                  value: itemTotalValue,\r\n                },\r\n                shipping: {\r\n                  currency_code: 'CHF',\r\n                  value: shipping,\r\n                },\r\n                tax_total: {\r\n                  currency_code: 'CHF',\r\n                  value: tax,\r\n                }\r\n              }\r\n            },\r\n            items: [{\r\n              name: selectedItemDescription,\r\n              unit_amount: {\r\n                currency_code: 'CHF',\r\n                value: selectedItemPrice,\r\n              },\r\n              quantity: quantity\r\n            }]\r\n          }]\r\n        });\r\n      },\r\n      onApprove: function(data, actions) {\r\n        return actions.order.capture().then(function(orderData) {\r\n          \r\n          \/\/ Full available details\r\n          console.log('Capture result', orderData, JSON.stringify(orderData, null, 2));\r\n\r\n          \/\/ Show a success message within this page, e.g.\r\n          const element = document.getElementById('paypal-button-container');\r\n          element.innerHTML = '';\r\n          element.innerHTML = '<h3>Thank you for your payment!<\/h3>';\r\n\r\n          \/\/ Or go to another URL:  actions.redirect('thank_you.html');\r\n\r\n        });\r\n      },\r\n      onError: function(err) {\r\n        console.log(err);\r\n      },\r\n    }).render('#paypal-button-container');\r\n  }\r\n  initPayPalButton();\r\n    <\/script>\r\n<p style=\"text-align: center;\">There is <strong>CHF 9<\/strong> to cover the Paypal service fee<\/strong><\/p>\t\t\t\t<\/div>\n\t\t\t\t<\/div>\n\t\t\t\t<div class=\"elementor-element elementor-element-435b32dc elementor-widget elementor-widget-text-editor\" data-id=\"435b32dc\" data-element_type=\"widget\" data-e-type=\"widget\" data-widget_type=\"text-editor.default\">\n\t\t\t\t<div class=\"elementor-widget-container\">\n\t\t\t\t\t\t\t\t\t<p>If you would like to make a payment by stripe or bank transfer, please <a href=\"https:\/\/www.avrio.ch\/enroll-now\/application-fee-payment\/\">click here<\/a><\/p>\t\t\t\t\t\t\t\t<\/div>\n\t\t\t\t<\/div>\n\t\t\t\t<div class=\"elementor-element elementor-element-767043ab elementor-widget elementor-widget-text-editor\" data-id=\"767043ab\" data-element_type=\"widget\" data-e-type=\"widget\" data-widget_type=\"text-editor.default\">\n\t\t\t\t<div class=\"elementor-widget-container\">\n\t\t\t\t\t\t\t\t\t<p>If you have any further questions please do not hesitate to <a href=\"https:\/\/www.avrio.ch\/contact\/\">contact us<\/a>!<\/p>\t\t\t\t\t\t\t\t<\/div>\n\t\t\t\t<\/div>\n\t\t\t\t\t<\/div>\n\t\t<\/div>\n\t\t\t\t\t<\/div>\n\t\t<\/section>\n\t\t\t\t<\/div>\n\t\t","protected":false},"excerpt":{"rendered":"<p>We are sorry that the transaction has been canceled. You may try again Application Evaluation Fee Regardless of its Result &#8211; One-Time &#038; Non-Refundable Fee Avrio Regular Program &#8211; 190+9 CHFJoint\/Dual Award Program &#8211; 240+9 CHFTransfer Credits to Avrio Regular Program &#8211; 390+9 CHFTransfer Credits to Joint\/Dual Award Program &#8211; 490+9 CHF There is CHF [&hellip;]<\/p>\n","protected":false},"author":1,"featured_media":0,"parent":24691,"menu_order":0,"comment_status":"closed","ping_status":"closed","template":"","meta":{"_acf_changed":false,"site-sidebar-layout":"no-sidebar","site-content-layout":"page-builder","ast-site-content-layout":"default","site-content-style":"default","site-sidebar-style":"default","ast-global-header-display":"","ast-banner-title-visibility":"","ast-main-header-display":"","ast-hfb-above-header-display":"","ast-hfb-below-header-display":"","ast-hfb-mobile-header-display":"","site-post-title":"disabled","ast-breadcrumbs-content":"","ast-featured-img":"disabled","footer-sml-layout":"","ast-disable-related-posts":"","theme-transparent-header-meta":"default","adv-header-id-meta":"","stick-header-meta":"default","header-above-stick-meta":"","header-main-stick-meta":"","header-below-stick-meta":"","astra-migrate-meta-layouts":"set","ast-page-background-enabled":"default","ast-page-background-meta":{"desktop":{"background-color":"var(--ast-global-color-4)","background-image":"","background-repeat":"repeat","background-position":"center center","background-size":"auto","background-attachment":"scroll","background-type":"","background-media":"","overlay-type":"","overlay-color":"","overlay-opacity":"","overlay-gradient":""},"tablet":{"background-color":"","background-image":"","background-repeat":"repeat","background-position":"center center","background-size":"auto","background-attachment":"scroll","background-type":"","background-media":"","overlay-type":"","overlay-color":"","overlay-opacity":"","overlay-gradient":""},"mobile":{"background-color":"","background-image":"","background-repeat":"repeat","background-position":"center center","background-size":"auto","background-attachment":"scroll","background-type":"","background-media":"","overlay-type":"","overlay-color":"","overlay-opacity":"","overlay-gradient":""}},"ast-content-background-meta":{"desktop":{"background-color":"var(--ast-global-color-5)","background-image":"","background-repeat":"repeat","background-position":"center center","background-size":"auto","background-attachment":"scroll","background-type":"","background-media":"","overlay-type":"","overlay-color":"","overlay-opacity":"","overlay-gradient":""},"tablet":{"background-color":"var(--ast-global-color-5)","background-image":"","background-repeat":"repeat","background-position":"center center","background-size":"auto","background-attachment":"scroll","background-type":"","background-media":"","overlay-type":"","overlay-color":"","overlay-opacity":"","overlay-gradient":""},"mobile":{"background-color":"var(--ast-global-color-5)","background-image":"","background-repeat":"repeat","background-position":"center center","background-size":"auto","background-attachment":"scroll","background-type":"","background-media":"","overlay-type":"","overlay-color":"","overlay-opacity":"","overlay-gradient":""}},"footnotes":""},"class_list":["post-24717","page","type-page","status-publish","hentry"],"acf":[],"yoast_head":"<!-- This site is optimized with the Yoast SEO Premium plugin v27.4 (Yoast SEO v27.4) - https:\/\/yoast.com\/product\/yoast-seo-premium-wordpress\/ -->\n<title>Transaction Canceled - Institut Avrio de Gen\u00e8ve<\/title>\n<meta name=\"description\" content=\"We are sorry that the transaction has been canceled. You may try again Application Evaluation Fee Regardless of its Result - One-Time &amp; Non-Refundable Fee\" \/>\n<meta name=\"robots\" content=\"index, follow, max-snippet:-1, max-image-preview:large, max-video-preview:-1\" \/>\n<link rel=\"canonical\" href=\"https:\/\/www.avrio.ch\/fr\/inscrivez-vous-maintenant\/paiement-des-frais-dinscription\/transaction-annulee\/\" \/>\n<meta property=\"og:locale\" content=\"fr_FR\" \/>\n<meta property=\"og:type\" content=\"article\" \/>\n<meta property=\"og:title\" content=\"Transaction Canceled\" \/>\n<meta property=\"og:description\" content=\"We are sorry that the transaction has been canceled. You may try again Application Evaluation Fee Regardless of its Result - One-Time &amp; Non-Refundable Fee\" \/>\n<meta property=\"og:url\" content=\"https:\/\/www.avrio.ch\/fr\/inscrivez-vous-maintenant\/paiement-des-frais-dinscription\/transaction-annulee\/\" \/>\n<meta property=\"og:site_name\" content=\"Institut Avrio de Gen\u00e8ve\" \/>\n<meta property=\"article:publisher\" content=\"https:\/\/www.facebook.com\/institutavriodegeneve\/\" \/>\n<meta property=\"article:modified_time\" content=\"2023-08-20T22:24:33+00:00\" \/>\n<meta property=\"og:image\" content=\"https:\/\/www.avrio.ch\/v23\/wp-content\/uploads\/2023\/07\/Transaction-Canceled.jpg\" \/>\n<meta name=\"twitter:card\" content=\"summary_large_image\" \/>\n<meta name=\"twitter:site\" content=\"@AvrioDeGeneve\" \/>\n<meta name=\"twitter:label1\" content=\"Dur\u00e9e de lecture estim\u00e9e\" \/>\n\t<meta name=\"twitter:data1\" content=\"1 minute\" \/>\n<script type=\"application\/ld+json\" class=\"yoast-schema-graph\">{\"@context\":\"https:\\\/\\\/schema.org\",\"@graph\":[{\"@type\":\"WebPage\",\"@id\":\"https:\\\/\\\/www.avrio.ch\\\/enroll-now\\\/application-fee-payment\\\/transaction-canceled\\\/\",\"url\":\"https:\\\/\\\/www.avrio.ch\\\/enroll-now\\\/application-fee-payment\\\/transaction-canceled\\\/\",\"name\":\"Transaction Canceled - Institut Avrio de Gen\u00e8ve\",\"isPartOf\":{\"@id\":\"https:\\\/\\\/www.avrio.ch\\\/#website\"},\"primaryImageOfPage\":{\"@id\":\"https:\\\/\\\/www.avrio.ch\\\/enroll-now\\\/application-fee-payment\\\/transaction-canceled\\\/#primaryimage\"},\"image\":{\"@id\":\"https:\\\/\\\/www.avrio.ch\\\/enroll-now\\\/application-fee-payment\\\/transaction-canceled\\\/#primaryimage\"},\"thumbnailUrl\":\"https:\\\/\\\/www.avrio.ch\\\/v23\\\/wp-content\\\/uploads\\\/2023\\\/07\\\/Transaction-Canceled.jpg\",\"datePublished\":\"2023-08-20T22:20:26+00:00\",\"dateModified\":\"2023-08-20T22:24:33+00:00\",\"description\":\"We are sorry that the transaction has been canceled. You may try again Application Evaluation Fee Regardless of its Result - One-Time & Non-Refundable Fee\",\"breadcrumb\":{\"@id\":\"https:\\\/\\\/www.avrio.ch\\\/enroll-now\\\/application-fee-payment\\\/transaction-canceled\\\/#breadcrumb\"},\"inLanguage\":\"fr-FR\",\"potentialAction\":[{\"@type\":\"ReadAction\",\"target\":[\"https:\\\/\\\/www.avrio.ch\\\/enroll-now\\\/application-fee-payment\\\/transaction-canceled\\\/\"]}]},{\"@type\":\"ImageObject\",\"inLanguage\":\"fr-FR\",\"@id\":\"https:\\\/\\\/www.avrio.ch\\\/enroll-now\\\/application-fee-payment\\\/transaction-canceled\\\/#primaryimage\",\"url\":\"https:\\\/\\\/www.avrio.ch\\\/v23\\\/wp-content\\\/uploads\\\/2023\\\/07\\\/Transaction-Canceled.jpg\",\"contentUrl\":\"https:\\\/\\\/www.avrio.ch\\\/v23\\\/wp-content\\\/uploads\\\/2023\\\/07\\\/Transaction-Canceled.jpg\"},{\"@type\":\"BreadcrumbList\",\"@id\":\"https:\\\/\\\/www.avrio.ch\\\/enroll-now\\\/application-fee-payment\\\/transaction-canceled\\\/#breadcrumb\",\"itemListElement\":[{\"@type\":\"ListItem\",\"position\":1,\"name\":\"Home\",\"item\":\"https:\\\/\\\/www.avrio.ch\\\/\"},{\"@type\":\"ListItem\",\"position\":2,\"name\":\"Enroll Now\",\"item\":\"https:\\\/\\\/www.avrio.ch\\\/enroll-now\\\/\"},{\"@type\":\"ListItem\",\"position\":3,\"name\":\"Application Fee Payment\",\"item\":\"https:\\\/\\\/www.avrio.ch\\\/enroll-now\\\/application-fee-payment\\\/\"},{\"@type\":\"ListItem\",\"position\":4,\"name\":\"Transaction Canceled\"}]},{\"@type\":\"WebSite\",\"@id\":\"https:\\\/\\\/www.avrio.ch\\\/#website\",\"url\":\"https:\\\/\\\/www.avrio.ch\\\/\",\"name\":\"Institut Avrio de Gen\u00e8ve\",\"description\":\"Online Business Management &amp; Information Technology Institute\",\"publisher\":{\"@id\":\"https:\\\/\\\/www.avrio.ch\\\/#organization\"},\"alternateName\":\"Avrio Institute\",\"potentialAction\":[{\"@type\":\"SearchAction\",\"target\":{\"@type\":\"EntryPoint\",\"urlTemplate\":\"https:\\\/\\\/www.avrio.ch\\\/?s={search_term_string}\"},\"query-input\":{\"@type\":\"PropertyValueSpecification\",\"valueRequired\":true,\"valueName\":\"search_term_string\"}}],\"inLanguage\":\"fr-FR\"},{\"@type\":[\"Organization\",\"Place\",\"CollegeOrUniversity\"],\"@id\":\"https:\\\/\\\/www.avrio.ch\\\/#organization\",\"name\":\"Institut Avrio de Gen\u00e8ve\",\"alternateName\":\"Avrio Institute\",\"url\":\"https:\\\/\\\/www.avrio.ch\\\/\",\"logo\":{\"@id\":\"https:\\\/\\\/www.avrio.ch\\\/enroll-now\\\/application-fee-payment\\\/transaction-canceled\\\/#local-main-organization-logo\"},\"image\":{\"@id\":\"https:\\\/\\\/www.avrio.ch\\\/enroll-now\\\/application-fee-payment\\\/transaction-canceled\\\/#local-main-organization-logo\"},\"sameAs\":[\"https:\\\/\\\/www.facebook.com\\\/institutavriodegeneve\\\/\",\"https:\\\/\\\/x.com\\\/AvrioDeGeneve\",\"https:\\\/\\\/www.instagram.com\\\/institutavriodegeneve\\\/\",\"https:\\\/\\\/www.linkedin.com\\\/in\\\/avrio-de-geneve-024392194\\\/\",\"https:\\\/\\\/www.youtube.com\\\/channel\\\/UCPP2orNhGglhisZlldUbnkQ\"],\"address\":{\"@id\":\"https:\\\/\\\/www.avrio.ch\\\/enroll-now\\\/application-fee-payment\\\/transaction-canceled\\\/#local-main-place-address\"},\"telephone\":[\"+41794642989\"],\"openingHoursSpecification\":[{\"@type\":\"OpeningHoursSpecification\",\"dayOfWeek\":[\"Sunday\",\"Wednesday\",\"Saturday\"],\"opens\":\"00:00\",\"closes\":\"00:00\"},{\"@type\":\"OpeningHoursSpecification\",\"dayOfWeek\":[\"Monday\",\"Tuesday\",\"Thursday\",\"Friday\"],\"opens\":\"09:00\",\"closes\":\"11:00\"}],\"email\":\"info@avrio.ch\"},{\"@type\":\"PostalAddress\",\"@id\":\"https:\\\/\\\/www.avrio.ch\\\/enroll-now\\\/application-fee-payment\\\/transaction-canceled\\\/#local-main-place-address\",\"streetAddress\":\"Rue de la Cit\u00e9 1\",\"addressLocality\":\"Geneva\",\"postalCode\":\"1204\",\"addressRegion\":\"Geneva\",\"addressCountry\":\"CH\"},{\"@type\":\"ImageObject\",\"inLanguage\":\"fr-FR\",\"@id\":\"https:\\\/\\\/www.avrio.ch\\\/enroll-now\\\/application-fee-payment\\\/transaction-canceled\\\/#local-main-organization-logo\",\"url\":\"https:\\\/\\\/www.avrio.ch\\\/v23\\\/wp-content\\\/uploads\\\/2020\\\/04\\\/logo-new-img-1.png\",\"contentUrl\":\"https:\\\/\\\/www.avrio.ch\\\/v23\\\/wp-content\\\/uploads\\\/2020\\\/04\\\/logo-new-img-1.png\",\"width\":539,\"height\":600,\"caption\":\"Institut Avrio de Gen\u00e8ve\"}]}<\/script>\n<meta name=\"geo.placename\" content=\"Geneva\" \/>\n<meta name=\"geo.region\" content=\"Suisse\" \/>\n<!-- \/ Yoast SEO Premium plugin. -->","yoast_head_json":{"title":"Transaction annul\u00e9e - Institut Avrio de Gen\u00e8ve","description":"Nous sommes d\u00e9sol\u00e9s que la transaction ait \u00e9t\u00e9 annul\u00e9e. Vous pouvez r\u00e9essayer Frais d&#039;\u00e9valuation de la candidature quel que soit son r\u00e9sultat - Frais uniques et non remboursables","robots":{"index":"index","follow":"follow","max-snippet":"max-snippet:-1","max-image-preview":"max-image-preview:large","max-video-preview":"max-video-preview:-1"},"canonical":"https:\/\/www.avrio.ch\/fr\/inscrivez-vous-maintenant\/paiement-des-frais-dinscription\/transaction-annulee\/","og_locale":"fr_FR","og_type":"article","og_title":"Transaction Canceled","og_description":"We are sorry that the transaction has been canceled. You may try again Application Evaluation Fee Regardless of its Result - One-Time & Non-Refundable Fee","og_url":"https:\/\/www.avrio.ch\/fr\/inscrivez-vous-maintenant\/paiement-des-frais-dinscription\/transaction-annulee\/","og_site_name":"Institut Avrio de Gen\u00e8ve","article_publisher":"https:\/\/www.facebook.com\/institutavriodegeneve\/","article_modified_time":"2023-08-20T22:24:33+00:00","og_image":[{"url":"https:\/\/www.avrio.ch\/v23\/wp-content\/uploads\/2023\/07\/Transaction-Canceled.jpg","type":"","width":"","height":""}],"twitter_card":"summary_large_image","twitter_site":"@AvrioDeGeneve","twitter_misc":{"Dur\u00e9e de lecture estim\u00e9e":"1 minute"},"schema":{"@context":"https:\/\/schema.org","@graph":[{"@type":"WebPage","@id":"https:\/\/www.avrio.ch\/enroll-now\/application-fee-payment\/transaction-canceled\/","url":"https:\/\/www.avrio.ch\/enroll-now\/application-fee-payment\/transaction-canceled\/","name":"Transaction annul\u00e9e - Institut Avrio de Gen\u00e8ve","isPartOf":{"@id":"https:\/\/www.avrio.ch\/#website"},"primaryImageOfPage":{"@id":"https:\/\/www.avrio.ch\/enroll-now\/application-fee-payment\/transaction-canceled\/#primaryimage"},"image":{"@id":"https:\/\/www.avrio.ch\/enroll-now\/application-fee-payment\/transaction-canceled\/#primaryimage"},"thumbnailUrl":"https:\/\/www.avrio.ch\/v23\/wp-content\/uploads\/2023\/07\/Transaction-Canceled.jpg","datePublished":"2023-08-20T22:20:26+00:00","dateModified":"2023-08-20T22:24:33+00:00","description":"Nous sommes d\u00e9sol\u00e9s que la transaction ait \u00e9t\u00e9 annul\u00e9e. Vous pouvez r\u00e9essayer Frais d&#039;\u00e9valuation de la candidature quel que soit son r\u00e9sultat - Frais uniques et non remboursables","breadcrumb":{"@id":"https:\/\/www.avrio.ch\/enroll-now\/application-fee-payment\/transaction-canceled\/#breadcrumb"},"inLanguage":"fr-FR","potentialAction":[{"@type":"ReadAction","target":["https:\/\/www.avrio.ch\/enroll-now\/application-fee-payment\/transaction-canceled\/"]}]},{"@type":"ImageObject","inLanguage":"fr-FR","@id":"https:\/\/www.avrio.ch\/enroll-now\/application-fee-payment\/transaction-canceled\/#primaryimage","url":"https:\/\/www.avrio.ch\/v23\/wp-content\/uploads\/2023\/07\/Transaction-Canceled.jpg","contentUrl":"https:\/\/www.avrio.ch\/v23\/wp-content\/uploads\/2023\/07\/Transaction-Canceled.jpg"},{"@type":"BreadcrumbList","@id":"https:\/\/www.avrio.ch\/enroll-now\/application-fee-payment\/transaction-canceled\/#breadcrumb","itemListElement":[{"@type":"ListItem","position":1,"name":"Home","item":"https:\/\/www.avrio.ch\/"},{"@type":"ListItem","position":2,"name":"Enroll Now","item":"https:\/\/www.avrio.ch\/enroll-now\/"},{"@type":"ListItem","position":3,"name":"Application Fee Payment","item":"https:\/\/www.avrio.ch\/enroll-now\/application-fee-payment\/"},{"@type":"ListItem","position":4,"name":"Transaction Canceled"}]},{"@type":"WebSite","@id":"https:\/\/www.avrio.ch\/#website","url":"https:\/\/www.avrio.ch\/","name":"Institut Avrio de Gen\u00e8ve","description":"Institut de gestion des affaires en ligne et de technologie de l&#039;information","publisher":{"@id":"https:\/\/www.avrio.ch\/#organization"},"alternateName":"Avrio Institute","potentialAction":[{"@type":"SearchAction","target":{"@type":"EntryPoint","urlTemplate":"https:\/\/www.avrio.ch\/?s={search_term_string}"},"query-input":{"@type":"PropertyValueSpecification","valueRequired":true,"valueName":"search_term_string"}}],"inLanguage":"fr-FR"},{"@type":["Organization","Place","CollegeOrUniversity"],"@id":"https:\/\/www.avrio.ch\/#organization","name":"Institut Avrio de Gen\u00e8ve","alternateName":"Avrio Institute","url":"https:\/\/www.avrio.ch\/","logo":{"@id":"https:\/\/www.avrio.ch\/enroll-now\/application-fee-payment\/transaction-canceled\/#local-main-organization-logo"},"image":{"@id":"https:\/\/www.avrio.ch\/enroll-now\/application-fee-payment\/transaction-canceled\/#local-main-organization-logo"},"sameAs":["https:\/\/www.facebook.com\/institutavriodegeneve\/","https:\/\/x.com\/AvrioDeGeneve","https:\/\/www.instagram.com\/institutavriodegeneve\/","https:\/\/www.linkedin.com\/in\/avrio-de-geneve-024392194\/","https:\/\/www.youtube.com\/channel\/UCPP2orNhGglhisZlldUbnkQ"],"address":{"@id":"https:\/\/www.avrio.ch\/enroll-now\/application-fee-payment\/transaction-canceled\/#local-main-place-address"},"telephone":["+41794642989"],"openingHoursSpecification":[{"@type":"OpeningHoursSpecification","dayOfWeek":["Sunday","Wednesday","Saturday"],"opens":"00:00","closes":"00:00"},{"@type":"OpeningHoursSpecification","dayOfWeek":["Monday","Tuesday","Thursday","Friday"],"opens":"09:00","closes":"11:00"}],"email":"info@avrio.ch"},{"@type":"PostalAddress","@id":"https:\/\/www.avrio.ch\/enroll-now\/application-fee-payment\/transaction-canceled\/#local-main-place-address","streetAddress":"Rue de la Cit\u00e9 1","addressLocality":"Geneva","postalCode":"1204","addressRegion":"Geneva","addressCountry":"CH"},{"@type":"ImageObject","inLanguage":"fr-FR","@id":"https:\/\/www.avrio.ch\/enroll-now\/application-fee-payment\/transaction-canceled\/#local-main-organization-logo","url":"https:\/\/www.avrio.ch\/v23\/wp-content\/uploads\/2020\/04\/logo-new-img-1.png","contentUrl":"https:\/\/www.avrio.ch\/v23\/wp-content\/uploads\/2020\/04\/logo-new-img-1.png","width":539,"height":600,"caption":"Institut Avrio de Gen\u00e8ve"}]},"geo.placename":"Geneva","geo.region":"Suisse"},"_links":{"self":[{"href":"https:\/\/www.avrio.ch\/fr\/wp-json\/wp\/v2\/pages\/24717","targetHints":{"allow":["GET"]}}],"collection":[{"href":"https:\/\/www.avrio.ch\/fr\/wp-json\/wp\/v2\/pages"}],"about":[{"href":"https:\/\/www.avrio.ch\/fr\/wp-json\/wp\/v2\/types\/page"}],"author":[{"embeddable":true,"href":"https:\/\/www.avrio.ch\/fr\/wp-json\/wp\/v2\/users\/1"}],"replies":[{"embeddable":true,"href":"https:\/\/www.avrio.ch\/fr\/wp-json\/wp\/v2\/comments?post=24717"}],"version-history":[{"count":0,"href":"https:\/\/www.avrio.ch\/fr\/wp-json\/wp\/v2\/pages\/24717\/revisions"}],"up":[{"embeddable":true,"href":"https:\/\/www.avrio.ch\/fr\/wp-json\/wp\/v2\/pages\/24691"}],"wp:attachment":[{"href":"https:\/\/www.avrio.ch\/fr\/wp-json\/wp\/v2\/media?parent=24717"}],"curies":[{"name":"wp","href":"https:\/\/api.w.org\/{rel}","templated":true}]}}