{"id":24892,"date":"2021-12-19T15:55:33","date_gmt":"2021-12-19T14:55:33","guid":{"rendered":"https:\/\/www.avrio.ch\/v23\/master-7\/"},"modified":"2023-08-21T11:04:21","modified_gmt":"2023-08-21T09:04:21","slug":"transferencia-de-creditos","status":"publish","type":"page","link":"https:\/\/www.avrio.ch\/es\/usc\/azteca-university\/own-degrees\/credits-transfer\/","title":{"rendered":"Transferencia de cr\u00e9ditos"},"content":{"rendered":"<h2 style=\"text-align: center;\"><a href=\"https:\/\/www.avrio.ch\/es\/v23\/usc\/universidad-azteca\/own-degree\/\">Universidad Azteca T\u00edtulos propios<\/a><\/h2>\n<p style=\"text-align: center;\"><strong><a href=\"https:\/\/www.avrio.ch\/es\/v23\/usc\/universidad-azteca\/own-degree\/transferencia-de-creditos\/\">Transferencia de cr\u00e9ditos<\/a><\/strong> | <a href=\"https:\/\/www.avrio.ch\/es\/v23\/usc\/universidad-azteca\/own-degree\/certificado-profesional\/\"><strong>Certificado Profesional<\/strong><\/a> | Maestro: <strong><a href=\"https:\/\/www.avrio.ch\/es\/v23\/usc\/universidad-azteca\/own-degree\/evaluacion-previa-del-aprendizaje\/\">Evaluaci\u00f3n del aprendizaje previo<\/a><\/strong> | <strong><a href=\"https:\/\/www.avrio.ch\/es\/v23\/usc\/universidad-azteca\/own-degree\/convalidacion-de-titulos\/\">Convalidaci\u00f3n de T\u00edtulos<\/a><\/strong><br \/>\nDoctorado: (<a href=\"https:\/\/www.avrio.ch\/es\/v23\/usc\/universidad-azteca\/own-degree\/doctor-de-la-universidad\/por-resultados-anteriores-y-por-logros\/\"><strong>Resultados y logros previos<\/strong><\/a> | <strong><a href=\"https:\/\/www.avrio.ch\/es\/v23\/usc\/universidad-azteca\/own-degree\/doctor-de-la-universidad\/evaluacion-previa-del-aprendizaje\/\">Evaluaci\u00f3n del aprendizaje previo<\/a><\/strong> | <strong><a href=\"https:\/\/www.avrio.ch\/es\/v23\/usc\/universidad-azteca\/own-degree\/doctor-de-la-universidad\/por-publicacion\/\">Publicaci\u00f3n<\/a><\/strong> | <strong><a href=\"https:\/\/www.avrio.ch\/es\/v23\/usc\/universidad-azteca\/own-degree\/doctor-de-la-universidad\/por-tesis\/\">Tesis<\/a><\/strong>) | <a href=\"https:\/\/www.avrio.ch\/es\/v23\/usc\/universidad-azteca\/own-degree\/informacion-del-estudiante\/\">Informaci\u00f3n del estudiante<\/a><\/p>\n<p style=\"text-align: justify;\"><span style=\"text-decoration: underline; color: #000000;\"><span class=\"internallink\"><strong>Opci\u00f3n 1) Reconocimiento de Cr\u00e9ditos de Transferencia<\/strong><\/span><\/span><\/p>\n<p style=\"text-align: justify;\">Porque el aprendizaje que puede reconocerse mediante credenciales y certificados de pruebas aprobadas previamente ofrece una evaluaci\u00f3n mucho menos complicada que la que es posible con la validaci\u00f3n del portafolio del aprendizaje previo.<\/p>\n<p style=\"text-align: justify;\">Los candidatos que hayan obtenido suficientes cr\u00e9ditos en cursos anteriores que conduzcan a cualquier t\u00edtulo pueden transferir sus t\u00edtulos de una variedad de fuentes a un t\u00edtulo otorgado por la Universidad Azteca en el \u00e1rea de Estudios Avanzados.<\/p>\n<p style=\"text-align: justify;\">Este programa es diferente del <a href=\"https:\/\/www.avrio.ch\/es\/v23\/usc\/universidad-azteca\/own-degree\/certificado-profesional\/\">Certificado Profesional<\/a> (<a href=\"https:\/\/www.avrio.ch\/es\/v23\/usc\/universidad-azteca\/own-degree\/master-of-university\/estudios-profesionales\/\">Estudios Profesionales<\/a>) y la Validaci\u00f3n de <a href=\"https:\/\/www.avrio.ch\/es\/v23\/usc\/universidad-azteca\/own-degree\/evaluacion-previa-del-aprendizaje\/\">Antes de aprender<\/a> (<a href=\"https:\/\/www.avrio.ch\/es\/v23\/usc\/universidad-azteca\/own-degree\/master-of-university\/estudios-individuales\/\">Estudios individuales<\/a>) porque se basa enteramente en el reconocimiento de los cr\u00e9ditos transferidos ya obtenidos en el nivel postsecundario.<\/p>\n<p style=\"text-align: justify;\">Requisitos de grado para el <a href=\"https:\/\/www.avrio.ch\/es\/v23\/usc\/universidad-azteca\/own-degree\/master-of-university\/estudios-avanzados\/\">Maestr\u00eda en Estudios Avanzados<\/a> o el <a href=\"https:\/\/www.avrio.ch\/es\/v23\/usc\/universidad-azteca\/mba-emba\/\">MBA<\/a>: Al menos una cualificaci\u00f3n profesional de nivel 5 o 6 del Marco Europeo de Cualificaciones como requisito de acceso, adem\u00e1s de 60 cr\u00e9ditos ECTS obtenidos profesionalmente documentados.<\/p>\n<p style=\"text-align: justify;\"><strong>Obtenga cr\u00e9dito mediante transferencia de cr\u00e9dito<\/strong><\/p>\n<p style=\"text-align: justify;\">Los cr\u00e9ditos aceptados mediante transferencia por la Universidad Azteca podr\u00e1n provenir \u00fanicamente de colegios y universidades acreditados regionalmente. A continuaci\u00f3n se incluyen las experiencias educativas de nivel universitario que la Universidad Azteca podr\u00e1 aceptar para cr\u00e9dito mediante transferencia:<\/p>\n<p style=\"text-align: justify;\"><strong><em>Colegios y universidades acreditados<\/em><\/strong><\/p>\n<p style=\"text-align: justify;\">Los cr\u00e9ditos obtenidos en un colegio o universidad acreditada o candidata a la acreditaci\u00f3n por un organismo de acreditaci\u00f3n institucional podr\u00e1n ser transferidos a la Universidad Azteca independientemente del n\u00famero de instituciones a las que asista. La Universidad Azteca no transfiere cursos sin calificaciones aprobatorias.<\/p>\n<p style=\"text-align: justify;\">Es posible que se solicite a los estudiantes que proporcionen descripciones de los cursos, o una copia del cat\u00e1logo de la instituci\u00f3n donde se tomaron los cursos, para permitir evaluaciones curso por curso al determinar si dichos cursos pueden ser aceptados para los requisitos de grado de las titulaciones de la Universidad Azteca. Si se necesitan descripciones, se deben solicitar al registrador de la universidad donde se completaron los cursos. Se deber\u00e1 presentar un expediente acad\u00e9mico oficial de cada instituci\u00f3n a evaluar. La Universidad Azteca no aceptar\u00e1 cr\u00e9ditos listados como \u201ctransferibles\u201d en el expediente acad\u00e9mico de una instituci\u00f3n.<\/p>\n<p style=\"text-align: justify;\">La Universidad Azteca aceptar\u00e1 cr\u00e9ditos de universidades extranjeras que est\u00e9n reconocidas por la autoridad educativa de ese pa\u00eds y que figuren en una de las publicaciones que incluyan colegios y universidades reconocidas.<\/p>\n<p style=\"text-align: justify;\"><strong><span style=\"color: #000000;\"><em class=\"internallink\">Aceptaci\u00f3n de Cr\u00e9ditos de Programas de Posgrado<\/em><\/span><\/strong><\/p>\n<p style=\"text-align: justify;\">La Universidad Azteca aceptar\u00e1 cr\u00e9ditos de trabajos de posgrado para postular a un programa.<\/p>\n<p style=\"text-align: justify;\"><strong><em>Demostraci\u00f3n de moneda<\/em><\/strong><\/p>\n<p style=\"text-align: justify;\">Debido a los r\u00e1pidos cambios que ocurren hoy en los campos tecnol\u00f3gico y empresarial, es importante que los graduados universitarios de hoy mantengan conocimientos actualizados en su campo. Por lo tanto, puede ser necesario que los estudiantes \u201cdemuestren vigencia\u201d para poder transferir cr\u00e9ditos obtenidos previamente en otros colegios y universidades acreditados.<\/p>\n<p style=\"text-align: justify;\">La demostraci\u00f3n de moneda se refiere a la transferencia de cr\u00e9ditos. Si los cr\u00e9ditos que desea transferir a la Universidad tienen m\u00e1s de 10 a\u00f1os al momento de la solicitud a la Universidad, deber\u00e1 demostrar moneda para estos cursos. Puede validar estos cr\u00e9ditos de transferencia completando una conferencia oral con un consultor de la facultad que cubra los desarrollos contempor\u00e1neos en el tema en cuesti\u00f3n. Debes estar matriculado en la Universidad para realizar este tr\u00e1mite.<\/p>\n<p style=\"text-align: justify;\"><a href=\"https:\/\/www.avrio.ch\/es\/v23\/?attachment_id=21290\">DESCARGUE LA CARPETA DE INFORMACI\u00d3N DE VALIDACI\u00d3N (PDF)<\/a><\/p>","protected":false},"excerpt":{"rendered":"<p>Azteca University Own degrees Credits Transfer | Professional Certification | Master: Prior Learning Assessment | Degree Validation Doctorate: (Prior Output &amp; Achievement | Prior Learning Assessment | Publication | Thesis) | Student Info Option 1) Recognition of Transfer Credits For the learning that can be recognised by credentials and certificates of previously passed tests offer [&hellip;]<\/p>\n","protected":false},"author":1,"featured_media":0,"parent":24879,"menu_order":0,"comment_status":"closed","ping_status":"closed","template":"","meta":{"_acf_changed":false,"site-sidebar-layout":"default","site-content-layout":"","ast-site-content-layout":"default","site-content-style":"default","site-sidebar-style":"default","ast-global-header-display":"","ast-banner-title-visibility":"","ast-main-header-display":"","ast-hfb-above-header-display":"","ast-hfb-below-header-display":"","ast-hfb-mobile-header-display":"","site-post-title":"","ast-breadcrumbs-content":"","ast-featured-img":"","footer-sml-layout":"","ast-disable-related-posts":"","theme-transparent-header-meta":"default","adv-header-id-meta":"","stick-header-meta":"default","header-above-stick-meta":"","header-main-stick-meta":"","header-below-stick-meta":"","astra-migrate-meta-layouts":"set","ast-page-background-enabled":"default","ast-page-background-meta":{"desktop":{"background-color":"var(--ast-global-color-4)","background-image":"","background-repeat":"repeat","background-position":"center center","background-size":"auto","background-attachment":"scroll","background-type":"","background-media":"","overlay-type":"","overlay-color":"","overlay-opacity":"","overlay-gradient":""},"tablet":{"background-color":"","background-image":"","background-repeat":"repeat","background-position":"center center","background-size":"auto","background-attachment":"scroll","background-type":"","background-media":"","overlay-type":"","overlay-color":"","overlay-opacity":"","overlay-gradient":""},"mobile":{"background-color":"","background-image":"","background-repeat":"repeat","background-position":"center center","background-size":"auto","background-attachment":"scroll","background-type":"","background-media":"","overlay-type":"","overlay-color":"","overlay-opacity":"","overlay-gradient":""}},"ast-content-background-meta":{"desktop":{"background-color":"var(--ast-global-color-5)","background-image":"","background-repeat":"repeat","background-position":"center center","background-size":"auto","background-attachment":"scroll","background-type":"","background-media":"","overlay-type":"","overlay-color":"","overlay-opacity":"","overlay-gradient":""},"tablet":{"background-color":"var(--ast-global-color-5)","background-image":"","background-repeat":"repeat","background-position":"center center","background-size":"auto","background-attachment":"scroll","background-type":"","background-media":"","overlay-type":"","overlay-color":"","overlay-opacity":"","overlay-gradient":""},"mobile":{"background-color":"var(--ast-global-color-5)","background-image":"","background-repeat":"repeat","background-position":"center center","background-size":"auto","background-attachment":"scroll","background-type":"","background-media":"","overlay-type":"","overlay-color":"","overlay-opacity":"","overlay-gradient":""}},"footnotes":""},"class_list":["post-24892","page","type-page","status-publish","hentry"],"acf":[],"yoast_head":"<!-- This site is optimized with the Yoast SEO Premium plugin v27.4 (Yoast SEO v27.4) - https:\/\/yoast.com\/product\/yoast-seo-premium-wordpress\/ -->\n<title>Credits Transfer - Institut Avrio de Gen\u00e8ve<\/title>\n<meta name=\"description\" content=\"Azteca University Own degrees Credits Transfer | Professional Certification | Master: Prior Learning Assessment | Degree Validation Doctorate: (Prior\" \/>\n<meta name=\"robots\" content=\"index, follow, max-snippet:-1, max-image-preview:large, max-video-preview:-1\" \/>\n<link rel=\"canonical\" href=\"https:\/\/www.avrio.ch\/es\/usc\/universidad-azteca\/propios-grados\/transferencia-de-creditos\/\" \/>\n<meta property=\"og:locale\" content=\"es_ES\" \/>\n<meta property=\"og:type\" content=\"article\" \/>\n<meta property=\"og:title\" content=\"Credits Transfer\" \/>\n<meta property=\"og:description\" content=\"Azteca University Own degrees Credits Transfer | Professional Certification | Master: Prior Learning Assessment | Degree Validation Doctorate: (Prior\" \/>\n<meta property=\"og:url\" content=\"https:\/\/www.avrio.ch\/es\/usc\/universidad-azteca\/propios-grados\/transferencia-de-creditos\/\" \/>\n<meta property=\"og:site_name\" content=\"Institut Avrio de Gen\u00e8ve\" \/>\n<meta property=\"article:publisher\" content=\"https:\/\/www.facebook.com\/institutavriodegeneve\/\" \/>\n<meta property=\"article:modified_time\" content=\"2023-08-21T09:04:21+00:00\" \/>\n<meta property=\"og:image\" content=\"https:\/\/www.avrio.ch\/v23\/wp-content\/uploads\/2020\/06\/logo-2.png\" \/>\n\t<meta property=\"og:image:width\" content=\"600\" \/>\n\t<meta property=\"og:image:height\" content=\"224\" \/>\n\t<meta property=\"og:image:type\" content=\"image\/png\" \/>\n<meta name=\"twitter:card\" content=\"summary_large_image\" \/>\n<meta name=\"twitter:site\" content=\"@AvrioDeGeneve\" \/>\n<meta name=\"twitter:label1\" content=\"Tiempo de lectura\" \/>\n\t<meta name=\"twitter:data1\" content=\"3 minutos\" \/>\n<script type=\"application\/ld+json\" class=\"yoast-schema-graph\">{\"@context\":\"https:\\\/\\\/schema.org\",\"@graph\":[{\"@type\":\"WebPage\",\"@id\":\"https:\\\/\\\/www.avrio.ch\\\/usc\\\/azteca-university\\\/own-degrees\\\/credits-transfer\\\/\",\"url\":\"https:\\\/\\\/www.avrio.ch\\\/usc\\\/azteca-university\\\/own-degrees\\\/credits-transfer\\\/\",\"name\":\"Credits Transfer - Institut Avrio de Gen\u00e8ve\",\"isPartOf\":{\"@id\":\"https:\\\/\\\/www.avrio.ch\\\/#website\"},\"datePublished\":\"2021-12-19T14:55:33+00:00\",\"dateModified\":\"2023-08-21T09:04:21+00:00\",\"description\":\"Azteca University Own degrees Credits Transfer | Professional Certification | Master: Prior Learning Assessment | Degree Validation Doctorate: (Prior\",\"breadcrumb\":{\"@id\":\"https:\\\/\\\/www.avrio.ch\\\/usc\\\/azteca-university\\\/own-degrees\\\/credits-transfer\\\/#breadcrumb\"},\"inLanguage\":\"es\",\"potentialAction\":[{\"@type\":\"ReadAction\",\"target\":[\"https:\\\/\\\/www.avrio.ch\\\/usc\\\/azteca-university\\\/own-degrees\\\/credits-transfer\\\/\"]}]},{\"@type\":\"BreadcrumbList\",\"@id\":\"https:\\\/\\\/www.avrio.ch\\\/usc\\\/azteca-university\\\/own-degrees\\\/credits-transfer\\\/#breadcrumb\",\"itemListElement\":[{\"@type\":\"ListItem\",\"position\":1,\"name\":\"Home\",\"item\":\"https:\\\/\\\/www.avrio.ch\\\/\"},{\"@type\":\"ListItem\",\"position\":2,\"name\":\"Universities Studies Center\",\"item\":\"https:\\\/\\\/www.avrio.ch\\\/usc\\\/\"},{\"@type\":\"ListItem\",\"position\":3,\"name\":\"Azteca University\",\"item\":\"https:\\\/\\\/www.avrio.ch\\\/usc\\\/azteca-university\\\/\"},{\"@type\":\"ListItem\",\"position\":4,\"name\":\"Azteca University Own degrees\",\"item\":\"https:\\\/\\\/www.avrio.ch\\\/usc\\\/azteca-university\\\/own-degrees\\\/\"},{\"@type\":\"ListItem\",\"position\":5,\"name\":\"Credits Transfer\"}]},{\"@type\":\"WebSite\",\"@id\":\"https:\\\/\\\/www.avrio.ch\\\/#website\",\"url\":\"https:\\\/\\\/www.avrio.ch\\\/\",\"name\":\"Institut Avrio de Gen\u00e8ve\",\"description\":\"Online Business Management &amp; Information Technology Institute\",\"publisher\":{\"@id\":\"https:\\\/\\\/www.avrio.ch\\\/#organization\"},\"alternateName\":\"Avrio Institute\",\"potentialAction\":[{\"@type\":\"SearchAction\",\"target\":{\"@type\":\"EntryPoint\",\"urlTemplate\":\"https:\\\/\\\/www.avrio.ch\\\/?s={search_term_string}\"},\"query-input\":{\"@type\":\"PropertyValueSpecification\",\"valueRequired\":true,\"valueName\":\"search_term_string\"}}],\"inLanguage\":\"es\"},{\"@type\":[\"Organization\",\"Place\",\"CollegeOrUniversity\"],\"@id\":\"https:\\\/\\\/www.avrio.ch\\\/#organization\",\"name\":\"Institut Avrio de Gen\u00e8ve\",\"alternateName\":\"Avrio Institute\",\"url\":\"https:\\\/\\\/www.avrio.ch\\\/\",\"logo\":{\"@id\":\"https:\\\/\\\/www.avrio.ch\\\/usc\\\/azteca-university\\\/own-degrees\\\/credits-transfer\\\/#local-main-organization-logo\"},\"image\":{\"@id\":\"https:\\\/\\\/www.avrio.ch\\\/usc\\\/azteca-university\\\/own-degrees\\\/credits-transfer\\\/#local-main-organization-logo\"},\"sameAs\":[\"https:\\\/\\\/www.facebook.com\\\/institutavriodegeneve\\\/\",\"https:\\\/\\\/x.com\\\/AvrioDeGeneve\",\"https:\\\/\\\/www.instagram.com\\\/institutavriodegeneve\\\/\",\"https:\\\/\\\/www.linkedin.com\\\/in\\\/avrio-de-geneve-024392194\\\/\",\"https:\\\/\\\/www.youtube.com\\\/channel\\\/UCPP2orNhGglhisZlldUbnkQ\"],\"address\":{\"@id\":\"https:\\\/\\\/www.avrio.ch\\\/usc\\\/azteca-university\\\/own-degrees\\\/credits-transfer\\\/#local-main-place-address\"},\"telephone\":[\"+41794642989\"],\"openingHoursSpecification\":[{\"@type\":\"OpeningHoursSpecification\",\"dayOfWeek\":[\"Sunday\",\"Wednesday\",\"Saturday\"],\"opens\":\"00:00\",\"closes\":\"00:00\"},{\"@type\":\"OpeningHoursSpecification\",\"dayOfWeek\":[\"Monday\",\"Tuesday\",\"Thursday\",\"Friday\"],\"opens\":\"09:00\",\"closes\":\"11:00\"}],\"email\":\"info@avrio.ch\"},{\"@type\":\"PostalAddress\",\"@id\":\"https:\\\/\\\/www.avrio.ch\\\/usc\\\/azteca-university\\\/own-degrees\\\/credits-transfer\\\/#local-main-place-address\",\"streetAddress\":\"Rue de la Cit\u00e9 1\",\"addressLocality\":\"Geneva\",\"postalCode\":\"1204\",\"addressRegion\":\"Geneva\",\"addressCountry\":\"CH\"},{\"@type\":\"ImageObject\",\"inLanguage\":\"es\",\"@id\":\"https:\\\/\\\/www.avrio.ch\\\/usc\\\/azteca-university\\\/own-degrees\\\/credits-transfer\\\/#local-main-organization-logo\",\"url\":\"https:\\\/\\\/www.avrio.ch\\\/v23\\\/wp-content\\\/uploads\\\/2020\\\/04\\\/logo-new-img-1.png\",\"contentUrl\":\"https:\\\/\\\/www.avrio.ch\\\/v23\\\/wp-content\\\/uploads\\\/2020\\\/04\\\/logo-new-img-1.png\",\"width\":539,\"height\":600,\"caption\":\"Institut Avrio de Gen\u00e8ve\"}]}<\/script>\n<meta name=\"geo.placename\" content=\"Geneva\" \/>\n<meta name=\"geo.region\" content=\"Suiza\" \/>\n<!-- \/ Yoast SEO Premium plugin. -->","yoast_head_json":{"title":"Transferencia de cr\u00e9ditos - Institut Avrio de Gen\u00e8ve","description":"Universidad Azteca T\u00edtulos propios Transferencia de Cr\u00e9ditos | Certificaci\u00f3n Profesional | M\u00e1ster: Evaluaci\u00f3n del Aprendizaje Previo | Doctorado en Convalidaci\u00f3n de T\u00edtulo: (Previo","robots":{"index":"index","follow":"follow","max-snippet":"max-snippet:-1","max-image-preview":"max-image-preview:large","max-video-preview":"max-video-preview:-1"},"canonical":"https:\/\/www.avrio.ch\/es\/usc\/universidad-azteca\/propios-grados\/transferencia-de-creditos\/","og_locale":"es_ES","og_type":"article","og_title":"Credits Transfer","og_description":"Azteca University Own degrees Credits Transfer | Professional Certification | Master: Prior Learning Assessment | Degree Validation Doctorate: (Prior","og_url":"https:\/\/www.avrio.ch\/es\/usc\/universidad-azteca\/propios-grados\/transferencia-de-creditos\/","og_site_name":"Institut Avrio de Gen\u00e8ve","article_publisher":"https:\/\/www.facebook.com\/institutavriodegeneve\/","article_modified_time":"2023-08-21T09:04:21+00:00","og_image":[{"width":600,"height":224,"url":"https:\/\/www.avrio.ch\/v23\/wp-content\/uploads\/2020\/06\/logo-2.png","type":"image\/png"}],"twitter_card":"summary_large_image","twitter_site":"@AvrioDeGeneve","twitter_misc":{"Tiempo de lectura":"3 minutos"},"schema":{"@context":"https:\/\/schema.org","@graph":[{"@type":"WebPage","@id":"https:\/\/www.avrio.ch\/usc\/azteca-university\/own-degrees\/credits-transfer\/","url":"https:\/\/www.avrio.ch\/usc\/azteca-university\/own-degrees\/credits-transfer\/","name":"Transferencia de cr\u00e9ditos - Institut Avrio de Gen\u00e8ve","isPartOf":{"@id":"https:\/\/www.avrio.ch\/#website"},"datePublished":"2021-12-19T14:55:33+00:00","dateModified":"2023-08-21T09:04:21+00:00","description":"Universidad Azteca T\u00edtulos propios Transferencia de Cr\u00e9ditos | Certificaci\u00f3n Profesional | M\u00e1ster: Evaluaci\u00f3n del Aprendizaje Previo | Doctorado en Convalidaci\u00f3n de T\u00edtulo: (Previo","breadcrumb":{"@id":"https:\/\/www.avrio.ch\/usc\/azteca-university\/own-degrees\/credits-transfer\/#breadcrumb"},"inLanguage":"es","potentialAction":[{"@type":"ReadAction","target":["https:\/\/www.avrio.ch\/usc\/azteca-university\/own-degrees\/credits-transfer\/"]}]},{"@type":"BreadcrumbList","@id":"https:\/\/www.avrio.ch\/usc\/azteca-university\/own-degrees\/credits-transfer\/#breadcrumb","itemListElement":[{"@type":"ListItem","position":1,"name":"Home","item":"https:\/\/www.avrio.ch\/"},{"@type":"ListItem","position":2,"name":"Universities Studies Center","item":"https:\/\/www.avrio.ch\/usc\/"},{"@type":"ListItem","position":3,"name":"Azteca University","item":"https:\/\/www.avrio.ch\/usc\/azteca-university\/"},{"@type":"ListItem","position":4,"name":"Azteca University Own degrees","item":"https:\/\/www.avrio.ch\/usc\/azteca-university\/own-degrees\/"},{"@type":"ListItem","position":5,"name":"Credits Transfer"}]},{"@type":"WebSite","@id":"https:\/\/www.avrio.ch\/#website","url":"https:\/\/www.avrio.ch\/","name":"Instituto Avrio de Ginebra","description":"Instituto de Tecnolog\u00eda de la Informaci\u00f3n y Gesti\u00f3n Empresarial en L\u00ednea","publisher":{"@id":"https:\/\/www.avrio.ch\/#organization"},"alternateName":"Avrio Institute","potentialAction":[{"@type":"SearchAction","target":{"@type":"EntryPoint","urlTemplate":"https:\/\/www.avrio.ch\/?s={search_term_string}"},"query-input":{"@type":"PropertyValueSpecification","valueRequired":true,"valueName":"search_term_string"}}],"inLanguage":"es"},{"@type":["Organization","Place","CollegeOrUniversity"],"@id":"https:\/\/www.avrio.ch\/#organization","name":"Instituto Avrio de Ginebra","alternateName":"Avrio Institute","url":"https:\/\/www.avrio.ch\/","logo":{"@id":"https:\/\/www.avrio.ch\/usc\/azteca-university\/own-degrees\/credits-transfer\/#local-main-organization-logo"},"image":{"@id":"https:\/\/www.avrio.ch\/usc\/azteca-university\/own-degrees\/credits-transfer\/#local-main-organization-logo"},"sameAs":["https:\/\/www.facebook.com\/institutavriodegeneve\/","https:\/\/x.com\/AvrioDeGeneve","https:\/\/www.instagram.com\/institutavriodegeneve\/","https:\/\/www.linkedin.com\/in\/avrio-de-geneve-024392194\/","https:\/\/www.youtube.com\/channel\/UCPP2orNhGglhisZlldUbnkQ"],"address":{"@id":"https:\/\/www.avrio.ch\/usc\/azteca-university\/own-degrees\/credits-transfer\/#local-main-place-address"},"telephone":["+41794642989"],"openingHoursSpecification":[{"@type":"OpeningHoursSpecification","dayOfWeek":["Sunday","Wednesday","Saturday"],"opens":"00:00","closes":"00:00"},{"@type":"OpeningHoursSpecification","dayOfWeek":["Monday","Tuesday","Thursday","Friday"],"opens":"09:00","closes":"11:00"}],"email":"info@avrio.ch"},{"@type":"PostalAddress","@id":"https:\/\/www.avrio.ch\/usc\/azteca-university\/own-degrees\/credits-transfer\/#local-main-place-address","streetAddress":"Rue de la Cit\u00e9 1","addressLocality":"Geneva","postalCode":"1204","addressRegion":"Geneva","addressCountry":"CH"},{"@type":"ImageObject","inLanguage":"es","@id":"https:\/\/www.avrio.ch\/usc\/azteca-university\/own-degrees\/credits-transfer\/#local-main-organization-logo","url":"https:\/\/www.avrio.ch\/v23\/wp-content\/uploads\/2020\/04\/logo-new-img-1.png","contentUrl":"https:\/\/www.avrio.ch\/v23\/wp-content\/uploads\/2020\/04\/logo-new-img-1.png","width":539,"height":600,"caption":"Institut Avrio de Gen\u00e8ve"}]},"geo.placename":"Geneva","geo.region":"Suiza"},"_links":{"self":[{"href":"https:\/\/www.avrio.ch\/es\/wp-json\/wp\/v2\/pages\/24892","targetHints":{"allow":["GET"]}}],"collection":[{"href":"https:\/\/www.avrio.ch\/es\/wp-json\/wp\/v2\/pages"}],"about":[{"href":"https:\/\/www.avrio.ch\/es\/wp-json\/wp\/v2\/types\/page"}],"author":[{"embeddable":true,"href":"https:\/\/www.avrio.ch\/es\/wp-json\/wp\/v2\/users\/1"}],"replies":[{"embeddable":true,"href":"https:\/\/www.avrio.ch\/es\/wp-json\/wp\/v2\/comments?post=24892"}],"version-history":[{"count":0,"href":"https:\/\/www.avrio.ch\/es\/wp-json\/wp\/v2\/pages\/24892\/revisions"}],"up":[{"embeddable":true,"href":"https:\/\/www.avrio.ch\/es\/wp-json\/wp\/v2\/pages\/24879"}],"wp:attachment":[{"href":"https:\/\/www.avrio.ch\/es\/wp-json\/wp\/v2\/media?parent=24892"}],"curies":[{"name":"wp","href":"https:\/\/api.w.org\/{rel}","templated":true}]}}