{"id":24874,"date":"2021-12-18T01:48:31","date_gmt":"2021-12-18T00:48:31","guid":{"rendered":"https:\/\/www.avrio.ch\/v23\/doctor-of-letters\/"},"modified":"2023-08-21T12:48:49","modified_gmt":"2023-08-21T10:48:49","slug":"doctor-en-letras","status":"publish","type":"page","link":"https:\/\/www.avrio.ch\/es\/usc\/azteca-university\/doctor-of-letters\/","title":{"rendered":"Doctor en Letras (Dr.Litt)"},"content":{"rendered":"<p style=\"text-align: justify;\"><span style=\"color: #000000;\">Los candidatos en el \u00e1rea de Estudios de Artes y Humanidades califican para el t\u00edtulo de Doctor POSTDOCTORAL en Letras de la Universidad Azteca.<\/span><\/p>\n<p style=\"text-align: justify;\"><span style=\"color: #000000;\">Doctor en Letras es un t\u00edtulo acad\u00e9mico, un doctorado de la Universidad e igual al Doctorado en Ciencias, que otorga la Universidad Azteca en reconocimiento a logros sobresalientes en las humanidades, contribuci\u00f3n original a las artes creativas o erudici\u00f3n y otros m\u00e9ritos.<\/span><\/p>\n<p style=\"text-align: justify;\"><span style=\"color: #000000;\">Los candidatos admitidos ser\u00e1n invitados a un examen de diagn\u00f3stico en l\u00ednea de los requisitos del t\u00edtulo. <\/span><\/p>\n<h3>TIPO Y CARGA DE TRABAJO DEL PROGRAMA<\/h3>\n<p><strong>TIPO<\/strong>: Premio interno Universidad Azteca, programa propio de la universidad acc. Arte. 59 Ley General de Educaci\u00f3n.<\/p>\n<p><strong>NIVEL<\/strong>: Tercer ciclo, nivel 8 Premio propio universitario MMC. Estudios postdoctorales.<\/p>\n<p><strong>CARGA DE TRABAJO<\/strong>: 120 ECTS<\/p>\n<h3>UNIVERSIDAD ADJUDICATIVA Y GRUPO OBJETIVO<\/h3>\n<p><strong>UNIVERSIDAD ADJUDICATIVA:<\/strong> Universidad Azteca, Chalco, M\u00e9xico.<\/p>\n<p><strong>DEPARTAMENTO UNIVERSITARIO EN EUROPA<\/strong>: Programas Europeos de la Universidad Azteca. <div class=\"su-pullquote su-pullquote-align-right\">Conozca m\u00e1s sobre el <a href=\"https:\/\/avrio.edu.eu\/usc\/azteca-university\/own-degree\/doctor-of-the-university\/\">doctor de la universidad<\/a><\/div>\n<p><strong>GRUPO OBJETIVO:<\/strong> Graduados de doctorado interesados en realizar estudios posdoctorales en alguna de las disciplinas que ofrece la Universidad Azteca persiguiendo la finalizaci\u00f3n del programa de doctorado mediante tesis\/examen de doctorado.<\/p>\n<p><strong>ESPECIALIZACI\u00d3N:<\/strong> Universidad Azteca estudia nivel 8 MMC (EQF)<\/p>\n<p><strong>DISCIPLINAS:<\/strong> Disciplinas que ofrece la Universidad Azteca en las \u00e1reas de Artes y Humanidades.<\/p>\n<p><strong>IDIOMA DE ESTUDIO:<\/strong> Ingl\u00e9s, Alem\u00e1n, Espa\u00f1ol<\/p>\n<p><strong>REQUISITO DE ADMISI\u00d3N<\/strong>: Doctorado o t\u00edtulo equivalente y cursos o calificaciones de posgrado para transferencia de cr\u00e9ditos al programa o experiencia de investigaci\u00f3n.<\/p>\n<h3>Modalidad y Equipo del Curso<\/h3>\n<p><strong>MODALIDAD<\/strong>: modalidad e-learning y educaci\u00f3n a distancia.<\/p>\n<p><strong>EQUIPO DEL CURSO:<\/strong> Prof. Dr. Gerhard Berchtold, Prof. Dr. Friedrich Luhan, Prof. Dr. Ricardo Saavedra Hidalgo, Prof. Dr. Felipe Fern\u00e1ndez Rivadulla, Prof. Dr. Endler<\/p>\n<h3>Plan de estudios<\/h3>\n<table style=\"border-collapse: collapse; width: 100%;\">\n<tbody>\n<tr>\n<td style=\"width: 33.3333%; background-color: #c0c0c0;\"><strong>Transferir cr\u00e9ditos \u2013 Cursos optativos<\/strong><\/td>\n<td style=\"width: 33.3333%; background-color: #c0c0c0;\"><strong>Modo de prueba <\/strong><\/td>\n<td style=\"width: 33.3333%; background-color: #c0c0c0;\"><strong>ECTS<\/strong><\/td>\n<\/tr>\n<tr>\n<td style=\"width: 33.3333%;\">Transferencia del programa de doctorado MPhil\/nivel 8 EQF<\/td>\n<td style=\"width: 33.3333%;\">Transferencia de cr\u00e9ditos<\/td>\n<td style=\"width: 33.3333%;\">60<\/td>\n<\/tr>\n<tr>\n<td style=\"width: 33.3333%; background-color: #c0c0c0;\"><strong>M\u00f3dulo de Ciencias Obligatorio<\/strong><\/td>\n<td style=\"width: 33.3333%; background-color: #c0c0c0;\"><strong>Modo de prueba<\/strong><\/td>\n<td style=\"width: 33.3333%; background-color: #c0c0c0;\"><strong>ECTS<\/strong><\/td>\n<\/tr>\n<tr>\n<td style=\"width: 33.3333%;\">Proyecto de investigaci\u00f3n<\/td>\n<td style=\"width: 33.3333%;\">Presentaci\u00f3n<\/td>\n<td style=\"width: 33.3333%;\">12<\/td>\n<\/tr>\n<tr>\n<td style=\"width: 33.3333%; background-color: #c0c0c0;\"><strong>Tesis \/ Examen Rigorosum<\/strong><\/td>\n<td style=\"width: 33.3333%; background-color: #c0c0c0;\"><strong>Modo de prueba<\/strong><\/td>\n<td style=\"width: 33.3333%; background-color: #c0c0c0;\"><strong>ECTS<\/strong><\/td>\n<\/tr>\n<tr>\n<td style=\"width: 33.3333%;\">Tesis en la especialidad de la disciplina.<\/td>\n<td style=\"width: 33.3333%;\">Presentaci\u00f3n y defensa escrita de tesis.<\/td>\n<td style=\"width: 33.3333%;\">48<\/td>\n<\/tr>\n<tr>\n<td style=\"width: 33.3333%; background-color: #c0c0c0;\"><strong>CARGA DE TRABAJO <\/strong><\/td>\n<td style=\"width: 33.3333%; background-color: #c0c0c0;\"><strong>Modo de prueba<\/strong><\/td>\n<td style=\"width: 33.3333%; background-color: #c0c0c0;\"><strong>ECTS<\/strong><\/td>\n<\/tr>\n<tr>\n<td style=\"width: 33.3333%;\">ECTS<\/td>\n<td style=\"width: 33.3333%;\">Defensa \/ Rigorosum<\/td>\n<td style=\"width: 33.3333%;\">120<\/td>\n<\/tr>\n<\/tbody>\n<\/table>\n<h3 style=\"text-align: center;\">Calificaci\u00f3n: Nivel 8 del Marco Mexicano de Cualificaciones MMC<\/h3>\n<p><a href=\"https:\/\/avrio.edu.eu\/new\/wp-content\/uploads\/2021\/12\/Mexican-Qualifications-Framework.jpg\"><img fetchpriority=\"high\" decoding=\"async\" class=\"size-medium wp-image-20935 aligncenter\" src=\"https:\/\/www.avrio.ch\/v23\/wp-content\/uploads\/2023\/08\/Mexican-Qualifications-Framework-298x300-1.jpg\" alt=\"Marco Mexicano de Cualificaciones\" width=\"298\" height=\"300\" \/><\/a><\/p>","protected":false},"excerpt":{"rendered":"<p>Candidates in the Arts and Humanities Study area qualify for the POSTDOCTORAL Doctor of Letters degree of Universidad Azteca. Doctor of Letters is an academic degree, a doctorate of the University and equal to the Doctor of Science, which is awarded by Universidad Azteca in recognition of outstanding achievement in the humanities, original contribution to [&hellip;]<\/p>\n","protected":false},"author":1,"featured_media":24855,"parent":24845,"menu_order":0,"comment_status":"closed","ping_status":"closed","template":"","meta":{"_acf_changed":false,"site-sidebar-layout":"default","site-content-layout":"","ast-site-content-layout":"default","site-content-style":"default","site-sidebar-style":"default","ast-global-header-display":"","ast-banner-title-visibility":"","ast-main-header-display":"","ast-hfb-above-header-display":"","ast-hfb-below-header-display":"","ast-hfb-mobile-header-display":"","site-post-title":"","ast-breadcrumbs-content":"","ast-featured-img":"","footer-sml-layout":"","ast-disable-related-posts":"","theme-transparent-header-meta":"","adv-header-id-meta":"","stick-header-meta":"","header-above-stick-meta":"","header-main-stick-meta":"","header-below-stick-meta":"","astra-migrate-meta-layouts":"default","ast-page-background-enabled":"default","ast-page-background-meta":{"desktop":{"background-color":"var(--ast-global-color-4)","background-image":"","background-repeat":"repeat","background-position":"center center","background-size":"auto","background-attachment":"scroll","background-type":"","background-media":"","overlay-type":"","overlay-color":"","overlay-opacity":"","overlay-gradient":""},"tablet":{"background-color":"","background-image":"","background-repeat":"repeat","background-position":"center center","background-size":"auto","background-attachment":"scroll","background-type":"","background-media":"","overlay-type":"","overlay-color":"","overlay-opacity":"","overlay-gradient":""},"mobile":{"background-color":"","background-image":"","background-repeat":"repeat","background-position":"center center","background-size":"auto","background-attachment":"scroll","background-type":"","background-media":"","overlay-type":"","overlay-color":"","overlay-opacity":"","overlay-gradient":""}},"ast-content-background-meta":{"desktop":{"background-color":"var(--ast-global-color-5)","background-image":"","background-repeat":"repeat","background-position":"center center","background-size":"auto","background-attachment":"scroll","background-type":"","background-media":"","overlay-type":"","overlay-color":"","overlay-opacity":"","overlay-gradient":""},"tablet":{"background-color":"var(--ast-global-color-5)","background-image":"","background-repeat":"repeat","background-position":"center center","background-size":"auto","background-attachment":"scroll","background-type":"","background-media":"","overlay-type":"","overlay-color":"","overlay-opacity":"","overlay-gradient":""},"mobile":{"background-color":"var(--ast-global-color-5)","background-image":"","background-repeat":"repeat","background-position":"center center","background-size":"auto","background-attachment":"scroll","background-type":"","background-media":"","overlay-type":"","overlay-color":"","overlay-opacity":"","overlay-gradient":""}},"footnotes":""},"class_list":["post-24874","page","type-page","status-publish","has-post-thumbnail","hentry"],"acf":[],"yoast_head":"<!-- This site is optimized with the Yoast SEO Premium plugin v27.4 (Yoast SEO v27.4) - https:\/\/yoast.com\/product\/yoast-seo-premium-wordpress\/ -->\n<title>Doctor of Letters (Dr.Litt) - Institut Avrio de Gen\u00e8ve<\/title>\n<meta name=\"description\" content=\"Candidates in the Arts and Humanities Study area qualify for the POSTDOCTORAL Doctor of Letters degree of Universidad Azteca. Doctor of Letters is an\" \/>\n<meta name=\"robots\" content=\"index, follow, max-snippet:-1, max-image-preview:large, max-video-preview:-1\" \/>\n<link rel=\"canonical\" href=\"https:\/\/www.avrio.ch\/es\/usc\/universidad-azteca\/doctor-en-letras\/\" \/>\n<meta property=\"og:locale\" content=\"es_ES\" \/>\n<meta property=\"og:type\" content=\"article\" \/>\n<meta property=\"og:title\" content=\"Doctor of Letters (Dr.Litt)\" \/>\n<meta property=\"og:description\" content=\"Candidates in the Arts and Humanities Study area qualify for the POSTDOCTORAL Doctor of Letters degree of Universidad Azteca. Doctor of Letters is an\" \/>\n<meta property=\"og:url\" content=\"https:\/\/www.avrio.ch\/es\/usc\/universidad-azteca\/doctor-en-letras\/\" \/>\n<meta property=\"og:site_name\" content=\"Institut Avrio de Gen\u00e8ve\" \/>\n<meta property=\"article:publisher\" content=\"https:\/\/www.facebook.com\/institutavriodegeneve\/\" \/>\n<meta property=\"article:modified_time\" content=\"2023-08-21T10:48:49+00:00\" \/>\n<meta property=\"og:image\" content=\"https:\/\/www.avrio.ch\/v23\/wp-content\/uploads\/2023\/08\/Mexican-Qualifications-Framework-298x300-1.jpg\" \/>\n\t<meta property=\"og:image:width\" content=\"298\" \/>\n\t<meta property=\"og:image:height\" content=\"300\" \/>\n\t<meta property=\"og:image:type\" content=\"image\/jpeg\" \/>\n<meta name=\"twitter:card\" content=\"summary_large_image\" \/>\n<meta name=\"twitter:site\" content=\"@AvrioDeGeneve\" \/>\n<meta name=\"twitter:label1\" content=\"Tiempo de lectura\" \/>\n\t<meta name=\"twitter:data1\" content=\"2 minutos\" \/>\n<script type=\"application\/ld+json\" class=\"yoast-schema-graph\">{\"@context\":\"https:\\\/\\\/schema.org\",\"@graph\":[{\"@type\":\"WebPage\",\"@id\":\"https:\\\/\\\/www.avrio.ch\\\/usc\\\/azteca-university\\\/doctor-of-letters\\\/\",\"url\":\"https:\\\/\\\/www.avrio.ch\\\/usc\\\/azteca-university\\\/doctor-of-letters\\\/\",\"name\":\"Doctor of Letters (Dr.Litt) - Institut Avrio de Gen\u00e8ve\",\"isPartOf\":{\"@id\":\"https:\\\/\\\/www.avrio.ch\\\/#website\"},\"primaryImageOfPage\":{\"@id\":\"https:\\\/\\\/www.avrio.ch\\\/usc\\\/azteca-university\\\/doctor-of-letters\\\/#primaryimage\"},\"image\":{\"@id\":\"https:\\\/\\\/www.avrio.ch\\\/usc\\\/azteca-university\\\/doctor-of-letters\\\/#primaryimage\"},\"thumbnailUrl\":\"https:\\\/\\\/www.avrio.ch\\\/v23\\\/wp-content\\\/uploads\\\/2023\\\/08\\\/Mexican-Qualifications-Framework-298x300-1.jpg\",\"datePublished\":\"2021-12-18T00:48:31+00:00\",\"dateModified\":\"2023-08-21T10:48:49+00:00\",\"description\":\"Candidates in the Arts and Humanities Study area qualify for the POSTDOCTORAL Doctor of Letters degree of Universidad Azteca. Doctor of Letters is an\",\"breadcrumb\":{\"@id\":\"https:\\\/\\\/www.avrio.ch\\\/usc\\\/azteca-university\\\/doctor-of-letters\\\/#breadcrumb\"},\"inLanguage\":\"es\",\"potentialAction\":[{\"@type\":\"ReadAction\",\"target\":[\"https:\\\/\\\/www.avrio.ch\\\/usc\\\/azteca-university\\\/doctor-of-letters\\\/\"]}]},{\"@type\":\"ImageObject\",\"inLanguage\":\"es\",\"@id\":\"https:\\\/\\\/www.avrio.ch\\\/usc\\\/azteca-university\\\/doctor-of-letters\\\/#primaryimage\",\"url\":\"https:\\\/\\\/www.avrio.ch\\\/v23\\\/wp-content\\\/uploads\\\/2023\\\/08\\\/Mexican-Qualifications-Framework-298x300-1.jpg\",\"contentUrl\":\"https:\\\/\\\/www.avrio.ch\\\/v23\\\/wp-content\\\/uploads\\\/2023\\\/08\\\/Mexican-Qualifications-Framework-298x300-1.jpg\",\"width\":298,\"height\":300},{\"@type\":\"BreadcrumbList\",\"@id\":\"https:\\\/\\\/www.avrio.ch\\\/usc\\\/azteca-university\\\/doctor-of-letters\\\/#breadcrumb\",\"itemListElement\":[{\"@type\":\"ListItem\",\"position\":1,\"name\":\"Home\",\"item\":\"https:\\\/\\\/www.avrio.ch\\\/\"},{\"@type\":\"ListItem\",\"position\":2,\"name\":\"Universities Studies Center\",\"item\":\"https:\\\/\\\/www.avrio.ch\\\/usc\\\/\"},{\"@type\":\"ListItem\",\"position\":3,\"name\":\"Azteca University\",\"item\":\"https:\\\/\\\/www.avrio.ch\\\/usc\\\/azteca-university\\\/\"},{\"@type\":\"ListItem\",\"position\":4,\"name\":\"Doctor of Letters (Dr.Litt)\"}]},{\"@type\":\"WebSite\",\"@id\":\"https:\\\/\\\/www.avrio.ch\\\/#website\",\"url\":\"https:\\\/\\\/www.avrio.ch\\\/\",\"name\":\"Institut Avrio de Gen\u00e8ve\",\"description\":\"Online Business Management &amp; Information Technology Institute\",\"publisher\":{\"@id\":\"https:\\\/\\\/www.avrio.ch\\\/#organization\"},\"alternateName\":\"Avrio Institute\",\"potentialAction\":[{\"@type\":\"SearchAction\",\"target\":{\"@type\":\"EntryPoint\",\"urlTemplate\":\"https:\\\/\\\/www.avrio.ch\\\/?s={search_term_string}\"},\"query-input\":{\"@type\":\"PropertyValueSpecification\",\"valueRequired\":true,\"valueName\":\"search_term_string\"}}],\"inLanguage\":\"es\"},{\"@type\":[\"Organization\",\"Place\",\"CollegeOrUniversity\"],\"@id\":\"https:\\\/\\\/www.avrio.ch\\\/#organization\",\"name\":\"Institut Avrio de Gen\u00e8ve\",\"alternateName\":\"Avrio Institute\",\"url\":\"https:\\\/\\\/www.avrio.ch\\\/\",\"logo\":{\"@id\":\"https:\\\/\\\/www.avrio.ch\\\/usc\\\/azteca-university\\\/doctor-of-letters\\\/#local-main-organization-logo\"},\"image\":{\"@id\":\"https:\\\/\\\/www.avrio.ch\\\/usc\\\/azteca-university\\\/doctor-of-letters\\\/#local-main-organization-logo\"},\"sameAs\":[\"https:\\\/\\\/www.facebook.com\\\/institutavriodegeneve\\\/\",\"https:\\\/\\\/x.com\\\/AvrioDeGeneve\",\"https:\\\/\\\/www.instagram.com\\\/institutavriodegeneve\\\/\",\"https:\\\/\\\/www.linkedin.com\\\/in\\\/avrio-de-geneve-024392194\\\/\",\"https:\\\/\\\/www.youtube.com\\\/channel\\\/UCPP2orNhGglhisZlldUbnkQ\"],\"address\":{\"@id\":\"https:\\\/\\\/www.avrio.ch\\\/usc\\\/azteca-university\\\/doctor-of-letters\\\/#local-main-place-address\"},\"telephone\":[\"+41794642989\"],\"openingHoursSpecification\":[{\"@type\":\"OpeningHoursSpecification\",\"dayOfWeek\":[\"Sunday\",\"Wednesday\",\"Saturday\"],\"opens\":\"00:00\",\"closes\":\"00:00\"},{\"@type\":\"OpeningHoursSpecification\",\"dayOfWeek\":[\"Monday\",\"Tuesday\",\"Thursday\",\"Friday\"],\"opens\":\"09:00\",\"closes\":\"11:00\"}],\"email\":\"info@avrio.ch\"},{\"@type\":\"PostalAddress\",\"@id\":\"https:\\\/\\\/www.avrio.ch\\\/usc\\\/azteca-university\\\/doctor-of-letters\\\/#local-main-place-address\",\"streetAddress\":\"Rue de la Cit\u00e9 1\",\"addressLocality\":\"Geneva\",\"postalCode\":\"1204\",\"addressRegion\":\"Geneva\",\"addressCountry\":\"CH\"},{\"@type\":\"ImageObject\",\"inLanguage\":\"es\",\"@id\":\"https:\\\/\\\/www.avrio.ch\\\/usc\\\/azteca-university\\\/doctor-of-letters\\\/#local-main-organization-logo\",\"url\":\"https:\\\/\\\/www.avrio.ch\\\/v23\\\/wp-content\\\/uploads\\\/2020\\\/04\\\/logo-new-img-1.png\",\"contentUrl\":\"https:\\\/\\\/www.avrio.ch\\\/v23\\\/wp-content\\\/uploads\\\/2020\\\/04\\\/logo-new-img-1.png\",\"width\":539,\"height\":600,\"caption\":\"Institut Avrio de Gen\u00e8ve\"}]}<\/script>\n<meta name=\"geo.placename\" content=\"Geneva\" \/>\n<meta name=\"geo.region\" content=\"Suiza\" \/>\n<!-- \/ Yoast SEO Premium plugin. -->","yoast_head_json":{"title":"Doctor en Letras (Dr.Litt) - Institut Avrio de Gen\u00e8ve","description":"Los candidatos en el \u00e1rea de Estudios de Artes y Humanidades califican para el t\u00edtulo de Doctor POSTDOCTORAL en Letras de la Universidad Azteca. Doctor en Letras es un","robots":{"index":"index","follow":"follow","max-snippet":"max-snippet:-1","max-image-preview":"max-image-preview:large","max-video-preview":"max-video-preview:-1"},"canonical":"https:\/\/www.avrio.ch\/es\/usc\/universidad-azteca\/doctor-en-letras\/","og_locale":"es_ES","og_type":"article","og_title":"Doctor of Letters (Dr.Litt)","og_description":"Candidates in the Arts and Humanities Study area qualify for the POSTDOCTORAL Doctor of Letters degree of Universidad Azteca. Doctor of Letters is an","og_url":"https:\/\/www.avrio.ch\/es\/usc\/universidad-azteca\/doctor-en-letras\/","og_site_name":"Institut Avrio de Gen\u00e8ve","article_publisher":"https:\/\/www.facebook.com\/institutavriodegeneve\/","article_modified_time":"2023-08-21T10:48:49+00:00","og_image":[{"width":298,"height":300,"url":"https:\/\/www.avrio.ch\/v23\/wp-content\/uploads\/2023\/08\/Mexican-Qualifications-Framework-298x300-1.jpg","type":"image\/jpeg"}],"twitter_card":"summary_large_image","twitter_site":"@AvrioDeGeneve","twitter_misc":{"Tiempo de lectura":"2 minutos"},"schema":{"@context":"https:\/\/schema.org","@graph":[{"@type":"WebPage","@id":"https:\/\/www.avrio.ch\/usc\/azteca-university\/doctor-of-letters\/","url":"https:\/\/www.avrio.ch\/usc\/azteca-university\/doctor-of-letters\/","name":"Doctor en Letras (Dr.Litt) - Institut Avrio de Gen\u00e8ve","isPartOf":{"@id":"https:\/\/www.avrio.ch\/#website"},"primaryImageOfPage":{"@id":"https:\/\/www.avrio.ch\/usc\/azteca-university\/doctor-of-letters\/#primaryimage"},"image":{"@id":"https:\/\/www.avrio.ch\/usc\/azteca-university\/doctor-of-letters\/#primaryimage"},"thumbnailUrl":"https:\/\/www.avrio.ch\/v23\/wp-content\/uploads\/2023\/08\/Mexican-Qualifications-Framework-298x300-1.jpg","datePublished":"2021-12-18T00:48:31+00:00","dateModified":"2023-08-21T10:48:49+00:00","description":"Los candidatos en el \u00e1rea de Estudios de Artes y Humanidades califican para el t\u00edtulo de Doctor POSTDOCTORAL en Letras de la Universidad Azteca. Doctor en Letras es un","breadcrumb":{"@id":"https:\/\/www.avrio.ch\/usc\/azteca-university\/doctor-of-letters\/#breadcrumb"},"inLanguage":"es","potentialAction":[{"@type":"ReadAction","target":["https:\/\/www.avrio.ch\/usc\/azteca-university\/doctor-of-letters\/"]}]},{"@type":"ImageObject","inLanguage":"es","@id":"https:\/\/www.avrio.ch\/usc\/azteca-university\/doctor-of-letters\/#primaryimage","url":"https:\/\/www.avrio.ch\/v23\/wp-content\/uploads\/2023\/08\/Mexican-Qualifications-Framework-298x300-1.jpg","contentUrl":"https:\/\/www.avrio.ch\/v23\/wp-content\/uploads\/2023\/08\/Mexican-Qualifications-Framework-298x300-1.jpg","width":298,"height":300},{"@type":"BreadcrumbList","@id":"https:\/\/www.avrio.ch\/usc\/azteca-university\/doctor-of-letters\/#breadcrumb","itemListElement":[{"@type":"ListItem","position":1,"name":"Home","item":"https:\/\/www.avrio.ch\/"},{"@type":"ListItem","position":2,"name":"Universities Studies Center","item":"https:\/\/www.avrio.ch\/usc\/"},{"@type":"ListItem","position":3,"name":"Azteca University","item":"https:\/\/www.avrio.ch\/usc\/azteca-university\/"},{"@type":"ListItem","position":4,"name":"Doctor of Letters (Dr.Litt)"}]},{"@type":"WebSite","@id":"https:\/\/www.avrio.ch\/#website","url":"https:\/\/www.avrio.ch\/","name":"Instituto Avrio de Ginebra","description":"Instituto de Tecnolog\u00eda de la Informaci\u00f3n y Gesti\u00f3n Empresarial en L\u00ednea","publisher":{"@id":"https:\/\/www.avrio.ch\/#organization"},"alternateName":"Avrio Institute","potentialAction":[{"@type":"SearchAction","target":{"@type":"EntryPoint","urlTemplate":"https:\/\/www.avrio.ch\/?s={search_term_string}"},"query-input":{"@type":"PropertyValueSpecification","valueRequired":true,"valueName":"search_term_string"}}],"inLanguage":"es"},{"@type":["Organization","Place","CollegeOrUniversity"],"@id":"https:\/\/www.avrio.ch\/#organization","name":"Instituto Avrio de Ginebra","alternateName":"Avrio Institute","url":"https:\/\/www.avrio.ch\/","logo":{"@id":"https:\/\/www.avrio.ch\/usc\/azteca-university\/doctor-of-letters\/#local-main-organization-logo"},"image":{"@id":"https:\/\/www.avrio.ch\/usc\/azteca-university\/doctor-of-letters\/#local-main-organization-logo"},"sameAs":["https:\/\/www.facebook.com\/institutavriodegeneve\/","https:\/\/x.com\/AvrioDeGeneve","https:\/\/www.instagram.com\/institutavriodegeneve\/","https:\/\/www.linkedin.com\/in\/avrio-de-geneve-024392194\/","https:\/\/www.youtube.com\/channel\/UCPP2orNhGglhisZlldUbnkQ"],"address":{"@id":"https:\/\/www.avrio.ch\/usc\/azteca-university\/doctor-of-letters\/#local-main-place-address"},"telephone":["+41794642989"],"openingHoursSpecification":[{"@type":"OpeningHoursSpecification","dayOfWeek":["Sunday","Wednesday","Saturday"],"opens":"00:00","closes":"00:00"},{"@type":"OpeningHoursSpecification","dayOfWeek":["Monday","Tuesday","Thursday","Friday"],"opens":"09:00","closes":"11:00"}],"email":"info@avrio.ch"},{"@type":"PostalAddress","@id":"https:\/\/www.avrio.ch\/usc\/azteca-university\/doctor-of-letters\/#local-main-place-address","streetAddress":"Rue de la Cit\u00e9 1","addressLocality":"Geneva","postalCode":"1204","addressRegion":"Geneva","addressCountry":"CH"},{"@type":"ImageObject","inLanguage":"es","@id":"https:\/\/www.avrio.ch\/usc\/azteca-university\/doctor-of-letters\/#local-main-organization-logo","url":"https:\/\/www.avrio.ch\/v23\/wp-content\/uploads\/2020\/04\/logo-new-img-1.png","contentUrl":"https:\/\/www.avrio.ch\/v23\/wp-content\/uploads\/2020\/04\/logo-new-img-1.png","width":539,"height":600,"caption":"Institut Avrio de Gen\u00e8ve"}]},"geo.placename":"Geneva","geo.region":"Suiza"},"_links":{"self":[{"href":"https:\/\/www.avrio.ch\/es\/wp-json\/wp\/v2\/pages\/24874","targetHints":{"allow":["GET"]}}],"collection":[{"href":"https:\/\/www.avrio.ch\/es\/wp-json\/wp\/v2\/pages"}],"about":[{"href":"https:\/\/www.avrio.ch\/es\/wp-json\/wp\/v2\/types\/page"}],"author":[{"embeddable":true,"href":"https:\/\/www.avrio.ch\/es\/wp-json\/wp\/v2\/users\/1"}],"replies":[{"embeddable":true,"href":"https:\/\/www.avrio.ch\/es\/wp-json\/wp\/v2\/comments?post=24874"}],"version-history":[{"count":0,"href":"https:\/\/www.avrio.ch\/es\/wp-json\/wp\/v2\/pages\/24874\/revisions"}],"up":[{"embeddable":true,"href":"https:\/\/www.avrio.ch\/es\/wp-json\/wp\/v2\/pages\/24845"}],"wp:featuredmedia":[{"embeddable":true,"href":"https:\/\/www.avrio.ch\/es\/wp-json\/wp\/v2\/media\/24855"}],"wp:attachment":[{"href":"https:\/\/www.avrio.ch\/es\/wp-json\/wp\/v2\/media?parent=24874"}],"curies":[{"name":"wp","href":"https:\/\/api.w.org\/{rel}","templated":true}]}}