{"id":24851,"date":"2021-12-17T18:42:01","date_gmt":"2021-12-17T17:42:01","guid":{"rendered":"https:\/\/www.avrio.ch\/v23\/doctor-of-the-university-in-advanced-studies\/"},"modified":"2023-08-21T12:49:29","modified_gmt":"2023-08-21T10:49:29","slug":"doctor-de-la-universidad-en-estudios-avanzados","status":"publish","type":"page","link":"https:\/\/www.avrio.ch\/es\/usc\/azteca-university\/doctor-of-the-university-in-advanced-studies\/","title":{"rendered":"Dr. Univ. en Estudios Avanzados"},"content":{"rendered":"<h3>\u00bfQu\u00e9 es un t\u00edtulo de estudios avanzados?<\/h3>\n<p>Los estudios avanzados pueden ser adecuados para usted. Las personas que deseen aplicar sus cr\u00e9ditos universitarios para completar un t\u00edtulo en un campo espec\u00edfico pueden hacerlo en este programa, lo que permite a los estudiantes transferir sus cr\u00e9ditos universitarios completos y calificaciones profesionales a su programa de estudios. La raz\u00f3n fundamental de los estudios avanzados es desarrollar el profesionalismo, desarrollar la conciencia, mejorar la metodolog\u00eda y el conocimiento de la profesi\u00f3n.<\/p>\n<p>Universidad Azteca Estudios Avanzados es interdisciplinario y se enfoca en el desarrollo de habilidades acad\u00e9micas de posgrado en la pr\u00e1ctica profesional seg\u00fan lo definido por el Marco de Cualificaciones Mexicano y Europeo (MMC, EQF) Nivel 7 (Maestr\u00eda) y Nivel 8 (Doctorado). Estudios Avanzados proporciona un espacio para el pensamiento cr\u00edtico y la investigaci\u00f3n comprometida dentro y a trav\u00e9s de los l\u00edmites disciplinarios y profesionales convencionales.<\/p>\n<div class=\"su-pullquote su-pullquote-align-right\">Conozca m\u00e1s sobre el <a href=\"https:\/\/avrio.edu.eu\/usc\/azteca-university\/own-degree\/doctor-of-the-university\/\">doctor de la universidad<\/a><\/div>La Licenciatura en Estudios Avanzados de la Universidad Azteca es un t\u00edtulo de posgrado otorgado en diversas disciplinas y concentraciones, interdisciplinario y que tiende a estar enfocado a satisfacer las necesidades de profesionales m\u00e1s que acad\u00e9micos y dise\u00f1ado para grupos espec\u00edficos de profesionales en activo con necesidades bien definidas de cursos de grado avanzado. , proyectos y art\u00edculos en combinaci\u00f3n con la investigaci\u00f3n de los estudiantes para el t\u00edtulo de investigaci\u00f3n avanzada.<\/p>\n<p>Estos programas de grado ofrecen horarios flexibles con un plan de estudios diverso centrado en la capacitaci\u00f3n t\u00e9cnica y pr\u00e1ctica, los estudiantes reciben asistencia para desarrollar competencia en el conocimiento de la materia y la aplicaci\u00f3n de la materia, lo que les permitir\u00e1 trabajar de manera efectiva en la variedad de contextos que encontrar\u00e1n durante sus carreras.<\/p>\n<h4>TIPO Y CARGA DE TRABAJO DEL PROGRAMA<\/h4>\n<p>TIPO: Premio interno Universidad Azteca, programa propio de la universidad seg\u00fan. Arte. 59 Ley General de Educaci\u00f3n.<br \/>\nNIVEL: Tercer ciclo, nivel 8 Premio propio universitario MMC.<br \/>\nCARGA DE TRABAJO: 180 ECTS<\/p>\n<h4>UNIVERSIDAD ADJUDICATIVA Y GRUPO OBJETIVO<\/h4>\n<p><strong>UNIVERSIDAD ADJUDICATIVA:<\/strong> Universidad Azteca, Chalco, M\u00e9xico.<\/p>\n<p><strong>DEPARTAMENTO UNIVERSITARIO EN EUROPA:<\/strong> Programas Europeos de la Universidad Azteca.<\/p>\n<p><strong>GRUPO OBJETIVO:<\/strong> Estudiantes de doctorado interesados en la transferencia de cr\u00e9ditos de estudios de doctorado o cursos de Nivel 8 EQF en una de las siguientes disciplinas a la Universidad Azteca que busquen completar el programa de doctorado mediante tesis\/examen de doctorado profesional.<\/p>\n<p><strong>ESPECIALIZACI\u00d3N:<\/strong> Estudios avanzados de nivel 8 MMC (EQF)<\/p>\n<p><strong>DISCIPLINAS:<\/strong><\/p>\n<ul>\n<li>Ciencias Sociales y Econ\u00f3micas<\/li>\n<li>Ciencias de la Salud<\/li>\n<li>Ciencias de la Educaci\u00f3n<\/li>\n<li>Psicolog\u00eda<\/li>\n<li>Ciencias Ambientales<\/li>\n<\/ul>\n<p><strong>IDIOMA DE ESTUDIO:<\/strong> Ingl\u00e9s, Alem\u00e1n, Espa\u00f1ol<\/p>\n<p><strong>REQUISITO DE ADMISI\u00d3N:<\/strong> Maestr\u00eda o t\u00edtulo equivalente y cursos o calificaciones de posgrado para transferencia de cr\u00e9ditos al programa o experiencia de investigaci\u00f3n.<\/p>\n<h4>Modalidad y Equipo del Curso<\/h4>\n<p>MODALIDAD: modalidad e-learning y educaci\u00f3n a distancia.<br \/>\nEQUIPO DEL CURSO: Prof. Dr. Gerhard Berchtold, Prof. Dr. Friedrich Luhan, Prof. Dr. Ricardo Saavedra Hidalgo, Prof. Dr. Felipe Fern\u00e1ndez Rivadulla, Prof. Dr. Endler.<\/p>\n<h4>Plan de estudios<\/h4>\n<table border=\"1\" width=\"100%\">\n<tbody>\n<tr>\n<td bgcolor=\"#C0C0C0\"><b>Transferir cr\u00e9ditos \u2013 Cursos optativos<\/b><\/td>\n<td bgcolor=\"#C0C0C0\"><b>Modo de prueba<\/b><\/td>\n<td bgcolor=\"#C0C0C0\"><b>ECTS<\/b><\/td>\n<\/tr>\n<tr>\n<td>Transferencia del programa de doctorado MPhil\/nivel 8 EQF<\/td>\n<td>Transferencia de cr\u00e9ditos<\/td>\n<td>hasta 102<\/td>\n<\/tr>\n<tr>\n<td>Optativas del programa de doctorado de la Universidad Azteca<\/td>\n<td>Examen<\/td>\n<td>Diferencia con 102<\/td>\n<\/tr>\n<tr>\n<td bgcolor=\"#C0C0C0\"><b>M\u00f3dulo de Ciencias Obligatorio <\/b><\/td>\n<td bgcolor=\"#C0C0C0\"><b>Modo de prueba<\/b><\/td>\n<td bgcolor=\"#C0C0C0\"><b>ECTS<\/b><\/td>\n<\/tr>\n<tr>\n<td>Proyecto de investigaci\u00f3n<\/td>\n<td>Presentaci\u00f3n<\/td>\n<td>18<\/td>\n<\/tr>\n<tr>\n<td bgcolor=\"#C0C0C0\"><b>Tesis \/ Examen Rigorosum <\/b><\/td>\n<td bgcolor=\"#C0C0C0\"><b>Modo de prueba<\/b><\/td>\n<td bgcolor=\"#C0C0C0\"><b>ECTS<\/b><\/td>\n<\/tr>\n<tr>\n<td>Tesis en la especialidad de la disciplina.<\/td>\n<td>Presentaci\u00f3n y defensa escrita de tesis.<\/td>\n<td>60<\/td>\n<\/tr>\n<tr>\n<td bgcolor=\"#C0C0C0\"><b>CARGA DE TRABAJO<\/b><\/td>\n<td bgcolor=\"#C0C0C0\"><b>Modo de prueba<\/b><\/td>\n<td bgcolor=\"#C0C0C0\"><b>ECTS<\/b><\/td>\n<\/tr>\n<tr>\n<td>ECTS<\/td>\n<td>Defensa \/ Rigorosum<\/td>\n<td>180<\/td>\n<\/tr>\n<\/tbody>\n<\/table>\n<p>&nbsp;<\/p>","protected":false},"excerpt":{"rendered":"<p>What Is an Advanced Studies Degree? Advanced Studies may be right for you. Individuals wishing to apply their college credits toward the completion of a degree in a specific field can do so in this programme, allowing students to transfer their completed college credits, professional qualifications to their degree programme. The rationale for advanced studies [&hellip;]<\/p>\n","protected":false},"author":1,"featured_media":0,"parent":24845,"menu_order":0,"comment_status":"closed","ping_status":"closed","template":"","meta":{"_acf_changed":false,"site-sidebar-layout":"default","site-content-layout":"","ast-site-content-layout":"default","site-content-style":"default","site-sidebar-style":"default","ast-global-header-display":"","ast-banner-title-visibility":"","ast-main-header-display":"","ast-hfb-above-header-display":"","ast-hfb-below-header-display":"","ast-hfb-mobile-header-display":"","site-post-title":"","ast-breadcrumbs-content":"","ast-featured-img":"","footer-sml-layout":"","ast-disable-related-posts":"","theme-transparent-header-meta":"","adv-header-id-meta":"","stick-header-meta":"","header-above-stick-meta":"","header-main-stick-meta":"","header-below-stick-meta":"","astra-migrate-meta-layouts":"default","ast-page-background-enabled":"default","ast-page-background-meta":{"desktop":{"background-color":"var(--ast-global-color-4)","background-image":"","background-repeat":"repeat","background-position":"center center","background-size":"auto","background-attachment":"scroll","background-type":"","background-media":"","overlay-type":"","overlay-color":"","overlay-opacity":"","overlay-gradient":""},"tablet":{"background-color":"","background-image":"","background-repeat":"repeat","background-position":"center center","background-size":"auto","background-attachment":"scroll","background-type":"","background-media":"","overlay-type":"","overlay-color":"","overlay-opacity":"","overlay-gradient":""},"mobile":{"background-color":"","background-image":"","background-repeat":"repeat","background-position":"center center","background-size":"auto","background-attachment":"scroll","background-type":"","background-media":"","overlay-type":"","overlay-color":"","overlay-opacity":"","overlay-gradient":""}},"ast-content-background-meta":{"desktop":{"background-color":"var(--ast-global-color-5)","background-image":"","background-repeat":"repeat","background-position":"center center","background-size":"auto","background-attachment":"scroll","background-type":"","background-media":"","overlay-type":"","overlay-color":"","overlay-opacity":"","overlay-gradient":""},"tablet":{"background-color":"var(--ast-global-color-5)","background-image":"","background-repeat":"repeat","background-position":"center center","background-size":"auto","background-attachment":"scroll","background-type":"","background-media":"","overlay-type":"","overlay-color":"","overlay-opacity":"","overlay-gradient":""},"mobile":{"background-color":"var(--ast-global-color-5)","background-image":"","background-repeat":"repeat","background-position":"center center","background-size":"auto","background-attachment":"scroll","background-type":"","background-media":"","overlay-type":"","overlay-color":"","overlay-opacity":"","overlay-gradient":""}},"footnotes":""},"class_list":["post-24851","page","type-page","status-publish","hentry"],"acf":[],"yoast_head":"<!-- This site is optimized with the Yoast SEO Premium plugin v27.4 (Yoast SEO v27.4) - https:\/\/yoast.com\/product\/yoast-seo-premium-wordpress\/ -->\n<title>Dr. Univ. in Advanced Studies - Institut Avrio de Gen\u00e8ve<\/title>\n<meta name=\"description\" content=\"What Is an Advanced Studies Degree? Advanced Studies may be right for you. Individuals wishing to apply their college credits toward the completion of a\" \/>\n<meta name=\"robots\" content=\"index, follow, max-snippet:-1, max-image-preview:large, max-video-preview:-1\" \/>\n<link rel=\"canonical\" href=\"https:\/\/www.avrio.ch\/es\/usc\/universidad-azteca\/doctor-de-la-universidad-en-estudios-avanzados\/\" \/>\n<meta property=\"og:locale\" content=\"es_ES\" \/>\n<meta property=\"og:type\" content=\"article\" \/>\n<meta property=\"og:title\" content=\"Dr. Univ. in Advanced Studies\" \/>\n<meta property=\"og:description\" content=\"What Is an Advanced Studies Degree? Advanced Studies may be right for you. Individuals wishing to apply their college credits toward the completion of a\" \/>\n<meta property=\"og:url\" content=\"https:\/\/www.avrio.ch\/es\/usc\/universidad-azteca\/doctor-de-la-universidad-en-estudios-avanzados\/\" \/>\n<meta property=\"og:site_name\" content=\"Institut Avrio de Gen\u00e8ve\" \/>\n<meta property=\"article:publisher\" content=\"https:\/\/www.facebook.com\/institutavriodegeneve\/\" \/>\n<meta property=\"article:modified_time\" content=\"2023-08-21T10:49:29+00:00\" \/>\n<meta property=\"og:image\" content=\"https:\/\/www.avrio.ch\/v23\/wp-content\/uploads\/2020\/06\/logo-2.png\" \/>\n\t<meta property=\"og:image:width\" content=\"600\" \/>\n\t<meta property=\"og:image:height\" content=\"224\" \/>\n\t<meta property=\"og:image:type\" content=\"image\/png\" \/>\n<meta name=\"twitter:card\" content=\"summary_large_image\" \/>\n<meta name=\"twitter:site\" content=\"@AvrioDeGeneve\" \/>\n<meta name=\"twitter:label1\" content=\"Tiempo de lectura\" \/>\n\t<meta name=\"twitter:data1\" content=\"2 minutos\" \/>\n<script type=\"application\/ld+json\" class=\"yoast-schema-graph\">{\"@context\":\"https:\\\/\\\/schema.org\",\"@graph\":[{\"@type\":\"WebPage\",\"@id\":\"https:\\\/\\\/www.avrio.ch\\\/usc\\\/azteca-university\\\/doctor-of-the-university-in-advanced-studies\\\/\",\"url\":\"https:\\\/\\\/www.avrio.ch\\\/usc\\\/azteca-university\\\/doctor-of-the-university-in-advanced-studies\\\/\",\"name\":\"Dr. Univ. in Advanced Studies - Institut Avrio de Gen\u00e8ve\",\"isPartOf\":{\"@id\":\"https:\\\/\\\/www.avrio.ch\\\/#website\"},\"datePublished\":\"2021-12-17T17:42:01+00:00\",\"dateModified\":\"2023-08-21T10:49:29+00:00\",\"description\":\"What Is an Advanced Studies Degree? Advanced Studies may be right for you. Individuals wishing to apply their college credits toward the completion of a\",\"breadcrumb\":{\"@id\":\"https:\\\/\\\/www.avrio.ch\\\/usc\\\/azteca-university\\\/doctor-of-the-university-in-advanced-studies\\\/#breadcrumb\"},\"inLanguage\":\"es\",\"potentialAction\":[{\"@type\":\"ReadAction\",\"target\":[\"https:\\\/\\\/www.avrio.ch\\\/usc\\\/azteca-university\\\/doctor-of-the-university-in-advanced-studies\\\/\"]}]},{\"@type\":\"BreadcrumbList\",\"@id\":\"https:\\\/\\\/www.avrio.ch\\\/usc\\\/azteca-university\\\/doctor-of-the-university-in-advanced-studies\\\/#breadcrumb\",\"itemListElement\":[{\"@type\":\"ListItem\",\"position\":1,\"name\":\"Home\",\"item\":\"https:\\\/\\\/www.avrio.ch\\\/\"},{\"@type\":\"ListItem\",\"position\":2,\"name\":\"Universities Studies Center\",\"item\":\"https:\\\/\\\/www.avrio.ch\\\/usc\\\/\"},{\"@type\":\"ListItem\",\"position\":3,\"name\":\"Azteca University\",\"item\":\"https:\\\/\\\/www.avrio.ch\\\/usc\\\/azteca-university\\\/\"},{\"@type\":\"ListItem\",\"position\":4,\"name\":\"Dr. Univ. in Advanced Studies\"}]},{\"@type\":\"WebSite\",\"@id\":\"https:\\\/\\\/www.avrio.ch\\\/#website\",\"url\":\"https:\\\/\\\/www.avrio.ch\\\/\",\"name\":\"Institut Avrio de Gen\u00e8ve\",\"description\":\"Online Business Management &amp; Information Technology Institute\",\"publisher\":{\"@id\":\"https:\\\/\\\/www.avrio.ch\\\/#organization\"},\"alternateName\":\"Avrio Institute\",\"potentialAction\":[{\"@type\":\"SearchAction\",\"target\":{\"@type\":\"EntryPoint\",\"urlTemplate\":\"https:\\\/\\\/www.avrio.ch\\\/?s={search_term_string}\"},\"query-input\":{\"@type\":\"PropertyValueSpecification\",\"valueRequired\":true,\"valueName\":\"search_term_string\"}}],\"inLanguage\":\"es\"},{\"@type\":[\"Organization\",\"Place\",\"CollegeOrUniversity\"],\"@id\":\"https:\\\/\\\/www.avrio.ch\\\/#organization\",\"name\":\"Institut Avrio de Gen\u00e8ve\",\"alternateName\":\"Avrio Institute\",\"url\":\"https:\\\/\\\/www.avrio.ch\\\/\",\"logo\":{\"@id\":\"https:\\\/\\\/www.avrio.ch\\\/usc\\\/azteca-university\\\/doctor-of-the-university-in-advanced-studies\\\/#local-main-organization-logo\"},\"image\":{\"@id\":\"https:\\\/\\\/www.avrio.ch\\\/usc\\\/azteca-university\\\/doctor-of-the-university-in-advanced-studies\\\/#local-main-organization-logo\"},\"sameAs\":[\"https:\\\/\\\/www.facebook.com\\\/institutavriodegeneve\\\/\",\"https:\\\/\\\/x.com\\\/AvrioDeGeneve\",\"https:\\\/\\\/www.instagram.com\\\/institutavriodegeneve\\\/\",\"https:\\\/\\\/www.linkedin.com\\\/in\\\/avrio-de-geneve-024392194\\\/\",\"https:\\\/\\\/www.youtube.com\\\/channel\\\/UCPP2orNhGglhisZlldUbnkQ\"],\"address\":{\"@id\":\"https:\\\/\\\/www.avrio.ch\\\/usc\\\/azteca-university\\\/doctor-of-the-university-in-advanced-studies\\\/#local-main-place-address\"},\"telephone\":[\"+41794642989\"],\"openingHoursSpecification\":[{\"@type\":\"OpeningHoursSpecification\",\"dayOfWeek\":[\"Sunday\",\"Wednesday\",\"Saturday\"],\"opens\":\"00:00\",\"closes\":\"00:00\"},{\"@type\":\"OpeningHoursSpecification\",\"dayOfWeek\":[\"Monday\",\"Tuesday\",\"Thursday\",\"Friday\"],\"opens\":\"09:00\",\"closes\":\"11:00\"}],\"email\":\"info@avrio.ch\"},{\"@type\":\"PostalAddress\",\"@id\":\"https:\\\/\\\/www.avrio.ch\\\/usc\\\/azteca-university\\\/doctor-of-the-university-in-advanced-studies\\\/#local-main-place-address\",\"streetAddress\":\"Rue de la Cit\u00e9 1\",\"addressLocality\":\"Geneva\",\"postalCode\":\"1204\",\"addressRegion\":\"Geneva\",\"addressCountry\":\"CH\"},{\"@type\":\"ImageObject\",\"inLanguage\":\"es\",\"@id\":\"https:\\\/\\\/www.avrio.ch\\\/usc\\\/azteca-university\\\/doctor-of-the-university-in-advanced-studies\\\/#local-main-organization-logo\",\"url\":\"https:\\\/\\\/www.avrio.ch\\\/v23\\\/wp-content\\\/uploads\\\/2020\\\/04\\\/logo-new-img-1.png\",\"contentUrl\":\"https:\\\/\\\/www.avrio.ch\\\/v23\\\/wp-content\\\/uploads\\\/2020\\\/04\\\/logo-new-img-1.png\",\"width\":539,\"height\":600,\"caption\":\"Institut Avrio de Gen\u00e8ve\"}]}<\/script>\n<meta name=\"geo.placename\" content=\"Geneva\" \/>\n<meta name=\"geo.region\" content=\"Suiza\" \/>\n<!-- \/ Yoast SEO Premium plugin. -->","yoast_head_json":{"title":"Dr. Univ. en Estudios Avanzados - Institut Avrio de Gen\u00e8ve","description":"\u00bfQu\u00e9 es un t\u00edtulo de estudios avanzados? Los estudios avanzados pueden ser adecuados para usted. Las personas que deseen aplicar sus cr\u00e9ditos universitarios para completar un","robots":{"index":"index","follow":"follow","max-snippet":"max-snippet:-1","max-image-preview":"max-image-preview:large","max-video-preview":"max-video-preview:-1"},"canonical":"https:\/\/www.avrio.ch\/es\/usc\/universidad-azteca\/doctor-de-la-universidad-en-estudios-avanzados\/","og_locale":"es_ES","og_type":"article","og_title":"Dr. Univ. in Advanced Studies","og_description":"What Is an Advanced Studies Degree? Advanced Studies may be right for you. Individuals wishing to apply their college credits toward the completion of a","og_url":"https:\/\/www.avrio.ch\/es\/usc\/universidad-azteca\/doctor-de-la-universidad-en-estudios-avanzados\/","og_site_name":"Institut Avrio de Gen\u00e8ve","article_publisher":"https:\/\/www.facebook.com\/institutavriodegeneve\/","article_modified_time":"2023-08-21T10:49:29+00:00","og_image":[{"width":600,"height":224,"url":"https:\/\/www.avrio.ch\/v23\/wp-content\/uploads\/2020\/06\/logo-2.png","type":"image\/png"}],"twitter_card":"summary_large_image","twitter_site":"@AvrioDeGeneve","twitter_misc":{"Tiempo de lectura":"2 minutos"},"schema":{"@context":"https:\/\/schema.org","@graph":[{"@type":"WebPage","@id":"https:\/\/www.avrio.ch\/usc\/azteca-university\/doctor-of-the-university-in-advanced-studies\/","url":"https:\/\/www.avrio.ch\/usc\/azteca-university\/doctor-of-the-university-in-advanced-studies\/","name":"Dr. Univ. en Estudios Avanzados - Institut Avrio de Gen\u00e8ve","isPartOf":{"@id":"https:\/\/www.avrio.ch\/#website"},"datePublished":"2021-12-17T17:42:01+00:00","dateModified":"2023-08-21T10:49:29+00:00","description":"\u00bfQu\u00e9 es un t\u00edtulo de estudios avanzados? Los estudios avanzados pueden ser adecuados para usted. Las personas que deseen aplicar sus cr\u00e9ditos universitarios para completar un","breadcrumb":{"@id":"https:\/\/www.avrio.ch\/usc\/azteca-university\/doctor-of-the-university-in-advanced-studies\/#breadcrumb"},"inLanguage":"es","potentialAction":[{"@type":"ReadAction","target":["https:\/\/www.avrio.ch\/usc\/azteca-university\/doctor-of-the-university-in-advanced-studies\/"]}]},{"@type":"BreadcrumbList","@id":"https:\/\/www.avrio.ch\/usc\/azteca-university\/doctor-of-the-university-in-advanced-studies\/#breadcrumb","itemListElement":[{"@type":"ListItem","position":1,"name":"Home","item":"https:\/\/www.avrio.ch\/"},{"@type":"ListItem","position":2,"name":"Universities Studies Center","item":"https:\/\/www.avrio.ch\/usc\/"},{"@type":"ListItem","position":3,"name":"Azteca University","item":"https:\/\/www.avrio.ch\/usc\/azteca-university\/"},{"@type":"ListItem","position":4,"name":"Dr. Univ. in Advanced Studies"}]},{"@type":"WebSite","@id":"https:\/\/www.avrio.ch\/#website","url":"https:\/\/www.avrio.ch\/","name":"Instituto Avrio de Ginebra","description":"Instituto de Tecnolog\u00eda de la Informaci\u00f3n y Gesti\u00f3n Empresarial en L\u00ednea","publisher":{"@id":"https:\/\/www.avrio.ch\/#organization"},"alternateName":"Avrio Institute","potentialAction":[{"@type":"SearchAction","target":{"@type":"EntryPoint","urlTemplate":"https:\/\/www.avrio.ch\/?s={search_term_string}"},"query-input":{"@type":"PropertyValueSpecification","valueRequired":true,"valueName":"search_term_string"}}],"inLanguage":"es"},{"@type":["Organization","Place","CollegeOrUniversity"],"@id":"https:\/\/www.avrio.ch\/#organization","name":"Instituto Avrio de Ginebra","alternateName":"Avrio Institute","url":"https:\/\/www.avrio.ch\/","logo":{"@id":"https:\/\/www.avrio.ch\/usc\/azteca-university\/doctor-of-the-university-in-advanced-studies\/#local-main-organization-logo"},"image":{"@id":"https:\/\/www.avrio.ch\/usc\/azteca-university\/doctor-of-the-university-in-advanced-studies\/#local-main-organization-logo"},"sameAs":["https:\/\/www.facebook.com\/institutavriodegeneve\/","https:\/\/x.com\/AvrioDeGeneve","https:\/\/www.instagram.com\/institutavriodegeneve\/","https:\/\/www.linkedin.com\/in\/avrio-de-geneve-024392194\/","https:\/\/www.youtube.com\/channel\/UCPP2orNhGglhisZlldUbnkQ"],"address":{"@id":"https:\/\/www.avrio.ch\/usc\/azteca-university\/doctor-of-the-university-in-advanced-studies\/#local-main-place-address"},"telephone":["+41794642989"],"openingHoursSpecification":[{"@type":"OpeningHoursSpecification","dayOfWeek":["Sunday","Wednesday","Saturday"],"opens":"00:00","closes":"00:00"},{"@type":"OpeningHoursSpecification","dayOfWeek":["Monday","Tuesday","Thursday","Friday"],"opens":"09:00","closes":"11:00"}],"email":"info@avrio.ch"},{"@type":"PostalAddress","@id":"https:\/\/www.avrio.ch\/usc\/azteca-university\/doctor-of-the-university-in-advanced-studies\/#local-main-place-address","streetAddress":"Rue de la Cit\u00e9 1","addressLocality":"Geneva","postalCode":"1204","addressRegion":"Geneva","addressCountry":"CH"},{"@type":"ImageObject","inLanguage":"es","@id":"https:\/\/www.avrio.ch\/usc\/azteca-university\/doctor-of-the-university-in-advanced-studies\/#local-main-organization-logo","url":"https:\/\/www.avrio.ch\/v23\/wp-content\/uploads\/2020\/04\/logo-new-img-1.png","contentUrl":"https:\/\/www.avrio.ch\/v23\/wp-content\/uploads\/2020\/04\/logo-new-img-1.png","width":539,"height":600,"caption":"Institut Avrio de Gen\u00e8ve"}]},"geo.placename":"Geneva","geo.region":"Suiza"},"_links":{"self":[{"href":"https:\/\/www.avrio.ch\/es\/wp-json\/wp\/v2\/pages\/24851","targetHints":{"allow":["GET"]}}],"collection":[{"href":"https:\/\/www.avrio.ch\/es\/wp-json\/wp\/v2\/pages"}],"about":[{"href":"https:\/\/www.avrio.ch\/es\/wp-json\/wp\/v2\/types\/page"}],"author":[{"embeddable":true,"href":"https:\/\/www.avrio.ch\/es\/wp-json\/wp\/v2\/users\/1"}],"replies":[{"embeddable":true,"href":"https:\/\/www.avrio.ch\/es\/wp-json\/wp\/v2\/comments?post=24851"}],"version-history":[{"count":0,"href":"https:\/\/www.avrio.ch\/es\/wp-json\/wp\/v2\/pages\/24851\/revisions"}],"up":[{"embeddable":true,"href":"https:\/\/www.avrio.ch\/es\/wp-json\/wp\/v2\/pages\/24845"}],"wp:attachment":[{"href":"https:\/\/www.avrio.ch\/es\/wp-json\/wp\/v2\/media?parent=24851"}],"curies":[{"name":"wp","href":"https:\/\/api.w.org\/{rel}","templated":true}]}}