{"id":28034,"date":"2023-09-06T02:39:58","date_gmt":"2023-09-06T00:39:58","guid":{"rendered":"https:\/\/www.avrio.ch\/?page_id=28034"},"modified":"2023-09-09T00:57:46","modified_gmt":"2023-09-08T22:57:46","slug":"promotion","status":"publish","type":"page","link":"https:\/\/www.avrio.ch\/de\/discover\/intakes-exams-and-timetable\/information-technology\/doctorate\/","title":{"rendered":"Doktorats-IT-Programm, Aufnahme und Pr\u00fcfungen"},"content":{"rendered":"<div data-elementor-type=\"wp-page\" data-elementor-id=\"28034\" class=\"elementor elementor-28034\" data-elementor-post-type=\"page\">\n\t\t\t\t<div class=\"elementor-element elementor-element-62c7a69 e-flex e-con-boxed e-con e-parent\" data-id=\"62c7a69\" data-element_type=\"container\" data-e-type=\"container\" data-settings=\"{&quot;jet_parallax_layout_list&quot;:[]}\">\n\t\t\t\t\t<div class=\"e-con-inner\">\n\t\t<div class=\"elementor-element elementor-element-2d2beff e-flex e-con-boxed e-con e-child\" data-id=\"2d2beff\" data-element_type=\"container\" data-e-type=\"container\" data-settings=\"{&quot;jet_parallax_layout_list&quot;:[]}\">\n\t\t\t\t\t<div class=\"e-con-inner\">\n\t\t\t\t<div class=\"elementor-element elementor-element-bfd4cfe elementor-widget-divider--view-line_icon elementor-widget-divider--element-align-right elementor-widget__width-initial elementor-view-default elementor-widget elementor-widget-divider\" data-id=\"bfd4cfe\" data-element_type=\"widget\" data-e-type=\"widget\" data-widget_type=\"divider.default\">\n\t\t\t\t<div class=\"elementor-widget-container\">\n\t\t\t\t\t\t\t<div class=\"elementor-divider\">\n\t\t\t<span class=\"elementor-divider-separator\">\n\t\t\t\t\t\t\t<div class=\"elementor-icon elementor-divider__element\">\n\t\t\t\t\t<svg aria-hidden=\"true\" class=\"e-font-icon-svg e-fas-angle-double-left\" viewbox=\"0 0 448 512\" xmlns=\"http:\/\/www.w3.org\/2000\/svg\"><path d=\"M223.7 239l136-136c9.4-9.4 24.6-9.4 33.9 0l22.6 22.6c9.4 9.4 9.4 24.6 0 33.9L319.9 256l96.4 96.4c9.4 9.4 9.4 24.6 0 33.9L393.7 409c-9.4 9.4-24.6 9.4-33.9 0l-136-136c-9.5-9.4-9.5-24.6-.1-34zm-192 34l136 136c9.4 9.4 24.6 9.4 33.9 0l22.6-22.6c9.4-9.4 9.4-24.6 0-33.9L127.9 256l96.4-96.4c9.4-9.4 9.4-24.6 0-33.9L201.7 103c-9.4-9.4-24.6-9.4-33.9 0l-136 136c-9.5 9.4-9.5 24.6-.1 34z\"><\/path><\/svg><\/div>\n\t\t\t\t\t\t<\/span>\n\t\t<\/div>\n\t\t\t\t\t\t<\/div>\n\t\t\t\t<\/div>\n\t\t\t\t<div class=\"elementor-element elementor-element-768271c elementor-widget elementor-widget-heading\" data-id=\"768271c\" data-element_type=\"widget\" data-e-type=\"widget\" data-widget_type=\"heading.default\">\n\t\t\t\t<div class=\"elementor-widget-container\">\n\t\t\t\t\t<h1 class=\"elementor-heading-title elementor-size-default\"><a href=\"https:\/\/www.avrio.ch\/de\/discover\/intakes-exams-and-timetable\/information-technology\/doctorate\/\">Doktorats-IT-Programm, Aufnahme und Pr\u00fcfungen<\/a><\/h1>\t\t\t\t<\/div>\n\t\t\t\t<\/div>\n\t\t\t\t<div class=\"elementor-element elementor-element-a9688ac elementor-widget-divider--view-line_icon elementor-widget-divider--element-align-left elementor-widget__width-initial elementor-view-default elementor-widget elementor-widget-divider\" data-id=\"a9688ac\" data-element_type=\"widget\" data-e-type=\"widget\" data-widget_type=\"divider.default\">\n\t\t\t\t<div class=\"elementor-widget-container\">\n\t\t\t\t\t\t\t<div class=\"elementor-divider\">\n\t\t\t<span class=\"elementor-divider-separator\">\n\t\t\t\t\t\t\t<div class=\"elementor-icon elementor-divider__element\">\n\t\t\t\t\t<svg aria-hidden=\"true\" class=\"e-font-icon-svg e-fas-angle-double-right\" viewbox=\"0 0 448 512\" xmlns=\"http:\/\/www.w3.org\/2000\/svg\"><path d=\"M224.3 273l-136 136c-9.4 9.4-24.6 9.4-33.9 0l-22.6-22.6c-9.4-9.4-9.4-24.6 0-33.9l96.4-96.4-96.4-96.4c-9.4-9.4-9.4-24.6 0-33.9L54.3 103c9.4-9.4 24.6-9.4 33.9 0l136 136c9.5 9.4 9.5 24.6.1 34zm192-34l-136-136c-9.4-9.4-24.6-9.4-33.9 0l-22.6 22.6c-9.4 9.4-9.4 24.6 0 33.9l96.4 96.4-96.4 96.4c-9.4 9.4-9.4 24.6 0 33.9l22.6 22.6c9.4 9.4 24.6 9.4 33.9 0l136-136c9.4-9.2 9.4-24.4 0-33.8z\"><\/path><\/svg><\/div>\n\t\t\t\t\t\t<\/span>\n\t\t<\/div>\n\t\t\t\t\t\t<\/div>\n\t\t\t\t<\/div>\n\t\t\t\t\t<\/div>\n\t\t\t\t<\/div>\n\t\t\t\t\t<\/div>\n\t\t\t\t<\/div>\n\t\t<div class=\"elementor-element elementor-element-47b8c21 e-flex e-con-boxed e-con e-parent\" data-id=\"47b8c21\" data-element_type=\"container\" data-e-type=\"container\" data-settings=\"{&quot;jet_parallax_layout_list&quot;:[]}\">\n\t\t\t\t\t<div class=\"e-con-inner\">\n\t\t<div class=\"elementor-element elementor-element-6519dc6 e-con-full e-flex e-con e-child\" data-id=\"6519dc6\" data-element_type=\"container\" data-e-type=\"container\" data-settings=\"{&quot;jet_parallax_layout_list&quot;:[]}\">\n\t\t\t\t<div class=\"elementor-element elementor-element-26928a0 timetable elementor-widget elementor-widget-text-editor\" data-id=\"26928a0\" data-element_type=\"widget\" data-e-type=\"widget\" data-widget_type=\"text-editor.default\">\n\t\t\t\t<div class=\"elementor-widget-container\">\n\t\t\t\t\t\t\t\t\t<table><tbody><tr><th colspan=\"2\">Die Studienwochen<\/th><th>Neustart<\/th><th>Programmmodule<\/th><th>Pr\u00fcfungen<\/th><\/tr><tr class=\"intake\"><td>01. Okt<\/td><td>Okt. 07<\/td><td colspan=\"3\">Okt. Aufnahme<\/td><\/tr><tr><td>Okt. 08<\/td><td>14. Okt<\/td><td colspan=\"3\" rowspan=\"3\">1. Modul<\/td><\/tr><tr><td>15. Okt<\/td><td>21. Okt<\/td><\/tr><tr><td>22. Okt<\/td><td>28. Okt<\/td><\/tr><tr><td>01.11<\/td><td>07.11<\/td><td colspan=\"3\" rowspan=\"3\">2. Modul<\/td><\/tr><tr><td>08.11<\/td><td>14.11<\/td><\/tr><tr><td>15. November<\/td><td>21.11<\/td><\/tr><tr class=\"exam\"><td>22.11<\/td><td>28.11<\/td><td colspan=\"3\">Pr\u00fcfung im November<\/td><\/tr><tr><td>01. Dez<\/td><td>07. Dez<\/td><td class=\"noexam\" style=\"background-color: #fcfcfc;\" colspan=\"3\" rowspan=\"3\">Keine Aufnahme \u2013 keine Pr\u00fcfungen<\/td><\/tr><tr><td>08. Dez<\/td><td>14. Dez<\/td><\/tr><tr><td>15. Dez<\/td><td>21. Dez<\/td><\/tr><tr class=\"intake\"><td>01.01<\/td><td>07. Jan<\/td><td colspan=\"3\">Jan Aufnahme<\/td><\/tr><tr><td>08. Jan<\/td><td>14. Jan<\/td><td colspan=\"3\" rowspan=\"3\">3. Modul<\/td><\/tr><tr><td>15. Jan<\/td><td>21. Jan<\/td><\/tr><tr><td>22. Jan<\/td><td>28. Jan<\/td><\/tr><tr><td>01.02<\/td><td>07.02<\/td><td colspan=\"2\" rowspan=\"3\">4. Modul<\/td><td class=\"noexam\" style=\"background-color: #fcfcfc;\" rowspan=\"3\">Keine Pr\u00fcfung<\/td><\/tr><tr><td>08.02<\/td><td>14. Februar<\/td><\/tr><tr><td>15. Februar<\/td><td>21. Februar<\/td><\/tr><tr class=\"exam\"><td>22. Februar<\/td><td>28.02<\/td><td colspan=\"3\">Pr\u00fcfung im Februar<\/td><\/tr><tr class=\"intake\"><td>01.03<\/td><td>07.03<\/td><td colspan=\"3\">Aufnahme im M\u00e4rz<\/td><\/tr><tr><td>08. M\u00e4rz<\/td><td>14. M\u00e4rz<\/td><td colspan=\"3\" rowspan=\"3\">5. Modul<\/td><\/tr><tr><td>15. M\u00e4rz<\/td><td>21. M\u00e4rz<\/td><\/tr><tr><td>22. M\u00e4rz<\/td><td>28. M\u00e4rz<\/td><\/tr><tr><td>01.04<\/td><td>07.04<\/td><td colspan=\"3\" rowspan=\"3\">6. Modul<\/td><\/tr><tr><td>08.04<\/td><td>14. April<\/td><\/tr><tr><td>15. April<\/td><td>21. April<\/td><\/tr><tr class=\"exam\"><td>22. April<\/td><td>28. April<\/td><td colspan=\"3\">Pr\u00fcfung im April<\/td><\/tr><tr class=\"intake\"><td>Mai\/01<\/td><td>Mai\/07<\/td><td colspan=\"3\">Mai Aufnahme<\/td><\/tr><tr><td>Mai\/08<\/td><td>14. Mai<\/td><td colspan=\"3\" rowspan=\"3\">7. Modul<\/td><\/tr><tr><td>15. Mai<\/td><td>21. Mai<\/td><\/tr><tr><td>22. Mai<\/td><td>28. Mai<\/td><\/tr><tr><td>01.06<\/td><td>07.06<\/td><td colspan=\"3\" rowspan=\"3\">8. Modul<\/td><\/tr><tr><td>08.06<\/td><td>14.06<\/td><\/tr><tr><td>15.06<\/td><td>21.06<\/td><\/tr><tr class=\"exam\"><td>22.06<\/td><td>28.06<\/td><td colspan=\"3\">Juni-Pr\u00fcfung<\/td><\/tr><tr><td>01.07<\/td><td>07.07<\/td><td class=\"noexam\" style=\"background-color: #fcfcfc;\" colspan=\"3\" rowspan=\"4\">Keine Aufnahme \u2013 keine Pr\u00fcfungen<\/td><\/tr><tr><td>08.07<\/td><td>14.07<\/td><\/tr><tr><td>15.07<\/td><td>21.07<\/td><\/tr><tr><td>22.07<\/td><td>28.07<\/td><\/tr><tr class=\"intake\"><td>01.08<\/td><td>07.08<\/td><td colspan=\"3\">Augsut-Einnahme<\/td><\/tr><tr><td>08.08<\/td><td>14. August<\/td><td colspan=\"3\" rowspan=\"3\">9. Modul<\/td><\/tr><tr><td>15. August<\/td><td>21.08<\/td><\/tr><tr><td>22.08<\/td><td>28.08<\/td><\/tr><tr><td>01.09<\/td><td>07.09<\/td><td colspan=\"3\" rowspan=\"3\">10. Modul<\/td><\/tr><tr><td>08.09<\/td><td>14. September<\/td><\/tr><tr><td>15. September<\/td><td>21.09<\/td><\/tr><tr class=\"exam\"><td>22.09<\/td><td>28.09<\/td><td colspan=\"3\">September-Pr\u00fcfung<\/td><\/tr><\/tbody><\/table>\t\t\t\t\t\t\t\t<\/div>\n\t\t\t\t<\/div>\n\t\t\t\t<\/div>\n\t\t<div class=\"elementor-element elementor-element-894b2d9 e-flex e-con-boxed e-con e-child\" data-id=\"894b2d9\" data-element_type=\"container\" data-e-type=\"container\" data-settings=\"{&quot;jet_parallax_layout_list&quot;:[]}\">\n\t\t\t\t\t<div class=\"e-con-inner\">\n\t\t\t\t<div class=\"elementor-element elementor-element-b41cde3 elementor-widget elementor-widget-text-editor\" data-id=\"b41cde3\" data-element_type=\"widget\" data-e-type=\"widget\" data-widget_type=\"text-editor.default\">\n\t\t\t\t<div class=\"elementor-widget-container\">\n\t\t\t\t\t\t\t\t\t<p style=\"text-align: justify;\">In den folgenden Abbildungen finden Sie kurz einige Details zu den Aufnahmeterminen und dem Zeitpunkt der Pr\u00fcfungen. In der Tabelle finden Sie detaillierte Informationen zu diesen Themen.<\/p><p style=\"text-align: justify;\">Der Student kann sich f\u00fcr den Beginn des Studiums aus jedem der f\u00fcnf Jahrg\u00e4nge einschreiben, die wir im Laufe des Jahres anbieten. In Ausnahmef\u00e4llen kann der Student im November, Februar, April, Juni oder September beginnen.<\/p>\t\t\t\t\t\t\t\t<\/div>\n\t\t\t\t<\/div>\n\t\t\t\t\t<\/div>\n\t\t\t\t<\/div>\n\t\t\t\t\t<\/div>\n\t\t\t\t<\/div>\n\t\t\t\t<\/div>","protected":false},"excerpt":{"rendered":"<p>The Study Weeks New Start Program Modules Exams Oct\/01 Oct\/07 Oct Intake Oct\/08 Oct\/14 1st Module Oct\/15 Oct\/21 Oct\/22 Oct\/28 Nov\/01 Nov\/07 2nd Module Nov\/08 Nov\/14 Nov\/15 Nov\/21 Nov\/22 Nov\/28 Nov Exam Dec\/01 Dec\/07 No Intake &#8211; No Exams Dec\/08 Dec\/14 Dec\/15 Dec\/21 Jan\/01 Jan\/07 Jan Intake Jan\/08 Jan\/14 3rd Module Jan\/15 Jan\/21 Jan\/22 Jan\/28 [&hellip;]<\/p>\n","protected":false},"author":1,"featured_media":0,"parent":28013,"menu_order":0,"comment_status":"closed","ping_status":"closed","template":"","meta":{"_acf_changed":false,"site-sidebar-layout":"no-sidebar","site-content-layout":"page-builder","ast-site-content-layout":"full-width-container","site-content-style":"default","site-sidebar-style":"default","ast-global-header-display":"","ast-banner-title-visibility":"","ast-main-header-display":"","ast-hfb-above-header-display":"","ast-hfb-below-header-display":"","ast-hfb-mobile-header-display":"","site-post-title":"disabled","ast-breadcrumbs-content":"","ast-featured-img":"disabled","footer-sml-layout":"","ast-disable-related-posts":"","theme-transparent-header-meta":"","adv-header-id-meta":"","stick-header-meta":"","header-above-stick-meta":"","header-main-stick-meta":"","header-below-stick-meta":"","astra-migrate-meta-layouts":"default","ast-page-background-enabled":"default","ast-page-background-meta":{"desktop":{"background-color":"var(--ast-global-color-4)","background-image":"","background-repeat":"repeat","background-position":"center center","background-size":"auto","background-attachment":"scroll","background-type":"","background-media":"","overlay-type":"","overlay-color":"","overlay-opacity":"","overlay-gradient":""},"tablet":{"background-color":"","background-image":"","background-repeat":"repeat","background-position":"center center","background-size":"auto","background-attachment":"scroll","background-type":"","background-media":"","overlay-type":"","overlay-color":"","overlay-opacity":"","overlay-gradient":""},"mobile":{"background-color":"","background-image":"","background-repeat":"repeat","background-position":"center center","background-size":"auto","background-attachment":"scroll","background-type":"","background-media":"","overlay-type":"","overlay-color":"","overlay-opacity":"","overlay-gradient":""}},"ast-content-background-meta":{"desktop":{"background-color":"var(--ast-global-color-5)","background-image":"","background-repeat":"repeat","background-position":"center center","background-size":"auto","background-attachment":"scroll","background-type":"","background-media":"","overlay-type":"","overlay-color":"","overlay-opacity":"","overlay-gradient":""},"tablet":{"background-color":"var(--ast-global-color-5)","background-image":"","background-repeat":"repeat","background-position":"center center","background-size":"auto","background-attachment":"scroll","background-type":"","background-media":"","overlay-type":"","overlay-color":"","overlay-opacity":"","overlay-gradient":""},"mobile":{"background-color":"var(--ast-global-color-5)","background-image":"","background-repeat":"repeat","background-position":"center center","background-size":"auto","background-attachment":"scroll","background-type":"","background-media":"","overlay-type":"","overlay-color":"","overlay-opacity":"","overlay-gradient":""}},"footnotes":""},"class_list":["post-28034","page","type-page","status-publish","hentry"],"acf":[],"yoast_head":"<!-- This site is optimized with the Yoast SEO Premium plugin v27.4 (Yoast SEO v27.4) - https:\/\/yoast.com\/product\/yoast-seo-premium-wordpress\/ -->\n<title>Doctorate IT Program, Intakes and Examinations - Institut Avrio de Gen\u00e8ve<\/title>\n<meta name=\"description\" content=\"The Study WeeksNew StartProgram ModulesExamsOct\/01Oct\/07Oct IntakeOct\/08Oct\/141st ModuleOct\/15Oct\/21Oct\/22Oct\/28Nov\/01Nov\/072nd\" \/>\n<meta name=\"robots\" content=\"index, follow, max-snippet:-1, max-image-preview:large, max-video-preview:-1\" \/>\n<link rel=\"canonical\" href=\"https:\/\/www.avrio.ch\/de\/entdecken\/aufnahmeprufungen-und-zeitplan\/informationstechnologie\/promotion\/\" \/>\n<meta property=\"og:locale\" content=\"de_DE\" \/>\n<meta property=\"og:type\" content=\"article\" \/>\n<meta property=\"og:title\" content=\"Doctorate IT Program, Intakes and Examinations\" \/>\n<meta property=\"og:description\" content=\"The Study WeeksNew StartProgram ModulesExamsOct\/01Oct\/07Oct IntakeOct\/08Oct\/141st ModuleOct\/15Oct\/21Oct\/22Oct\/28Nov\/01Nov\/072nd\" \/>\n<meta property=\"og:url\" content=\"https:\/\/www.avrio.ch\/de\/entdecken\/aufnahmeprufungen-und-zeitplan\/informationstechnologie\/promotion\/\" \/>\n<meta property=\"og:site_name\" content=\"Institut Avrio de Gen\u00e8ve\" \/>\n<meta property=\"article:publisher\" content=\"https:\/\/www.facebook.com\/institutavriodegeneve\/\" \/>\n<meta property=\"article:modified_time\" content=\"2023-09-08T22:57:46+00:00\" \/>\n<meta property=\"og:image\" content=\"https:\/\/www.avrio.ch\/v23\/wp-content\/uploads\/2020\/06\/logo-2.png\" \/>\n\t<meta property=\"og:image:width\" content=\"600\" \/>\n\t<meta property=\"og:image:height\" content=\"224\" \/>\n\t<meta property=\"og:image:type\" content=\"image\/png\" \/>\n<meta name=\"twitter:card\" content=\"summary_large_image\" \/>\n<meta name=\"twitter:site\" content=\"@AvrioDeGeneve\" \/>\n<meta name=\"twitter:label1\" content=\"Gesch\u00e4tzte Lesezeit\" \/>\n\t<meta name=\"twitter:data1\" content=\"1\u00a0Minute\" \/>\n<script type=\"application\/ld+json\" class=\"yoast-schema-graph\">{\"@context\":\"https:\\\/\\\/schema.org\",\"@graph\":[{\"@type\":\"WebPage\",\"@id\":\"https:\\\/\\\/www.avrio.ch\\\/discover\\\/intakes-exams-and-timetable\\\/information-technology\\\/doctorate\\\/\",\"url\":\"https:\\\/\\\/www.avrio.ch\\\/discover\\\/intakes-exams-and-timetable\\\/information-technology\\\/doctorate\\\/\",\"name\":\"Doctorate IT Program, Intakes and Examinations - Institut Avrio de Gen\u00e8ve\",\"isPartOf\":{\"@id\":\"https:\\\/\\\/www.avrio.ch\\\/#website\"},\"datePublished\":\"2023-09-06T00:39:58+00:00\",\"dateModified\":\"2023-09-08T22:57:46+00:00\",\"description\":\"The Study WeeksNew StartProgram ModulesExamsOct\\\/01Oct\\\/07Oct IntakeOct\\\/08Oct\\\/141st ModuleOct\\\/15Oct\\\/21Oct\\\/22Oct\\\/28Nov\\\/01Nov\\\/072nd\",\"breadcrumb\":{\"@id\":\"https:\\\/\\\/www.avrio.ch\\\/discover\\\/intakes-exams-and-timetable\\\/information-technology\\\/doctorate\\\/#breadcrumb\"},\"inLanguage\":\"de\",\"potentialAction\":[{\"@type\":\"ReadAction\",\"target\":[\"https:\\\/\\\/www.avrio.ch\\\/discover\\\/intakes-exams-and-timetable\\\/information-technology\\\/doctorate\\\/\"]}]},{\"@type\":\"BreadcrumbList\",\"@id\":\"https:\\\/\\\/www.avrio.ch\\\/discover\\\/intakes-exams-and-timetable\\\/information-technology\\\/doctorate\\\/#breadcrumb\",\"itemListElement\":[{\"@type\":\"ListItem\",\"position\":1,\"name\":\"Home\",\"item\":\"https:\\\/\\\/www.avrio.ch\\\/\"},{\"@type\":\"ListItem\",\"position\":2,\"name\":\"Discover\",\"item\":\"https:\\\/\\\/www.avrio.ch\\\/discover\\\/\"},{\"@type\":\"ListItem\",\"position\":3,\"name\":\"Intakes, Exams and timetable\",\"item\":\"https:\\\/\\\/www.avrio.ch\\\/discover\\\/intakes-exams-and-timetable\\\/\"},{\"@type\":\"ListItem\",\"position\":4,\"name\":\"Information Technology\",\"item\":\"https:\\\/\\\/www.avrio.ch\\\/discover\\\/intakes-exams-and-timetable\\\/information-technology\\\/\"},{\"@type\":\"ListItem\",\"position\":5,\"name\":\"Doctorate IT Program, Intakes and Examinations\"}]},{\"@type\":\"WebSite\",\"@id\":\"https:\\\/\\\/www.avrio.ch\\\/#website\",\"url\":\"https:\\\/\\\/www.avrio.ch\\\/\",\"name\":\"Institut Avrio de Gen\u00e8ve\",\"description\":\"Online Business Management &amp; Information Technology Institute\",\"publisher\":{\"@id\":\"https:\\\/\\\/www.avrio.ch\\\/#organization\"},\"alternateName\":\"Avrio Institute\",\"potentialAction\":[{\"@type\":\"SearchAction\",\"target\":{\"@type\":\"EntryPoint\",\"urlTemplate\":\"https:\\\/\\\/www.avrio.ch\\\/?s={search_term_string}\"},\"query-input\":{\"@type\":\"PropertyValueSpecification\",\"valueRequired\":true,\"valueName\":\"search_term_string\"}}],\"inLanguage\":\"de\"},{\"@type\":[\"Organization\",\"Place\",\"CollegeOrUniversity\"],\"@id\":\"https:\\\/\\\/www.avrio.ch\\\/#organization\",\"name\":\"Institut Avrio de Gen\u00e8ve\",\"alternateName\":\"Avrio Institute\",\"url\":\"https:\\\/\\\/www.avrio.ch\\\/\",\"logo\":{\"@id\":\"https:\\\/\\\/www.avrio.ch\\\/discover\\\/intakes-exams-and-timetable\\\/information-technology\\\/doctorate\\\/#local-main-organization-logo\"},\"image\":{\"@id\":\"https:\\\/\\\/www.avrio.ch\\\/discover\\\/intakes-exams-and-timetable\\\/information-technology\\\/doctorate\\\/#local-main-organization-logo\"},\"sameAs\":[\"https:\\\/\\\/www.facebook.com\\\/institutavriodegeneve\\\/\",\"https:\\\/\\\/x.com\\\/AvrioDeGeneve\",\"https:\\\/\\\/www.instagram.com\\\/institutavriodegeneve\\\/\",\"https:\\\/\\\/www.linkedin.com\\\/in\\\/avrio-de-geneve-024392194\\\/\",\"https:\\\/\\\/www.youtube.com\\\/channel\\\/UCPP2orNhGglhisZlldUbnkQ\"],\"address\":{\"@id\":\"https:\\\/\\\/www.avrio.ch\\\/discover\\\/intakes-exams-and-timetable\\\/information-technology\\\/doctorate\\\/#local-main-place-address\"},\"telephone\":[\"+41794642989\"],\"openingHoursSpecification\":[{\"@type\":\"OpeningHoursSpecification\",\"dayOfWeek\":[\"Sunday\",\"Wednesday\",\"Saturday\"],\"opens\":\"00:00\",\"closes\":\"00:00\"},{\"@type\":\"OpeningHoursSpecification\",\"dayOfWeek\":[\"Monday\",\"Tuesday\",\"Thursday\",\"Friday\"],\"opens\":\"09:00\",\"closes\":\"11:00\"}],\"email\":\"info@avrio.ch\"},{\"@type\":\"PostalAddress\",\"@id\":\"https:\\\/\\\/www.avrio.ch\\\/discover\\\/intakes-exams-and-timetable\\\/information-technology\\\/doctorate\\\/#local-main-place-address\",\"streetAddress\":\"Rue de la Cit\u00e9 1\",\"addressLocality\":\"Geneva\",\"postalCode\":\"1204\",\"addressRegion\":\"Geneva\",\"addressCountry\":\"CH\"},{\"@type\":\"ImageObject\",\"inLanguage\":\"de\",\"@id\":\"https:\\\/\\\/www.avrio.ch\\\/discover\\\/intakes-exams-and-timetable\\\/information-technology\\\/doctorate\\\/#local-main-organization-logo\",\"url\":\"https:\\\/\\\/www.avrio.ch\\\/v23\\\/wp-content\\\/uploads\\\/2020\\\/04\\\/logo-new-img-1.png\",\"contentUrl\":\"https:\\\/\\\/www.avrio.ch\\\/v23\\\/wp-content\\\/uploads\\\/2020\\\/04\\\/logo-new-img-1.png\",\"width\":539,\"height\":600,\"caption\":\"Institut Avrio de Gen\u00e8ve\"}]}<\/script>\n<meta name=\"geo.placename\" content=\"Geneva\" \/>\n<meta name=\"geo.region\" content=\"Schweiz\" \/>\n<!-- \/ Yoast SEO Premium plugin. -->","yoast_head_json":{"title":"Doktorats-IT-Programm, Aufnahme und Pr\u00fcfungen \u2013 Institut Avrio de Gen\u00e8ve","description":"Die StudienwochenNeustartProgrammmodulePr\u00fcfungenOkt.\/01. Okt.\/07. Okt. AufnahmeOkt.\/08. Okt.\/141. ModulOkt.\/15. Okt.\/21. Okt.\/22. Okt.\/28. Nov.\/01. Nov.\/072","robots":{"index":"index","follow":"follow","max-snippet":"max-snippet:-1","max-image-preview":"max-image-preview:large","max-video-preview":"max-video-preview:-1"},"canonical":"https:\/\/www.avrio.ch\/de\/entdecken\/aufnahmeprufungen-und-zeitplan\/informationstechnologie\/promotion\/","og_locale":"de_DE","og_type":"article","og_title":"Doctorate IT Program, Intakes and Examinations","og_description":"The Study WeeksNew StartProgram ModulesExamsOct\/01Oct\/07Oct IntakeOct\/08Oct\/141st ModuleOct\/15Oct\/21Oct\/22Oct\/28Nov\/01Nov\/072nd","og_url":"https:\/\/www.avrio.ch\/de\/entdecken\/aufnahmeprufungen-und-zeitplan\/informationstechnologie\/promotion\/","og_site_name":"Institut Avrio de Gen\u00e8ve","article_publisher":"https:\/\/www.facebook.com\/institutavriodegeneve\/","article_modified_time":"2023-09-08T22:57:46+00:00","og_image":[{"width":600,"height":224,"url":"https:\/\/www.avrio.ch\/v23\/wp-content\/uploads\/2020\/06\/logo-2.png","type":"image\/png"}],"twitter_card":"summary_large_image","twitter_site":"@AvrioDeGeneve","twitter_misc":{"Gesch\u00e4tzte Lesezeit":"1\u00a0Minute"},"schema":{"@context":"https:\/\/schema.org","@graph":[{"@type":"WebPage","@id":"https:\/\/www.avrio.ch\/discover\/intakes-exams-and-timetable\/information-technology\/doctorate\/","url":"https:\/\/www.avrio.ch\/discover\/intakes-exams-and-timetable\/information-technology\/doctorate\/","name":"Doktorats-IT-Programm, Aufnahme und Pr\u00fcfungen \u2013 Institut Avrio de Gen\u00e8ve","isPartOf":{"@id":"https:\/\/www.avrio.ch\/#website"},"datePublished":"2023-09-06T00:39:58+00:00","dateModified":"2023-09-08T22:57:46+00:00","description":"Die StudienwochenNeustartProgrammmodulePr\u00fcfungenOkt.\/01. Okt.\/07. Okt. AufnahmeOkt.\/08. Okt.\/141. ModulOkt.\/15. Okt.\/21. Okt.\/22. Okt.\/28. Nov.\/01. Nov.\/072","breadcrumb":{"@id":"https:\/\/www.avrio.ch\/discover\/intakes-exams-and-timetable\/information-technology\/doctorate\/#breadcrumb"},"inLanguage":"de","potentialAction":[{"@type":"ReadAction","target":["https:\/\/www.avrio.ch\/discover\/intakes-exams-and-timetable\/information-technology\/doctorate\/"]}]},{"@type":"BreadcrumbList","@id":"https:\/\/www.avrio.ch\/discover\/intakes-exams-and-timetable\/information-technology\/doctorate\/#breadcrumb","itemListElement":[{"@type":"ListItem","position":1,"name":"Home","item":"https:\/\/www.avrio.ch\/"},{"@type":"ListItem","position":2,"name":"Discover","item":"https:\/\/www.avrio.ch\/discover\/"},{"@type":"ListItem","position":3,"name":"Intakes, Exams and timetable","item":"https:\/\/www.avrio.ch\/discover\/intakes-exams-and-timetable\/"},{"@type":"ListItem","position":4,"name":"Information Technology","item":"https:\/\/www.avrio.ch\/discover\/intakes-exams-and-timetable\/information-technology\/"},{"@type":"ListItem","position":5,"name":"Doctorate IT Program, Intakes and Examinations"}]},{"@type":"WebSite","@id":"https:\/\/www.avrio.ch\/#website","url":"https:\/\/www.avrio.ch\/","name":"Institut Avrio de Gen\u00e8ve","description":"Online-Institut f\u00fcr Unternehmensf\u00fchrung und Informationstechnologie","publisher":{"@id":"https:\/\/www.avrio.ch\/#organization"},"alternateName":"Avrio Institute","potentialAction":[{"@type":"SearchAction","target":{"@type":"EntryPoint","urlTemplate":"https:\/\/www.avrio.ch\/?s={search_term_string}"},"query-input":{"@type":"PropertyValueSpecification","valueRequired":true,"valueName":"search_term_string"}}],"inLanguage":"de"},{"@type":["Organization","Place","CollegeOrUniversity"],"@id":"https:\/\/www.avrio.ch\/#organization","name":"Institut Avrio de Gen\u00e8ve","alternateName":"Avrio Institute","url":"https:\/\/www.avrio.ch\/","logo":{"@id":"https:\/\/www.avrio.ch\/discover\/intakes-exams-and-timetable\/information-technology\/doctorate\/#local-main-organization-logo"},"image":{"@id":"https:\/\/www.avrio.ch\/discover\/intakes-exams-and-timetable\/information-technology\/doctorate\/#local-main-organization-logo"},"sameAs":["https:\/\/www.facebook.com\/institutavriodegeneve\/","https:\/\/x.com\/AvrioDeGeneve","https:\/\/www.instagram.com\/institutavriodegeneve\/","https:\/\/www.linkedin.com\/in\/avrio-de-geneve-024392194\/","https:\/\/www.youtube.com\/channel\/UCPP2orNhGglhisZlldUbnkQ"],"address":{"@id":"https:\/\/www.avrio.ch\/discover\/intakes-exams-and-timetable\/information-technology\/doctorate\/#local-main-place-address"},"telephone":["+41794642989"],"openingHoursSpecification":[{"@type":"OpeningHoursSpecification","dayOfWeek":["Sunday","Wednesday","Saturday"],"opens":"00:00","closes":"00:00"},{"@type":"OpeningHoursSpecification","dayOfWeek":["Monday","Tuesday","Thursday","Friday"],"opens":"09:00","closes":"11:00"}],"email":"info@avrio.ch"},{"@type":"PostalAddress","@id":"https:\/\/www.avrio.ch\/discover\/intakes-exams-and-timetable\/information-technology\/doctorate\/#local-main-place-address","streetAddress":"Rue de la Cit\u00e9 1","addressLocality":"Geneva","postalCode":"1204","addressRegion":"Geneva","addressCountry":"CH"},{"@type":"ImageObject","inLanguage":"de","@id":"https:\/\/www.avrio.ch\/discover\/intakes-exams-and-timetable\/information-technology\/doctorate\/#local-main-organization-logo","url":"https:\/\/www.avrio.ch\/v23\/wp-content\/uploads\/2020\/04\/logo-new-img-1.png","contentUrl":"https:\/\/www.avrio.ch\/v23\/wp-content\/uploads\/2020\/04\/logo-new-img-1.png","width":539,"height":600,"caption":"Institut Avrio de Gen\u00e8ve"}]},"geo.placename":"Geneva","geo.region":"Schweiz"},"_links":{"self":[{"href":"https:\/\/www.avrio.ch\/de\/wp-json\/wp\/v2\/pages\/28034","targetHints":{"allow":["GET"]}}],"collection":[{"href":"https:\/\/www.avrio.ch\/de\/wp-json\/wp\/v2\/pages"}],"about":[{"href":"https:\/\/www.avrio.ch\/de\/wp-json\/wp\/v2\/types\/page"}],"author":[{"embeddable":true,"href":"https:\/\/www.avrio.ch\/de\/wp-json\/wp\/v2\/users\/1"}],"replies":[{"embeddable":true,"href":"https:\/\/www.avrio.ch\/de\/wp-json\/wp\/v2\/comments?post=28034"}],"version-history":[{"count":0,"href":"https:\/\/www.avrio.ch\/de\/wp-json\/wp\/v2\/pages\/28034\/revisions"}],"up":[{"embeddable":true,"href":"https:\/\/www.avrio.ch\/de\/wp-json\/wp\/v2\/pages\/28013"}],"wp:attachment":[{"href":"https:\/\/www.avrio.ch\/de\/wp-json\/wp\/v2\/media?parent=28034"}],"curies":[{"name":"wp","href":"https:\/\/api.w.org\/{rel}","templated":true}]}}