{"id":24892,"date":"2021-12-19T15:55:33","date_gmt":"2021-12-19T14:55:33","guid":{"rendered":"https:\/\/www.avrio.ch\/v23\/master-7\/"},"modified":"2023-08-21T11:04:21","modified_gmt":"2023-08-21T09:04:21","slug":"credits-ubertragung","status":"publish","type":"page","link":"https:\/\/www.avrio.ch\/de\/usc\/azteca-university\/own-degrees\/credits-transfer\/","title":{"rendered":"Credits-\u00dcbertragung"},"content":{"rendered":"<h2 style=\"text-align: center;\"><a href=\"https:\/\/www.avrio.ch\/de\/version-23\/usc\/azteken-universitat\/own-degree\/\">Azteca University Eigene Abschl\u00fcsse<\/a><\/h2>\n<p style=\"text-align: center;\"><strong><a href=\"https:\/\/www.avrio.ch\/de\/version-23\/usc\/azteken-universitat\/own-degree\/credits-ubertragung\/\">Credits-\u00dcbertragung<\/a><\/strong> | <a href=\"https:\/\/www.avrio.ch\/de\/version-23\/usc\/azteken-universitat\/own-degree\/professionelle-zertifizierung\/\"><strong>professionelle Zertifizierung<\/strong><\/a> | Meister: <strong><a href=\"https:\/\/www.avrio.ch\/de\/version-23\/usc\/azteken-universitat\/own-degree\/vorherige-lernbeurteilung\/\">Fr\u00fchere Lernbewertung<\/a><\/strong> | <strong><a href=\"https:\/\/www.avrio.ch\/de\/version-23\/usc\/azteken-universitat\/own-degree\/abschlussvalidierung\/\">Abschlussvalidierung<\/a><\/strong><br \/>\nPromotion: (<a href=\"https:\/\/www.avrio.ch\/de\/version-23\/usc\/azteken-universitat\/own-degree\/doktor-der-universitat\/nach-vorheriger-leistung-und-nach-leistung\/\"><strong>Vorherige Ergebnisse und Erfolge<\/strong><\/a> | <strong><a href=\"https:\/\/www.avrio.ch\/de\/version-23\/usc\/azteken-universitat\/own-degree\/doktor-der-universitat\/vorherige-lernbeurteilung\/\">Fr\u00fchere Lernbewertung<\/a><\/strong> | <strong><a href=\"https:\/\/www.avrio.ch\/de\/version-23\/usc\/azteken-universitat\/own-degree\/doktor-der-universitat\/durch-veroffentlichung\/\">Ver\u00f6ffentlichung<\/a><\/strong> | <strong><a href=\"https:\/\/www.avrio.ch\/de\/version-23\/usc\/azteken-universitat\/own-degree\/doktor-der-universitat\/durch-these\/\">These<\/a><\/strong>) | <a href=\"https:\/\/www.avrio.ch\/de\/version-23\/usc\/azteken-universitat\/own-degree\/studenteninfo\/\">Studenteninfo<\/a><\/p>\n<p style=\"text-align: justify;\"><span style=\"text-decoration: underline; color: #000000;\"><span class=\"internallink\"><strong>Option 1) Anerkennung von Transferleistungen<\/strong><\/span><\/span><\/p>\n<p style=\"text-align: justify;\">Denn das Lernen, das durch Zeugnisse und Zertifikate bereits bestandener Pr\u00fcfungen anerkannt werden kann, erm\u00f6glicht eine weitaus unkompliziertere Bewertung, als dies mit der Portfoliovalidierung fr\u00fcher erworbener Kenntnisse m\u00f6glich ist.<\/p>\n<p style=\"text-align: justify;\">Kandidaten, die in fr\u00fcheren Studienleistungen, die zu einem beliebigen Abschluss f\u00fchren, gen\u00fcgend Credits erworben haben, k\u00f6nnen ihre Abschl\u00fcsse aus verschiedenen Quellen auf einen Abschluss \u00fcbertragen, der von der Universidad Azteca im Bereich \u201eAdvanced Studies\u201c verliehen wird.<\/p>\n<p style=\"text-align: justify;\">Dieses Programm unterscheidet sich von dem <a href=\"https:\/\/www.avrio.ch\/de\/version-23\/usc\/azteken-universitat\/own-degree\/professionelle-zertifizierung\/\">professionelle Zertifizierung<\/a> (<a href=\"https:\/\/www.avrio.ch\/de\/version-23\/usc\/azteken-universitat\/own-degree\/master-of-university\/berufsstudium\/\">Professionelle Studien<\/a>) und die Validierung von <a href=\"https:\/\/www.avrio.ch\/de\/version-23\/usc\/azteken-universitat\/own-degree\/vorherige-lernbeurteilung\/\">Vorheriges Lernen<\/a> (<a href=\"https:\/\/www.avrio.ch\/de\/version-23\/usc\/azteken-universitat\/own-degree\/master-of-university\/individuelle-studien\/\">Individuelle Studien<\/a>), da es ausschlie\u00dflich auf der Anerkennung von Transferleistungen basiert, die bereits auf postsekund\u00e4rer Ebene erworben wurden.<\/p>\n<p style=\"text-align: justify;\">Abschlussvoraussetzungen f\u00fcr die <a href=\"https:\/\/www.avrio.ch\/de\/version-23\/usc\/azteken-universitat\/own-degree\/master-of-university\/fortgeschrittene-studien\/\">Master of Advanced Studies<\/a> oder der <a href=\"https:\/\/www.avrio.ch\/de\/version-23\/usc\/azteken-universitat\/mba-emba\/\">MBA<\/a>: Mindestens eine Berufsqualifikation auf Stufe 5 oder 6 des Europ\u00e4ischen Qualifikationsrahmens als Zugangsvoraussetzung, plus beruflich dokumentierte erworbene 60 ECTS-Credits.<\/p>\n<p style=\"text-align: justify;\"><strong>Verdienen Sie Guthaben per \u00dcberweisung<\/strong><\/p>\n<p style=\"text-align: justify;\">Durch \u00dcbertragung von der Universidad Azteca akzeptierte Credits d\u00fcrfen nur von regional anerkannten Hochschulen und Universit\u00e4ten stammen. Im Folgenden sind die Bildungserfahrungen auf Hochschulniveau aufgef\u00fchrt, die die Universidad Azteca durch \u00dcbertragung anrechnen lassen kann:<\/p>\n<p style=\"text-align: justify;\"><strong><em>Akkreditierte Hochschulen und Universit\u00e4ten<\/em><\/strong><\/p>\n<p style=\"text-align: justify;\">Credits, die an einem College oder einer Universit\u00e4t erworben wurden, die von einer institutionellen Akkreditierungsstelle akkreditiert ist oder sich f\u00fcr die Akkreditierung bewirbt, k\u00f6nnen unabh\u00e4ngig von der Anzahl der besuchten Institutionen an die Universidad Azteca \u00fcbertragen werden. Die Universidad Azteca \u00fcbertr\u00e4gt keine Kurse ohne bestandene Noten.<\/p>\n<p style=\"text-align: justify;\">Von den Studierenden kann verlangt werden, dass sie Kursbeschreibungen oder eine Kopie des Katalogs der Institution, an der die Kurse belegt wurden, vorlegen, um eine Bewertung einzelner Kurse zu erm\u00f6glichen, wenn festgestellt wird, ob solche Kurse f\u00fcr die Abschlussanforderungen der Universidad Azteca-Abschl\u00fcsse akzeptiert werden k\u00f6nnen. Wenn Beschreibungen ben\u00f6tigt werden, sollten diese beim Studierendensekretariat der Hochschule(n) angefordert werden, an der\/denen die Kurse absolviert wurden. Von jeder zu bewertenden Institution ist ein offizielles Zeugnis einzureichen. Die Universidad Azteca akzeptiert keine Credits, die im Zeugnis einer Institution als \u201e\u00dcbertragung\u201c aufgef\u00fchrt sind.<\/p>\n<p style=\"text-align: justify;\">Die Universidad Azteca akzeptiert Credits von ausl\u00e4ndischen Hochschulen, die von der Bildungsbeh\u00f6rde des jeweiligen Landes anerkannt und in einer der Ver\u00f6ffentlichungen zu anerkannten Hochschulen und Universit\u00e4ten aufgef\u00fchrt sind.<\/p>\n<p style=\"text-align: justify;\"><strong><span style=\"color: #000000;\"><em class=\"internallink\">Anerkennung von Credits aus Postgraduiertenprogrammen<\/em><\/span><\/strong><\/p>\n<p style=\"text-align: justify;\">Die Universidad Azteca akzeptiert Credits f\u00fcr Postgraduiertenarbeiten, um sich f\u00fcr ein Programm zu bewerben.<\/p>\n<p style=\"text-align: justify;\"><strong><em>Demonstration der W\u00e4hrung<\/em><\/strong><\/p>\n<p style=\"text-align: justify;\">Aufgrund der rasanten Ver\u00e4nderungen in Technologie- und Gesch\u00e4ftsfeldern ist es f\u00fcr heutige Hochschulabsolventen wichtig, ihr Fachwissen auf dem neuesten Stand zu halten. Daher kann es erforderlich sein, dass Studierende \u201eGeld nachweisen\u201c, um zuvor an anderen akkreditierten Hochschulen und Universit\u00e4ten erworbene Credits zu \u00fcbertragen.<\/p>\n<p style=\"text-align: justify;\">Unter W\u00e4hrungsnachweis versteht man die \u00dcbertragung von Credits. Wenn die Credits, die Sie an die Universit\u00e4t \u00fcbertragen m\u00f6chten, zum Zeitpunkt der Bewerbung an der Universit\u00e4t \u00e4lter als 10 Jahre sind, m\u00fcssen Sie die G\u00fcltigkeit dieser Kurse nachweisen. Sie k\u00f6nnen diese Transferleistungen validieren, indem Sie an einer m\u00fcndlichen Konferenz mit einem Fakult\u00e4tsberater teilnehmen, in der aktuelle Entwicklungen im jeweiligen Fach behandelt werden. Um dieses Verfahren durchf\u00fchren zu k\u00f6nnen, m\u00fcssen Sie an der Universit\u00e4t eingeschrieben sein.<\/p>\n<p style=\"text-align: justify;\"><a href=\"https:\/\/www.avrio.ch\/de\/version-23\/?attachment_id=21290\">LADEN SIE DEN VALIDIERUNGSINFORMATIONSORDNER (PDF) HERUNTER<\/a><\/p>","protected":false},"excerpt":{"rendered":"<p>Azteca University Own degrees Credits Transfer | Professional Certification | Master: Prior Learning Assessment | Degree Validation Doctorate: (Prior Output &amp; Achievement | Prior Learning Assessment | Publication | Thesis) | Student Info Option 1) Recognition of Transfer Credits For the learning that can be recognised by credentials and certificates of previously passed tests offer [&hellip;]<\/p>\n","protected":false},"author":1,"featured_media":0,"parent":24879,"menu_order":0,"comment_status":"closed","ping_status":"closed","template":"","meta":{"_acf_changed":false,"site-sidebar-layout":"default","site-content-layout":"","ast-site-content-layout":"default","site-content-style":"default","site-sidebar-style":"default","ast-global-header-display":"","ast-banner-title-visibility":"","ast-main-header-display":"","ast-hfb-above-header-display":"","ast-hfb-below-header-display":"","ast-hfb-mobile-header-display":"","site-post-title":"","ast-breadcrumbs-content":"","ast-featured-img":"","footer-sml-layout":"","ast-disable-related-posts":"","theme-transparent-header-meta":"default","adv-header-id-meta":"","stick-header-meta":"default","header-above-stick-meta":"","header-main-stick-meta":"","header-below-stick-meta":"","astra-migrate-meta-layouts":"set","ast-page-background-enabled":"default","ast-page-background-meta":{"desktop":{"background-color":"var(--ast-global-color-4)","background-image":"","background-repeat":"repeat","background-position":"center center","background-size":"auto","background-attachment":"scroll","background-type":"","background-media":"","overlay-type":"","overlay-color":"","overlay-opacity":"","overlay-gradient":""},"tablet":{"background-color":"","background-image":"","background-repeat":"repeat","background-position":"center center","background-size":"auto","background-attachment":"scroll","background-type":"","background-media":"","overlay-type":"","overlay-color":"","overlay-opacity":"","overlay-gradient":""},"mobile":{"background-color":"","background-image":"","background-repeat":"repeat","background-position":"center center","background-size":"auto","background-attachment":"scroll","background-type":"","background-media":"","overlay-type":"","overlay-color":"","overlay-opacity":"","overlay-gradient":""}},"ast-content-background-meta":{"desktop":{"background-color":"var(--ast-global-color-5)","background-image":"","background-repeat":"repeat","background-position":"center center","background-size":"auto","background-attachment":"scroll","background-type":"","background-media":"","overlay-type":"","overlay-color":"","overlay-opacity":"","overlay-gradient":""},"tablet":{"background-color":"var(--ast-global-color-5)","background-image":"","background-repeat":"repeat","background-position":"center center","background-size":"auto","background-attachment":"scroll","background-type":"","background-media":"","overlay-type":"","overlay-color":"","overlay-opacity":"","overlay-gradient":""},"mobile":{"background-color":"var(--ast-global-color-5)","background-image":"","background-repeat":"repeat","background-position":"center center","background-size":"auto","background-attachment":"scroll","background-type":"","background-media":"","overlay-type":"","overlay-color":"","overlay-opacity":"","overlay-gradient":""}},"footnotes":""},"class_list":["post-24892","page","type-page","status-publish","hentry"],"acf":[],"yoast_head":"<!-- This site is optimized with the Yoast SEO Premium plugin v27.4 (Yoast SEO v27.4) - https:\/\/yoast.com\/product\/yoast-seo-premium-wordpress\/ -->\n<title>Credits Transfer - Institut Avrio de Gen\u00e8ve<\/title>\n<meta name=\"description\" content=\"Azteca University Own degrees Credits Transfer | Professional Certification | Master: Prior Learning Assessment | Degree Validation Doctorate: (Prior\" \/>\n<meta name=\"robots\" content=\"index, follow, max-snippet:-1, max-image-preview:large, max-video-preview:-1\" \/>\n<link rel=\"canonical\" href=\"https:\/\/www.avrio.ch\/de\/usc\/azteken-universitat\/eigene-abschlusse\/credits-ubertragung\/\" \/>\n<meta property=\"og:locale\" content=\"de_DE\" \/>\n<meta property=\"og:type\" content=\"article\" \/>\n<meta property=\"og:title\" content=\"Credits Transfer\" \/>\n<meta property=\"og:description\" content=\"Azteca University Own degrees Credits Transfer | Professional Certification | Master: Prior Learning Assessment | Degree Validation Doctorate: (Prior\" \/>\n<meta property=\"og:url\" content=\"https:\/\/www.avrio.ch\/de\/usc\/azteken-universitat\/eigene-abschlusse\/credits-ubertragung\/\" \/>\n<meta property=\"og:site_name\" content=\"Institut Avrio de Gen\u00e8ve\" \/>\n<meta property=\"article:publisher\" content=\"https:\/\/www.facebook.com\/institutavriodegeneve\/\" \/>\n<meta property=\"article:modified_time\" content=\"2023-08-21T09:04:21+00:00\" \/>\n<meta property=\"og:image\" content=\"https:\/\/www.avrio.ch\/v23\/wp-content\/uploads\/2020\/06\/logo-2.png\" \/>\n\t<meta property=\"og:image:width\" content=\"600\" \/>\n\t<meta property=\"og:image:height\" content=\"224\" \/>\n\t<meta property=\"og:image:type\" content=\"image\/png\" \/>\n<meta name=\"twitter:card\" content=\"summary_large_image\" \/>\n<meta name=\"twitter:site\" content=\"@AvrioDeGeneve\" \/>\n<meta name=\"twitter:label1\" content=\"Gesch\u00e4tzte Lesezeit\" \/>\n\t<meta name=\"twitter:data1\" content=\"3\u00a0Minuten\" \/>\n<script type=\"application\/ld+json\" class=\"yoast-schema-graph\">{\"@context\":\"https:\\\/\\\/schema.org\",\"@graph\":[{\"@type\":\"WebPage\",\"@id\":\"https:\\\/\\\/www.avrio.ch\\\/usc\\\/azteca-university\\\/own-degrees\\\/credits-transfer\\\/\",\"url\":\"https:\\\/\\\/www.avrio.ch\\\/usc\\\/azteca-university\\\/own-degrees\\\/credits-transfer\\\/\",\"name\":\"Credits Transfer - Institut Avrio de Gen\u00e8ve\",\"isPartOf\":{\"@id\":\"https:\\\/\\\/www.avrio.ch\\\/#website\"},\"datePublished\":\"2021-12-19T14:55:33+00:00\",\"dateModified\":\"2023-08-21T09:04:21+00:00\",\"description\":\"Azteca University Own degrees Credits Transfer | Professional Certification | Master: Prior Learning Assessment | Degree Validation Doctorate: (Prior\",\"breadcrumb\":{\"@id\":\"https:\\\/\\\/www.avrio.ch\\\/usc\\\/azteca-university\\\/own-degrees\\\/credits-transfer\\\/#breadcrumb\"},\"inLanguage\":\"de\",\"potentialAction\":[{\"@type\":\"ReadAction\",\"target\":[\"https:\\\/\\\/www.avrio.ch\\\/usc\\\/azteca-university\\\/own-degrees\\\/credits-transfer\\\/\"]}]},{\"@type\":\"BreadcrumbList\",\"@id\":\"https:\\\/\\\/www.avrio.ch\\\/usc\\\/azteca-university\\\/own-degrees\\\/credits-transfer\\\/#breadcrumb\",\"itemListElement\":[{\"@type\":\"ListItem\",\"position\":1,\"name\":\"Home\",\"item\":\"https:\\\/\\\/www.avrio.ch\\\/\"},{\"@type\":\"ListItem\",\"position\":2,\"name\":\"Universities Studies Center\",\"item\":\"https:\\\/\\\/www.avrio.ch\\\/usc\\\/\"},{\"@type\":\"ListItem\",\"position\":3,\"name\":\"Azteca University\",\"item\":\"https:\\\/\\\/www.avrio.ch\\\/usc\\\/azteca-university\\\/\"},{\"@type\":\"ListItem\",\"position\":4,\"name\":\"Azteca University Own degrees\",\"item\":\"https:\\\/\\\/www.avrio.ch\\\/usc\\\/azteca-university\\\/own-degrees\\\/\"},{\"@type\":\"ListItem\",\"position\":5,\"name\":\"Credits Transfer\"}]},{\"@type\":\"WebSite\",\"@id\":\"https:\\\/\\\/www.avrio.ch\\\/#website\",\"url\":\"https:\\\/\\\/www.avrio.ch\\\/\",\"name\":\"Institut Avrio de Gen\u00e8ve\",\"description\":\"Online Business Management &amp; Information Technology Institute\",\"publisher\":{\"@id\":\"https:\\\/\\\/www.avrio.ch\\\/#organization\"},\"alternateName\":\"Avrio Institute\",\"potentialAction\":[{\"@type\":\"SearchAction\",\"target\":{\"@type\":\"EntryPoint\",\"urlTemplate\":\"https:\\\/\\\/www.avrio.ch\\\/?s={search_term_string}\"},\"query-input\":{\"@type\":\"PropertyValueSpecification\",\"valueRequired\":true,\"valueName\":\"search_term_string\"}}],\"inLanguage\":\"de\"},{\"@type\":[\"Organization\",\"Place\",\"CollegeOrUniversity\"],\"@id\":\"https:\\\/\\\/www.avrio.ch\\\/#organization\",\"name\":\"Institut Avrio de Gen\u00e8ve\",\"alternateName\":\"Avrio Institute\",\"url\":\"https:\\\/\\\/www.avrio.ch\\\/\",\"logo\":{\"@id\":\"https:\\\/\\\/www.avrio.ch\\\/usc\\\/azteca-university\\\/own-degrees\\\/credits-transfer\\\/#local-main-organization-logo\"},\"image\":{\"@id\":\"https:\\\/\\\/www.avrio.ch\\\/usc\\\/azteca-university\\\/own-degrees\\\/credits-transfer\\\/#local-main-organization-logo\"},\"sameAs\":[\"https:\\\/\\\/www.facebook.com\\\/institutavriodegeneve\\\/\",\"https:\\\/\\\/x.com\\\/AvrioDeGeneve\",\"https:\\\/\\\/www.instagram.com\\\/institutavriodegeneve\\\/\",\"https:\\\/\\\/www.linkedin.com\\\/in\\\/avrio-de-geneve-024392194\\\/\",\"https:\\\/\\\/www.youtube.com\\\/channel\\\/UCPP2orNhGglhisZlldUbnkQ\"],\"address\":{\"@id\":\"https:\\\/\\\/www.avrio.ch\\\/usc\\\/azteca-university\\\/own-degrees\\\/credits-transfer\\\/#local-main-place-address\"},\"telephone\":[\"+41794642989\"],\"openingHoursSpecification\":[{\"@type\":\"OpeningHoursSpecification\",\"dayOfWeek\":[\"Sunday\",\"Wednesday\",\"Saturday\"],\"opens\":\"00:00\",\"closes\":\"00:00\"},{\"@type\":\"OpeningHoursSpecification\",\"dayOfWeek\":[\"Monday\",\"Tuesday\",\"Thursday\",\"Friday\"],\"opens\":\"09:00\",\"closes\":\"11:00\"}],\"email\":\"info@avrio.ch\"},{\"@type\":\"PostalAddress\",\"@id\":\"https:\\\/\\\/www.avrio.ch\\\/usc\\\/azteca-university\\\/own-degrees\\\/credits-transfer\\\/#local-main-place-address\",\"streetAddress\":\"Rue de la Cit\u00e9 1\",\"addressLocality\":\"Geneva\",\"postalCode\":\"1204\",\"addressRegion\":\"Geneva\",\"addressCountry\":\"CH\"},{\"@type\":\"ImageObject\",\"inLanguage\":\"de\",\"@id\":\"https:\\\/\\\/www.avrio.ch\\\/usc\\\/azteca-university\\\/own-degrees\\\/credits-transfer\\\/#local-main-organization-logo\",\"url\":\"https:\\\/\\\/www.avrio.ch\\\/v23\\\/wp-content\\\/uploads\\\/2020\\\/04\\\/logo-new-img-1.png\",\"contentUrl\":\"https:\\\/\\\/www.avrio.ch\\\/v23\\\/wp-content\\\/uploads\\\/2020\\\/04\\\/logo-new-img-1.png\",\"width\":539,\"height\":600,\"caption\":\"Institut Avrio de Gen\u00e8ve\"}]}<\/script>\n<meta name=\"geo.placename\" content=\"Geneva\" \/>\n<meta name=\"geo.region\" content=\"Schweiz\" \/>\n<!-- \/ Yoast SEO Premium plugin. -->","yoast_head_json":{"title":"Credits-\u00dcbertragung \u2013 Institut Avrio de Gen\u00e8ve","description":"Azteca University Eigene Abschl\u00fcsse Credits Transfer | Professionelle Zertifizierung | Master: Fr\u00fchere Lernbewertung | Abschlussvalidierung Doktortitel: (Vorherige)","robots":{"index":"index","follow":"follow","max-snippet":"max-snippet:-1","max-image-preview":"max-image-preview:large","max-video-preview":"max-video-preview:-1"},"canonical":"https:\/\/www.avrio.ch\/de\/usc\/azteken-universitat\/eigene-abschlusse\/credits-ubertragung\/","og_locale":"de_DE","og_type":"article","og_title":"Credits Transfer","og_description":"Azteca University Own degrees Credits Transfer | Professional Certification | Master: Prior Learning Assessment | Degree Validation Doctorate: (Prior","og_url":"https:\/\/www.avrio.ch\/de\/usc\/azteken-universitat\/eigene-abschlusse\/credits-ubertragung\/","og_site_name":"Institut Avrio de Gen\u00e8ve","article_publisher":"https:\/\/www.facebook.com\/institutavriodegeneve\/","article_modified_time":"2023-08-21T09:04:21+00:00","og_image":[{"width":600,"height":224,"url":"https:\/\/www.avrio.ch\/v23\/wp-content\/uploads\/2020\/06\/logo-2.png","type":"image\/png"}],"twitter_card":"summary_large_image","twitter_site":"@AvrioDeGeneve","twitter_misc":{"Gesch\u00e4tzte Lesezeit":"3\u00a0Minuten"},"schema":{"@context":"https:\/\/schema.org","@graph":[{"@type":"WebPage","@id":"https:\/\/www.avrio.ch\/usc\/azteca-university\/own-degrees\/credits-transfer\/","url":"https:\/\/www.avrio.ch\/usc\/azteca-university\/own-degrees\/credits-transfer\/","name":"Credits-\u00dcbertragung \u2013 Institut Avrio de Gen\u00e8ve","isPartOf":{"@id":"https:\/\/www.avrio.ch\/#website"},"datePublished":"2021-12-19T14:55:33+00:00","dateModified":"2023-08-21T09:04:21+00:00","description":"Azteca University Eigene Abschl\u00fcsse Credits Transfer | Professionelle Zertifizierung | Master: Fr\u00fchere Lernbewertung | Abschlussvalidierung Doktortitel: (Vorherige)","breadcrumb":{"@id":"https:\/\/www.avrio.ch\/usc\/azteca-university\/own-degrees\/credits-transfer\/#breadcrumb"},"inLanguage":"de","potentialAction":[{"@type":"ReadAction","target":["https:\/\/www.avrio.ch\/usc\/azteca-university\/own-degrees\/credits-transfer\/"]}]},{"@type":"BreadcrumbList","@id":"https:\/\/www.avrio.ch\/usc\/azteca-university\/own-degrees\/credits-transfer\/#breadcrumb","itemListElement":[{"@type":"ListItem","position":1,"name":"Home","item":"https:\/\/www.avrio.ch\/"},{"@type":"ListItem","position":2,"name":"Universities Studies Center","item":"https:\/\/www.avrio.ch\/usc\/"},{"@type":"ListItem","position":3,"name":"Azteca University","item":"https:\/\/www.avrio.ch\/usc\/azteca-university\/"},{"@type":"ListItem","position":4,"name":"Azteca University Own degrees","item":"https:\/\/www.avrio.ch\/usc\/azteca-university\/own-degrees\/"},{"@type":"ListItem","position":5,"name":"Credits Transfer"}]},{"@type":"WebSite","@id":"https:\/\/www.avrio.ch\/#website","url":"https:\/\/www.avrio.ch\/","name":"Institut Avrio de Gen\u00e8ve","description":"Online-Institut f\u00fcr Unternehmensf\u00fchrung und Informationstechnologie","publisher":{"@id":"https:\/\/www.avrio.ch\/#organization"},"alternateName":"Avrio Institute","potentialAction":[{"@type":"SearchAction","target":{"@type":"EntryPoint","urlTemplate":"https:\/\/www.avrio.ch\/?s={search_term_string}"},"query-input":{"@type":"PropertyValueSpecification","valueRequired":true,"valueName":"search_term_string"}}],"inLanguage":"de"},{"@type":["Organization","Place","CollegeOrUniversity"],"@id":"https:\/\/www.avrio.ch\/#organization","name":"Institut Avrio de Gen\u00e8ve","alternateName":"Avrio Institute","url":"https:\/\/www.avrio.ch\/","logo":{"@id":"https:\/\/www.avrio.ch\/usc\/azteca-university\/own-degrees\/credits-transfer\/#local-main-organization-logo"},"image":{"@id":"https:\/\/www.avrio.ch\/usc\/azteca-university\/own-degrees\/credits-transfer\/#local-main-organization-logo"},"sameAs":["https:\/\/www.facebook.com\/institutavriodegeneve\/","https:\/\/x.com\/AvrioDeGeneve","https:\/\/www.instagram.com\/institutavriodegeneve\/","https:\/\/www.linkedin.com\/in\/avrio-de-geneve-024392194\/","https:\/\/www.youtube.com\/channel\/UCPP2orNhGglhisZlldUbnkQ"],"address":{"@id":"https:\/\/www.avrio.ch\/usc\/azteca-university\/own-degrees\/credits-transfer\/#local-main-place-address"},"telephone":["+41794642989"],"openingHoursSpecification":[{"@type":"OpeningHoursSpecification","dayOfWeek":["Sunday","Wednesday","Saturday"],"opens":"00:00","closes":"00:00"},{"@type":"OpeningHoursSpecification","dayOfWeek":["Monday","Tuesday","Thursday","Friday"],"opens":"09:00","closes":"11:00"}],"email":"info@avrio.ch"},{"@type":"PostalAddress","@id":"https:\/\/www.avrio.ch\/usc\/azteca-university\/own-degrees\/credits-transfer\/#local-main-place-address","streetAddress":"Rue de la Cit\u00e9 1","addressLocality":"Geneva","postalCode":"1204","addressRegion":"Geneva","addressCountry":"CH"},{"@type":"ImageObject","inLanguage":"de","@id":"https:\/\/www.avrio.ch\/usc\/azteca-university\/own-degrees\/credits-transfer\/#local-main-organization-logo","url":"https:\/\/www.avrio.ch\/v23\/wp-content\/uploads\/2020\/04\/logo-new-img-1.png","contentUrl":"https:\/\/www.avrio.ch\/v23\/wp-content\/uploads\/2020\/04\/logo-new-img-1.png","width":539,"height":600,"caption":"Institut Avrio de Gen\u00e8ve"}]},"geo.placename":"Geneva","geo.region":"Schweiz"},"_links":{"self":[{"href":"https:\/\/www.avrio.ch\/de\/wp-json\/wp\/v2\/pages\/24892","targetHints":{"allow":["GET"]}}],"collection":[{"href":"https:\/\/www.avrio.ch\/de\/wp-json\/wp\/v2\/pages"}],"about":[{"href":"https:\/\/www.avrio.ch\/de\/wp-json\/wp\/v2\/types\/page"}],"author":[{"embeddable":true,"href":"https:\/\/www.avrio.ch\/de\/wp-json\/wp\/v2\/users\/1"}],"replies":[{"embeddable":true,"href":"https:\/\/www.avrio.ch\/de\/wp-json\/wp\/v2\/comments?post=24892"}],"version-history":[{"count":0,"href":"https:\/\/www.avrio.ch\/de\/wp-json\/wp\/v2\/pages\/24892\/revisions"}],"up":[{"embeddable":true,"href":"https:\/\/www.avrio.ch\/de\/wp-json\/wp\/v2\/pages\/24879"}],"wp:attachment":[{"href":"https:\/\/www.avrio.ch\/de\/wp-json\/wp\/v2\/media?parent=24892"}],"curies":[{"name":"wp","href":"https:\/\/api.w.org\/{rel}","templated":true}]}}