{"id":24874,"date":"2021-12-18T01:48:31","date_gmt":"2021-12-18T00:48:31","guid":{"rendered":"https:\/\/www.avrio.ch\/v23\/doctor-of-letters\/"},"modified":"2023-08-21T12:48:49","modified_gmt":"2023-08-21T10:48:49","slug":"doktor-der-literatur","status":"publish","type":"page","link":"https:\/\/www.avrio.ch\/de\/usc\/azteca-university\/doctor-of-letters\/","title":{"rendered":"Doktor der Literatur (Dr. Litt)"},"content":{"rendered":"<p style=\"text-align: justify;\"><span style=\"color: #000000;\">Kandidaten im Studienbereich Kunst und Geisteswissenschaften qualifizieren sich f\u00fcr den POSTDOCTORAL Doctor of Letters-Abschluss der Universidad Azteca.<\/span><\/p>\n<p style=\"text-align: justify;\"><span style=\"color: #000000;\">Der Doctor of Letters ist ein akademischer Grad, ein Doktortitel der Universit\u00e4t und gleichbedeutend mit dem Doctor of Science, der von der Universidad Azteca in Anerkennung herausragender Leistungen in den Geisteswissenschaften, eines originellen Beitrags zu den kreativen K\u00fcnsten oder der Wissenschaft und anderen Verdiensten verliehen wird.<\/span><\/p>\n<p style=\"text-align: justify;\"><span style=\"color: #000000;\">Zugelassene Bewerber werden zu einer diagnostischen Online-Pr\u00fcfung der Studienvoraussetzungen eingeladen. <\/span><\/p>\n<h3>Art und Arbeitsaufwand des Programms<\/h3>\n<p><strong>TYP<\/strong>: Interne Auszeichnung der Universidad Azteca, universit\u00e4tseigenes Programm gem. Kunst. 59 Allgemeines Bildungsrecht.<\/p>\n<p><strong>EBENE<\/strong>: Dritter Zyklus, Level 8 MMC-eigene Auszeichnung der Universit\u00e4t. Postdoktorandenstudium.<\/p>\n<p><strong>ARBEITSLAST<\/strong>: 120 ECTS<\/p>\n<h3>AUSZEICHNUNG UNIVERSIT\u00c4T UND ZIELGRUPPE<\/h3>\n<p><strong>AUSZEICHNUNG UNIVERSIT\u00c4T:<\/strong> Universidad Azteca, Chalco, Mexiko.<\/p>\n<p><strong>UNIVERSIT\u00c4TSABTEILUNG IN EUROPA<\/strong>: Europ\u00e4ische Programme der Universidad Azteca. <div class=\"su-pullquote su-pullquote-align-right\">Erfahren Sie mehr \u00fcber die <a href=\"https:\/\/avrio.edu.eu\/usc\/azteca-university\/own-degree\/doctor-of-the-university\/\">Doktor der Universit\u00e4t<\/a><\/div>\n<p><strong>ZIELGRUPPE:<\/strong> Doktoranden, die an einem Postdoktorandenstudium in einer der von der Universidad Azteca angebotenen Disziplinen interessiert sind und den Abschluss des Doktorandenprogramms durch eine Abschlussarbeit\/Doktorpr\u00fcfung anstreben.<\/p>\n<p><strong>SPEZIALISIERUNG:<\/strong> Universidad Azteca studiert auf Level 8 MMC (EQF)<\/p>\n<p><strong>Disziplinen:<\/strong> Von der Universidad Azteca angebotene Disziplinen in den Bereichen Kunst und Geisteswissenschaften.<\/p>\n<p><strong>STUDIENSPRACHE:<\/strong> Englisch, Deutsch, Spanisch<\/p>\n<p><strong>ZULASSUNGSVORAUSSETZUNG<\/strong>: Doktortitel oder gleichwertiger Abschluss und postgraduale Studienleistungen oder Qualifikationen f\u00fcr die Anrechnung von Credits auf das Programm oder Forschungserfahrung.<\/p>\n<h3>Modalit\u00e4ts- und Kursteam<\/h3>\n<p><strong>MODALIT\u00c4T<\/strong>: E-Learning- und Fernunterrichtsmodalit\u00e4t.<\/p>\n<p><strong>KURSTEAM:<\/strong> Prof. Dr. Gerhard Berchtold, Prof. Dr. Friedrich Luhan, Prof. Dr. Ricardo Saavedra Hidalgo, Prof. Dr. Felipe Fern\u00e1ndez Rivadulla, Prof. Dr. Endler<\/p>\n<h3>Studienplan<\/h3>\n<table style=\"border-collapse: collapse; width: 100%;\">\n<tbody>\n<tr>\n<td style=\"width: 33.3333%; background-color: #c0c0c0;\"><strong>Anrechnung von Credits \u2013 Wahlf\u00e4cher<\/strong><\/td>\n<td style=\"width: 33.3333%; background-color: #c0c0c0;\"><strong>Testmodus <\/strong><\/td>\n<td style=\"width: 33.3333%; background-color: #c0c0c0;\"><strong>ECTS<\/strong><\/td>\n<\/tr>\n<tr>\n<td style=\"width: 33.3333%;\">Transfer vom MPhil-Doktorandenprogramm\/Level 8 EQF<\/td>\n<td style=\"width: 33.3333%;\">Credits-\u00dcbertragung<\/td>\n<td style=\"width: 33.3333%;\">60<\/td>\n<\/tr>\n<tr>\n<td style=\"width: 33.3333%; background-color: #c0c0c0;\"><strong>Obligatorisches naturwissenschaftliches Modul<\/strong><\/td>\n<td style=\"width: 33.3333%; background-color: #c0c0c0;\"><strong>Testmodus<\/strong><\/td>\n<td style=\"width: 33.3333%; background-color: #c0c0c0;\"><strong>ECTS<\/strong><\/td>\n<\/tr>\n<tr>\n<td style=\"width: 33.3333%;\">Forschungsprojekt<\/td>\n<td style=\"width: 33.3333%;\">Pr\u00e4sentation<\/td>\n<td style=\"width: 33.3333%;\">12<\/td>\n<\/tr>\n<tr>\n<td style=\"width: 33.3333%; background-color: #c0c0c0;\"><strong>Abschlussarbeit \/ Rigorosum-Pr\u00fcfung<\/strong><\/td>\n<td style=\"width: 33.3333%; background-color: #c0c0c0;\"><strong>Testmodus<\/strong><\/td>\n<td style=\"width: 33.3333%; background-color: #c0c0c0;\"><strong>ECTS<\/strong><\/td>\n<\/tr>\n<tr>\n<td style=\"width: 33.3333%;\">Abschlussarbeit in der Fachrichtung Spezialisierung<\/td>\n<td style=\"width: 33.3333%;\">Schriftliche Pr\u00e4sentation und Verteidigung der Abschlussarbeit<\/td>\n<td style=\"width: 33.3333%;\">48<\/td>\n<\/tr>\n<tr>\n<td style=\"width: 33.3333%; background-color: #c0c0c0;\"><strong>ARBEITSLAST <\/strong><\/td>\n<td style=\"width: 33.3333%; background-color: #c0c0c0;\"><strong>Testmodus<\/strong><\/td>\n<td style=\"width: 33.3333%; background-color: #c0c0c0;\"><strong>ECTS<\/strong><\/td>\n<\/tr>\n<tr>\n<td style=\"width: 33.3333%;\">ECTS<\/td>\n<td style=\"width: 33.3333%;\">Verteidigung \/ Rigorosum<\/td>\n<td style=\"width: 33.3333%;\">120<\/td>\n<\/tr>\n<\/tbody>\n<\/table>\n<h3 style=\"text-align: center;\">Qualifikation: Stufe 8 des mexikanischen Qualifikationsrahmens MMC<\/h3>\n<p><a href=\"https:\/\/avrio.edu.eu\/new\/wp-content\/uploads\/2021\/12\/Mexican-Qualifications-Framework.jpg\"><img fetchpriority=\"high\" decoding=\"async\" class=\"size-medium wp-image-20935 aligncenter\" src=\"https:\/\/www.avrio.ch\/v23\/wp-content\/uploads\/2023\/08\/Mexican-Qualifications-Framework-298x300-1.jpg\" alt=\"Mexikanisches Qualifikationsrahmenwerk\" width=\"298\" height=\"300\" \/><\/a><\/p>","protected":false},"excerpt":{"rendered":"<p>Candidates in the Arts and Humanities Study area qualify for the POSTDOCTORAL Doctor of Letters degree of Universidad Azteca. Doctor of Letters is an academic degree, a doctorate of the University and equal to the Doctor of Science, which is awarded by Universidad Azteca in recognition of outstanding achievement in the humanities, original contribution to [&hellip;]<\/p>\n","protected":false},"author":1,"featured_media":24855,"parent":24845,"menu_order":0,"comment_status":"closed","ping_status":"closed","template":"","meta":{"_acf_changed":false,"site-sidebar-layout":"default","site-content-layout":"","ast-site-content-layout":"default","site-content-style":"default","site-sidebar-style":"default","ast-global-header-display":"","ast-banner-title-visibility":"","ast-main-header-display":"","ast-hfb-above-header-display":"","ast-hfb-below-header-display":"","ast-hfb-mobile-header-display":"","site-post-title":"","ast-breadcrumbs-content":"","ast-featured-img":"","footer-sml-layout":"","ast-disable-related-posts":"","theme-transparent-header-meta":"","adv-header-id-meta":"","stick-header-meta":"","header-above-stick-meta":"","header-main-stick-meta":"","header-below-stick-meta":"","astra-migrate-meta-layouts":"default","ast-page-background-enabled":"default","ast-page-background-meta":{"desktop":{"background-color":"var(--ast-global-color-4)","background-image":"","background-repeat":"repeat","background-position":"center center","background-size":"auto","background-attachment":"scroll","background-type":"","background-media":"","overlay-type":"","overlay-color":"","overlay-opacity":"","overlay-gradient":""},"tablet":{"background-color":"","background-image":"","background-repeat":"repeat","background-position":"center center","background-size":"auto","background-attachment":"scroll","background-type":"","background-media":"","overlay-type":"","overlay-color":"","overlay-opacity":"","overlay-gradient":""},"mobile":{"background-color":"","background-image":"","background-repeat":"repeat","background-position":"center center","background-size":"auto","background-attachment":"scroll","background-type":"","background-media":"","overlay-type":"","overlay-color":"","overlay-opacity":"","overlay-gradient":""}},"ast-content-background-meta":{"desktop":{"background-color":"var(--ast-global-color-5)","background-image":"","background-repeat":"repeat","background-position":"center center","background-size":"auto","background-attachment":"scroll","background-type":"","background-media":"","overlay-type":"","overlay-color":"","overlay-opacity":"","overlay-gradient":""},"tablet":{"background-color":"var(--ast-global-color-5)","background-image":"","background-repeat":"repeat","background-position":"center center","background-size":"auto","background-attachment":"scroll","background-type":"","background-media":"","overlay-type":"","overlay-color":"","overlay-opacity":"","overlay-gradient":""},"mobile":{"background-color":"var(--ast-global-color-5)","background-image":"","background-repeat":"repeat","background-position":"center center","background-size":"auto","background-attachment":"scroll","background-type":"","background-media":"","overlay-type":"","overlay-color":"","overlay-opacity":"","overlay-gradient":""}},"footnotes":""},"class_list":["post-24874","page","type-page","status-publish","has-post-thumbnail","hentry"],"acf":[],"yoast_head":"<!-- This site is optimized with the Yoast SEO Premium plugin v27.2 (Yoast SEO v27.2) - https:\/\/yoast.com\/product\/yoast-seo-premium-wordpress\/ -->\n<title>Doctor of Letters (Dr.Litt) - Institut Avrio de Gen\u00e8ve<\/title>\n<meta name=\"description\" content=\"Candidates in the Arts and Humanities Study area qualify for the POSTDOCTORAL Doctor of Letters degree of Universidad Azteca. Doctor of Letters is an\" \/>\n<meta name=\"robots\" content=\"index, follow, max-snippet:-1, max-image-preview:large, max-video-preview:-1\" \/>\n<link rel=\"canonical\" href=\"https:\/\/www.avrio.ch\/de\/usc\/azteken-universitat\/doktor-der-literatur\/\" \/>\n<meta property=\"og:locale\" content=\"de_DE\" \/>\n<meta property=\"og:type\" content=\"article\" \/>\n<meta property=\"og:title\" content=\"Doctor of Letters (Dr.Litt)\" \/>\n<meta property=\"og:description\" content=\"Candidates in the Arts and Humanities Study area qualify for the POSTDOCTORAL Doctor of Letters degree of Universidad Azteca. Doctor of Letters is an\" \/>\n<meta property=\"og:url\" content=\"https:\/\/www.avrio.ch\/de\/usc\/azteken-universitat\/doktor-der-literatur\/\" \/>\n<meta property=\"og:site_name\" content=\"Institut Avrio de Gen\u00e8ve\" \/>\n<meta property=\"article:publisher\" content=\"https:\/\/www.facebook.com\/institutavriodegeneve\/\" \/>\n<meta property=\"article:modified_time\" content=\"2023-08-21T10:48:49+00:00\" \/>\n<meta property=\"og:image\" content=\"https:\/\/www.avrio.ch\/v23\/wp-content\/uploads\/2023\/08\/Mexican-Qualifications-Framework-298x300-1.jpg\" \/>\n\t<meta property=\"og:image:width\" content=\"298\" \/>\n\t<meta property=\"og:image:height\" content=\"300\" \/>\n\t<meta property=\"og:image:type\" content=\"image\/jpeg\" \/>\n<meta name=\"twitter:card\" content=\"summary_large_image\" \/>\n<meta name=\"twitter:site\" content=\"@AvrioDeGeneve\" \/>\n<meta name=\"twitter:label1\" content=\"Gesch\u00e4tzte Lesezeit\" \/>\n\t<meta name=\"twitter:data1\" content=\"2\u00a0Minuten\" \/>\n<script type=\"application\/ld+json\" class=\"yoast-schema-graph\">{\"@context\":\"https:\/\/schema.org\",\"@graph\":[{\"@type\":\"WebPage\",\"@id\":\"https:\/\/www.avrio.ch\/usc\/azteca-university\/doctor-of-letters\/\",\"url\":\"https:\/\/www.avrio.ch\/usc\/azteca-university\/doctor-of-letters\/\",\"name\":\"Doctor of Letters (Dr.Litt) - Institut Avrio de Gen\u00e8ve\",\"isPartOf\":{\"@id\":\"https:\/\/www.avrio.ch\/#website\"},\"primaryImageOfPage\":{\"@id\":\"https:\/\/www.avrio.ch\/usc\/azteca-university\/doctor-of-letters\/#primaryimage\"},\"image\":{\"@id\":\"https:\/\/www.avrio.ch\/usc\/azteca-university\/doctor-of-letters\/#primaryimage\"},\"thumbnailUrl\":\"https:\/\/www.avrio.ch\/v23\/wp-content\/uploads\/2023\/08\/Mexican-Qualifications-Framework-298x300-1.jpg\",\"datePublished\":\"2021-12-18T00:48:31+00:00\",\"dateModified\":\"2023-08-21T10:48:49+00:00\",\"description\":\"Candidates in the Arts and Humanities Study area qualify for the POSTDOCTORAL Doctor of Letters degree of Universidad Azteca. Doctor of Letters is an\",\"breadcrumb\":{\"@id\":\"https:\/\/www.avrio.ch\/usc\/azteca-university\/doctor-of-letters\/#breadcrumb\"},\"inLanguage\":\"de\",\"potentialAction\":[{\"@type\":\"ReadAction\",\"target\":[\"https:\/\/www.avrio.ch\/usc\/azteca-university\/doctor-of-letters\/\"]}]},{\"@type\":\"ImageObject\",\"inLanguage\":\"de\",\"@id\":\"https:\/\/www.avrio.ch\/usc\/azteca-university\/doctor-of-letters\/#primaryimage\",\"url\":\"https:\/\/www.avrio.ch\/v23\/wp-content\/uploads\/2023\/08\/Mexican-Qualifications-Framework-298x300-1.jpg\",\"contentUrl\":\"https:\/\/www.avrio.ch\/v23\/wp-content\/uploads\/2023\/08\/Mexican-Qualifications-Framework-298x300-1.jpg\",\"width\":298,\"height\":300},{\"@type\":\"BreadcrumbList\",\"@id\":\"https:\/\/www.avrio.ch\/usc\/azteca-university\/doctor-of-letters\/#breadcrumb\",\"itemListElement\":[{\"@type\":\"ListItem\",\"position\":1,\"name\":\"Home\",\"item\":\"https:\/\/www.avrio.ch\/\"},{\"@type\":\"ListItem\",\"position\":2,\"name\":\"Universities Studies Center\",\"item\":\"https:\/\/www.avrio.ch\/usc\/\"},{\"@type\":\"ListItem\",\"position\":3,\"name\":\"Azteca University\",\"item\":\"https:\/\/www.avrio.ch\/usc\/azteca-university\/\"},{\"@type\":\"ListItem\",\"position\":4,\"name\":\"Doctor of Letters (Dr.Litt)\"}]},{\"@type\":\"WebSite\",\"@id\":\"https:\/\/www.avrio.ch\/#website\",\"url\":\"https:\/\/www.avrio.ch\/\",\"name\":\"Institut Avrio de Gen\u00e8ve\",\"description\":\"Online Business Management &amp; Information Technology Institute\",\"publisher\":{\"@id\":\"https:\/\/www.avrio.ch\/#organization\"},\"alternateName\":\"Avrio Institute\",\"potentialAction\":[{\"@type\":\"SearchAction\",\"target\":{\"@type\":\"EntryPoint\",\"urlTemplate\":\"https:\/\/www.avrio.ch\/?s={search_term_string}\"},\"query-input\":{\"@type\":\"PropertyValueSpecification\",\"valueRequired\":true,\"valueName\":\"search_term_string\"}}],\"inLanguage\":\"de\"},{\"@type\":[\"Organization\",\"Place\",\"CollegeOrUniversity\"],\"@id\":\"https:\/\/www.avrio.ch\/#organization\",\"name\":\"Institut Avrio de Gen\u00e8ve\",\"alternateName\":\"Avrio Institute\",\"url\":\"https:\/\/www.avrio.ch\/\",\"logo\":{\"@id\":\"https:\/\/www.avrio.ch\/usc\/azteca-university\/doctor-of-letters\/#local-main-organization-logo\"},\"image\":{\"@id\":\"https:\/\/www.avrio.ch\/usc\/azteca-university\/doctor-of-letters\/#local-main-organization-logo\"},\"sameAs\":[\"https:\/\/www.facebook.com\/institutavriodegeneve\/\",\"https:\/\/x.com\/AvrioDeGeneve\",\"https:\/\/www.instagram.com\/institutavriodegeneve\/\",\"https:\/\/www.linkedin.com\/in\/avrio-de-geneve-024392194\/\",\"https:\/\/www.youtube.com\/channel\/UCPP2orNhGglhisZlldUbnkQ\"],\"address\":{\"@id\":\"https:\/\/www.avrio.ch\/usc\/azteca-university\/doctor-of-letters\/#local-main-place-address\"},\"telephone\":[\"+41794642989\"],\"openingHoursSpecification\":[{\"@type\":\"OpeningHoursSpecification\",\"dayOfWeek\":[\"Sunday\",\"Wednesday\",\"Saturday\"],\"opens\":\"00:00\",\"closes\":\"00:00\"},{\"@type\":\"OpeningHoursSpecification\",\"dayOfWeek\":[\"Monday\",\"Tuesday\",\"Thursday\",\"Friday\"],\"opens\":\"09:00\",\"closes\":\"11:00\"}],\"email\":\"info@avrio.ch\"},{\"@type\":\"PostalAddress\",\"@id\":\"https:\/\/www.avrio.ch\/usc\/azteca-university\/doctor-of-letters\/#local-main-place-address\",\"streetAddress\":\"Rue de la Cit\u00e9 1\",\"addressLocality\":\"Geneva\",\"postalCode\":\"1204\",\"addressRegion\":\"Geneva\",\"addressCountry\":\"CH\"},{\"@type\":\"ImageObject\",\"inLanguage\":\"de\",\"@id\":\"https:\/\/www.avrio.ch\/usc\/azteca-university\/doctor-of-letters\/#local-main-organization-logo\",\"url\":\"https:\/\/www.avrio.ch\/v23\/wp-content\/uploads\/2020\/04\/logo-new-img-1.png\",\"contentUrl\":\"https:\/\/www.avrio.ch\/v23\/wp-content\/uploads\/2020\/04\/logo-new-img-1.png\",\"width\":539,\"height\":600,\"caption\":\"Institut Avrio de Gen\u00e8ve\"}]}<\/script>\n<meta name=\"geo.placename\" content=\"Geneva\" \/>\n<meta name=\"geo.region\" content=\"Schweiz\" \/>\n<!-- \/ Yoast SEO Premium plugin. -->","yoast_head_json":{"title":"Doktor der Literatur (Dr. Litt) \u2013 Institut Avrio de Gen\u00e8ve","description":"Kandidaten im Studienbereich Kunst und Geisteswissenschaften qualifizieren sich f\u00fcr den POSTDOCTORAL Doctor of Letters-Abschluss der Universidad Azteca. Doctor of Letters ist ein","robots":{"index":"index","follow":"follow","max-snippet":"max-snippet:-1","max-image-preview":"max-image-preview:large","max-video-preview":"max-video-preview:-1"},"canonical":"https:\/\/www.avrio.ch\/de\/usc\/azteken-universitat\/doktor-der-literatur\/","og_locale":"de_DE","og_type":"article","og_title":"Doctor of Letters (Dr.Litt)","og_description":"Candidates in the Arts and Humanities Study area qualify for the POSTDOCTORAL Doctor of Letters degree of Universidad Azteca. Doctor of Letters is an","og_url":"https:\/\/www.avrio.ch\/de\/usc\/azteken-universitat\/doktor-der-literatur\/","og_site_name":"Institut Avrio de Gen\u00e8ve","article_publisher":"https:\/\/www.facebook.com\/institutavriodegeneve\/","article_modified_time":"2023-08-21T10:48:49+00:00","og_image":[{"width":298,"height":300,"url":"https:\/\/www.avrio.ch\/v23\/wp-content\/uploads\/2023\/08\/Mexican-Qualifications-Framework-298x300-1.jpg","type":"image\/jpeg"}],"twitter_card":"summary_large_image","twitter_site":"@AvrioDeGeneve","twitter_misc":{"Gesch\u00e4tzte Lesezeit":"2\u00a0Minuten"},"schema":{"@context":"https:\/\/schema.org","@graph":[{"@type":"WebPage","@id":"https:\/\/www.avrio.ch\/usc\/azteca-university\/doctor-of-letters\/","url":"https:\/\/www.avrio.ch\/usc\/azteca-university\/doctor-of-letters\/","name":"Doktor der Literatur (Dr. Litt) \u2013 Institut Avrio de Gen\u00e8ve","isPartOf":{"@id":"https:\/\/www.avrio.ch\/#website"},"primaryImageOfPage":{"@id":"https:\/\/www.avrio.ch\/usc\/azteca-university\/doctor-of-letters\/#primaryimage"},"image":{"@id":"https:\/\/www.avrio.ch\/usc\/azteca-university\/doctor-of-letters\/#primaryimage"},"thumbnailUrl":"https:\/\/www.avrio.ch\/v23\/wp-content\/uploads\/2023\/08\/Mexican-Qualifications-Framework-298x300-1.jpg","datePublished":"2021-12-18T00:48:31+00:00","dateModified":"2023-08-21T10:48:49+00:00","description":"Kandidaten im Studienbereich Kunst und Geisteswissenschaften qualifizieren sich f\u00fcr den POSTDOCTORAL Doctor of Letters-Abschluss der Universidad Azteca. Doctor of Letters ist ein","breadcrumb":{"@id":"https:\/\/www.avrio.ch\/usc\/azteca-university\/doctor-of-letters\/#breadcrumb"},"inLanguage":"de","potentialAction":[{"@type":"ReadAction","target":["https:\/\/www.avrio.ch\/usc\/azteca-university\/doctor-of-letters\/"]}]},{"@type":"ImageObject","inLanguage":"de","@id":"https:\/\/www.avrio.ch\/usc\/azteca-university\/doctor-of-letters\/#primaryimage","url":"https:\/\/www.avrio.ch\/v23\/wp-content\/uploads\/2023\/08\/Mexican-Qualifications-Framework-298x300-1.jpg","contentUrl":"https:\/\/www.avrio.ch\/v23\/wp-content\/uploads\/2023\/08\/Mexican-Qualifications-Framework-298x300-1.jpg","width":298,"height":300},{"@type":"BreadcrumbList","@id":"https:\/\/www.avrio.ch\/usc\/azteca-university\/doctor-of-letters\/#breadcrumb","itemListElement":[{"@type":"ListItem","position":1,"name":"Home","item":"https:\/\/www.avrio.ch\/"},{"@type":"ListItem","position":2,"name":"Universities Studies Center","item":"https:\/\/www.avrio.ch\/usc\/"},{"@type":"ListItem","position":3,"name":"Azteca University","item":"https:\/\/www.avrio.ch\/usc\/azteca-university\/"},{"@type":"ListItem","position":4,"name":"Doctor of Letters (Dr.Litt)"}]},{"@type":"WebSite","@id":"https:\/\/www.avrio.ch\/#website","url":"https:\/\/www.avrio.ch\/","name":"Institut Avrio de Gen\u00e8ve","description":"Online-Institut f\u00fcr Unternehmensf\u00fchrung und Informationstechnologie","publisher":{"@id":"https:\/\/www.avrio.ch\/#organization"},"alternateName":"Avrio Institute","potentialAction":[{"@type":"SearchAction","target":{"@type":"EntryPoint","urlTemplate":"https:\/\/www.avrio.ch\/?s={search_term_string}"},"query-input":{"@type":"PropertyValueSpecification","valueRequired":true,"valueName":"search_term_string"}}],"inLanguage":"de"},{"@type":["Organization","Place","CollegeOrUniversity"],"@id":"https:\/\/www.avrio.ch\/#organization","name":"Institut Avrio de Gen\u00e8ve","alternateName":"Avrio Institute","url":"https:\/\/www.avrio.ch\/","logo":{"@id":"https:\/\/www.avrio.ch\/usc\/azteca-university\/doctor-of-letters\/#local-main-organization-logo"},"image":{"@id":"https:\/\/www.avrio.ch\/usc\/azteca-university\/doctor-of-letters\/#local-main-organization-logo"},"sameAs":["https:\/\/www.facebook.com\/institutavriodegeneve\/","https:\/\/x.com\/AvrioDeGeneve","https:\/\/www.instagram.com\/institutavriodegeneve\/","https:\/\/www.linkedin.com\/in\/avrio-de-geneve-024392194\/","https:\/\/www.youtube.com\/channel\/UCPP2orNhGglhisZlldUbnkQ"],"address":{"@id":"https:\/\/www.avrio.ch\/usc\/azteca-university\/doctor-of-letters\/#local-main-place-address"},"telephone":["+41794642989"],"openingHoursSpecification":[{"@type":"OpeningHoursSpecification","dayOfWeek":["Sunday","Wednesday","Saturday"],"opens":"00:00","closes":"00:00"},{"@type":"OpeningHoursSpecification","dayOfWeek":["Monday","Tuesday","Thursday","Friday"],"opens":"09:00","closes":"11:00"}],"email":"info@avrio.ch"},{"@type":"PostalAddress","@id":"https:\/\/www.avrio.ch\/usc\/azteca-university\/doctor-of-letters\/#local-main-place-address","streetAddress":"Rue de la Cit\u00e9 1","addressLocality":"Geneva","postalCode":"1204","addressRegion":"Geneva","addressCountry":"CH"},{"@type":"ImageObject","inLanguage":"de","@id":"https:\/\/www.avrio.ch\/usc\/azteca-university\/doctor-of-letters\/#local-main-organization-logo","url":"https:\/\/www.avrio.ch\/v23\/wp-content\/uploads\/2020\/04\/logo-new-img-1.png","contentUrl":"https:\/\/www.avrio.ch\/v23\/wp-content\/uploads\/2020\/04\/logo-new-img-1.png","width":539,"height":600,"caption":"Institut Avrio de Gen\u00e8ve"}]},"geo.placename":"Geneva","geo.region":"Schweiz"},"_links":{"self":[{"href":"https:\/\/www.avrio.ch\/de\/wp-json\/wp\/v2\/pages\/24874","targetHints":{"allow":["GET"]}}],"collection":[{"href":"https:\/\/www.avrio.ch\/de\/wp-json\/wp\/v2\/pages"}],"about":[{"href":"https:\/\/www.avrio.ch\/de\/wp-json\/wp\/v2\/types\/page"}],"author":[{"embeddable":true,"href":"https:\/\/www.avrio.ch\/de\/wp-json\/wp\/v2\/users\/1"}],"replies":[{"embeddable":true,"href":"https:\/\/www.avrio.ch\/de\/wp-json\/wp\/v2\/comments?post=24874"}],"version-history":[{"count":0,"href":"https:\/\/www.avrio.ch\/de\/wp-json\/wp\/v2\/pages\/24874\/revisions"}],"up":[{"embeddable":true,"href":"https:\/\/www.avrio.ch\/de\/wp-json\/wp\/v2\/pages\/24845"}],"wp:featuredmedia":[{"embeddable":true,"href":"https:\/\/www.avrio.ch\/de\/wp-json\/wp\/v2\/media\/24855"}],"wp:attachment":[{"href":"https:\/\/www.avrio.ch\/de\/wp-json\/wp\/v2\/media?parent=24874"}],"curies":[{"name":"wp","href":"https:\/\/api.w.org\/{rel}","templated":true}]}}