{"id":24852,"date":"2021-12-17T18:43:30","date_gmt":"2021-12-17T17:43:30","guid":{"rendered":"https:\/\/www.avrio.ch\/v23\/doctor-of-the-university-in-individual-studies\/"},"modified":"2023-08-21T12:50:14","modified_gmt":"2023-08-21T10:50:14","slug":"doktor-der-universitat-im-einzelstudium","status":"publish","type":"page","link":"https:\/\/www.avrio.ch\/de\/usc\/azteca-university\/doctor-of-the-university-in-individual-studies\/","title":{"rendered":"Dr. Univ. in Individualstudien"},"content":{"rendered":"<h3 style=\"text-align: justify;\">Was ist ein Individualstudium?<\/h3>\n<p style=\"text-align: justify;\">Ein Einzelstudium k\u00f6nnte das Richtige f\u00fcr Sie sein. Ein Individualized Studies-Schwerpunkt ist ein spezieller interdisziplin\u00e4rer Studiengang, der von einem einzelnen Studierenden in einem einzigartigen Programm konzipiert wird.<\/p>\n<p style=\"text-align: justify;\"> <div class=\"su-pullquote su-pullquote-align-right\">Erfahren Sie mehr \u00fcber die <a href=\"https:\/\/avrio.edu.eu\/usc\/azteca-university\/own-degree\/doctor-of-the-university\/\">Doktor der Universit\u00e4t<\/a><\/div>Individual Studies bietet Raum f\u00fcr kritisches Denken und engagiertes Forschen innerhalb und \u00fcber konventionelle Disziplin- und Berufsgrenzen hinweg, einen Ort f\u00fcr intellektuell neugierige, reflektierende und stark selbstbestimmte Studierende. Das Programm stellt eine gro\u00dfe Verpflichtung dar und basiert auf einem individuellen Lernplan, der die Grundprinzipien, Lernziele und Kursarbeiten darlegt.<\/p>\n<p style=\"text-align: justify;\">Berufst\u00e4tige, die ihre Studienleistungen f\u00fcr den Abschluss eines Studiums in einem bestimmten Bereich nutzen m\u00f6chten, k\u00f6nnen dies in diesem Programm tun, sodass Studierende ihre erworbenen Studienleistungen und Berufsqualifikationen auf ihr Studienprogramm \u00fcbertragen k\u00f6nnen. Der Grundgedanke f\u00fcr Einzelstudien besteht darin, Professionalit\u00e4t zu entwickeln, Bewusstsein zu entwickeln, Methodik und Wissen \u00fcber den Beruf zu verbessern. Ein Student identifiziert einen Forschungsbereich mit Fachkenntnissen in diesem Bereich des individuellen Studiums.<\/p>\n<p style=\"text-align: justify;\">Universidad Azteca Individual Studies ist interdisziplin\u00e4r und konzentriert sich auf die Entwicklung postgradualer akademischer F\u00e4higkeiten in der Berufspraxis gem\u00e4\u00df der Definition des mexikanischen und europ\u00e4ischen Qualifikationsrahmens (MMC, EQR) Level 7 (Master-Abschluss) und Level 8 (Doktorabschluss). Individual Studies bietet einen Raum f\u00fcr kritisches Denken und engagiertes Forschen innerhalb und \u00fcber konventionelle Disziplin- und Berufsgrenzen hinweg.<\/p>\n<p style=\"text-align: justify;\">Der Universidad Azteca-Abschluss in Individual Studies ist ein postgradualer Abschluss, der in verschiedenen Disziplinen und Konzentrationen verliehen wird, interdisziplin\u00e4r ist und eher auf die Bed\u00fcrfnisse von Fachleuten als auf Akademiker ausgerichtet ist und auf bestimmte Gruppen von Berufst\u00e4tigen mit genau definierten Bed\u00fcrfnissen f\u00fcr weiterf\u00fchrende Studieng\u00e4nge zugeschnitten ist , Durchf\u00fchrung von Projekten und Verfassen von Arbeiten in Kombination mit studentischer Forschung f\u00fcr den fortgeschrittenen individuellen Forschungsabschluss.<\/p>\n<p style=\"text-align: justify;\">Diese Studieng\u00e4nge bieten flexible Zeitpl\u00e4ne mit einem vielf\u00e4ltigen Lehrplan, der sich auf technische und praktische Ausbildung konzentriert. Die Studierenden werden dabei unterst\u00fctzt, Kompetenzen in Fachwissen und Fachanwendung zu entwickeln, die es ihnen erm\u00f6glichen, in den verschiedenen Kontexten, denen sie im Laufe ihrer Karriere begegnen, effektiv zu arbeiten.<\/p>\n<h4 style=\"text-align: justify;\">Art und Arbeitsaufwand des Programms<\/h4>\n<p style=\"text-align: justify;\"><strong>TYP<\/strong>: Interne Auszeichnung der Universidad Azteca, universit\u00e4tseigenes Programm gem. Kunst. 59 Allgemeines Bildungsrecht.<br \/>\n<strong>EBENE<\/strong>: Dritter Zyklus, Level 8 MMC-eigene Auszeichnung der Universit\u00e4t.<br \/>\n<strong>ARBEITSLAST<\/strong>: 180 ECTS<\/p>\n<h4 style=\"text-align: justify;\">AUSZEICHNUNG UNIVERSIT\u00c4T UND ZIELGRUPPE<\/h4>\n<p style=\"text-align: justify;\"><strong>AUSZEICHNUNG UNIVERSIT\u00c4T:<\/strong> Universidad Azteca, Chalco, Mexiko.<\/p>\n<p style=\"text-align: justify;\"><strong>UNIVERSIT\u00c4TSABTEILUNG IN EUROPA:<\/strong> Europ\u00e4ische Programme der Universidad Azteca.<\/p>\n<p style=\"text-align: justify;\"><strong>ZIELGRUPPE:<\/strong> Doktoranden, die an einer \u00dcbertragung von Credits aus einem Doktoratsstudium oder EQR-Kursen der Stufe 8 in einer der folgenden Disziplinen an die Universidad Azteca interessiert sind und den Abschluss des Doktorandenprogramms durch eine Abschlussarbeit\/professionelle Doktorpr\u00fcfung anstreben.<\/p>\n<p style=\"text-align: justify;\"><strong>SPEZIALISIERUNG:<\/strong> Weiterf\u00fchrende Studien auf Level 8 MMC (EQR)<\/p>\n<p style=\"text-align: justify;\"><strong>Disziplinen:<\/strong><\/p>\n<ul style=\"text-align: justify;\">\n<li>Wirtschaftsingenieurwesen<\/li>\n<li>Gesundheits- und Pflegewissenschaften<\/li>\n<li>Informatik<\/li>\n<li>Umwelttechnologie<\/li>\n<li>Sozial- und Wirtschaftswissenschaften<\/li>\n<li>Gesundheitswissenschaften<\/li>\n<li>Erziehungswissenschaften<\/li>\n<li>Psychologie<\/li>\n<li>Umweltwissenschaften<\/li>\n<\/ul>\n<p style=\"text-align: justify;\"><strong>STUDIERSPRACHE<\/strong>: Englisch, Deutsch, Spanisch<\/p>\n<p style=\"text-align: justify;\"><strong>ZULASSUNGSVORAUSSETZUNG:<\/strong> Master- oder gleichwertiger Abschluss und Aufbaustudieng\u00e4nge oder Qualifikationen f\u00fcr die Anrechnung von Credits auf das Programm oder Forschungserfahrung.<\/p>\n<h4 style=\"text-align: justify;\">Modalit\u00e4ts- und Kursteam<\/h4>\n<p style=\"text-align: justify;\"><strong>MODALIT\u00c4T:<\/strong> E-Learning- und Fernunterrichtsmodalit\u00e4t.<br \/>\nKURSTEAM: Prof. Dr. Gerhard Berchtold, Prof. Dr. Friedrich Luhan, Prof. Dr. Ricardo Saavedra Hidalgo, Prof. Dr. Felipe Fern\u00e1ndez Rivadulla, Prof. Dr. Endler.<\/p>\n<h4 style=\"text-align: justify;\">Studienplan<\/h4>\n<table border=\"1\" width=\"100%\">\n<tbody>\n<tr>\n<td bgcolor=\"#C0C0C0\"><b>Anrechnung von Credits \u2013 Wahlf\u00e4cher<\/b><\/td>\n<td bgcolor=\"#C0C0C0\"><b>Testmodus<\/b><\/td>\n<td bgcolor=\"#C0C0C0\"><b>ECTS<\/b><\/td>\n<\/tr>\n<tr>\n<td>Transfer vom MPhil-Doktorandenprogramm\/Level 8 EQF<\/td>\n<td>Credits-\u00dcbertragung<\/td>\n<td>Bis 102<\/td>\n<\/tr>\n<tr>\n<td>Wahlf\u00e4cher aus dem Doktorandenprogramm der Universidad Azteca<\/td>\n<td>Untersuchung<\/td>\n<td>Unterschied zu 102<\/td>\n<\/tr>\n<tr>\n<td bgcolor=\"#C0C0C0\"><b>Obligatorisches naturwissenschaftliches Modul <\/b><\/td>\n<td bgcolor=\"#C0C0C0\"><b>Testmodus<\/b><\/td>\n<td bgcolor=\"#C0C0C0\"><b>ECTS<\/b><\/td>\n<\/tr>\n<tr>\n<td>Forschungsprojekt<\/td>\n<td>Pr\u00e4sentation<\/td>\n<td>18<\/td>\n<\/tr>\n<tr>\n<td bgcolor=\"#C0C0C0\"><b>Abschlussarbeit \/ Rigorosum-Pr\u00fcfung <\/b><\/td>\n<td bgcolor=\"#C0C0C0\"><b>Testmodus<\/b><\/td>\n<td bgcolor=\"#C0C0C0\"><b>ECTS<\/b><\/td>\n<\/tr>\n<tr>\n<td>Abschlussarbeit in der Fachrichtung Spezialisierung<\/td>\n<td>Schriftliche Pr\u00e4sentation und Verteidigung der Abschlussarbeit<\/td>\n<td>60<\/td>\n<\/tr>\n<tr>\n<td bgcolor=\"#C0C0C0\"><b>ARBEITSLAST<\/b><\/td>\n<td bgcolor=\"#C0C0C0\"><b>Testmodus<\/b><\/td>\n<td bgcolor=\"#C0C0C0\"><b>ECTS<\/b><\/td>\n<\/tr>\n<tr>\n<td>ECTS<\/td>\n<td>Verteidigung \/ Rigorosum<\/td>\n<td>180<\/td>\n<\/tr>\n<\/tbody>\n<\/table>\n<p style=\"text-align: justify;\">","protected":false},"excerpt":{"rendered":"<p>What Is an Individual Studies Degree? Individual Studies may be right for you. An Individualised Studies concentration is a special interdisciplinary major designed by an individual student in a unique programme. Individual Studies provides space for critical thinking and engaged enquiry within and across conventional disciplinary and professional boundaries, a place for intellectually curious, reflective, [&hellip;]<\/p>\n","protected":false},"author":1,"featured_media":0,"parent":24845,"menu_order":0,"comment_status":"closed","ping_status":"closed","template":"","meta":{"_acf_changed":false,"site-sidebar-layout":"default","site-content-layout":"","ast-site-content-layout":"default","site-content-style":"default","site-sidebar-style":"default","ast-global-header-display":"","ast-banner-title-visibility":"","ast-main-header-display":"","ast-hfb-above-header-display":"","ast-hfb-below-header-display":"","ast-hfb-mobile-header-display":"","site-post-title":"","ast-breadcrumbs-content":"","ast-featured-img":"","footer-sml-layout":"","ast-disable-related-posts":"","theme-transparent-header-meta":"","adv-header-id-meta":"","stick-header-meta":"","header-above-stick-meta":"","header-main-stick-meta":"","header-below-stick-meta":"","astra-migrate-meta-layouts":"default","ast-page-background-enabled":"default","ast-page-background-meta":{"desktop":{"background-color":"var(--ast-global-color-4)","background-image":"","background-repeat":"repeat","background-position":"center center","background-size":"auto","background-attachment":"scroll","background-type":"","background-media":"","overlay-type":"","overlay-color":"","overlay-opacity":"","overlay-gradient":""},"tablet":{"background-color":"","background-image":"","background-repeat":"repeat","background-position":"center center","background-size":"auto","background-attachment":"scroll","background-type":"","background-media":"","overlay-type":"","overlay-color":"","overlay-opacity":"","overlay-gradient":""},"mobile":{"background-color":"","background-image":"","background-repeat":"repeat","background-position":"center center","background-size":"auto","background-attachment":"scroll","background-type":"","background-media":"","overlay-type":"","overlay-color":"","overlay-opacity":"","overlay-gradient":""}},"ast-content-background-meta":{"desktop":{"background-color":"var(--ast-global-color-5)","background-image":"","background-repeat":"repeat","background-position":"center center","background-size":"auto","background-attachment":"scroll","background-type":"","background-media":"","overlay-type":"","overlay-color":"","overlay-opacity":"","overlay-gradient":""},"tablet":{"background-color":"var(--ast-global-color-5)","background-image":"","background-repeat":"repeat","background-position":"center center","background-size":"auto","background-attachment":"scroll","background-type":"","background-media":"","overlay-type":"","overlay-color":"","overlay-opacity":"","overlay-gradient":""},"mobile":{"background-color":"var(--ast-global-color-5)","background-image":"","background-repeat":"repeat","background-position":"center center","background-size":"auto","background-attachment":"scroll","background-type":"","background-media":"","overlay-type":"","overlay-color":"","overlay-opacity":"","overlay-gradient":""}},"footnotes":""},"class_list":["post-24852","page","type-page","status-publish","hentry"],"acf":[],"yoast_head":"<!-- This site is optimized with the Yoast SEO Premium plugin v27.4 (Yoast SEO v27.4) - https:\/\/yoast.com\/product\/yoast-seo-premium-wordpress\/ -->\n<title>Dr. Univ. in Individual Studies - Institut Avrio de Gen\u00e8ve<\/title>\n<meta name=\"description\" content=\"What Is an Individual Studies Degree? Individual Studies may be right for you. An Individualised Studies concentration is a special interdisciplinary\" \/>\n<meta name=\"robots\" content=\"index, follow, max-snippet:-1, max-image-preview:large, max-video-preview:-1\" \/>\n<link rel=\"canonical\" href=\"https:\/\/www.avrio.ch\/de\/usc\/azteken-universitat\/doktor-der-universitat-im-einzelstudium\/\" \/>\n<meta property=\"og:locale\" content=\"de_DE\" \/>\n<meta property=\"og:type\" content=\"article\" \/>\n<meta property=\"og:title\" content=\"Dr. Univ. in Individual Studies\" \/>\n<meta property=\"og:description\" content=\"What Is an Individual Studies Degree? Individual Studies may be right for you. An Individualised Studies concentration is a special interdisciplinary\" \/>\n<meta property=\"og:url\" content=\"https:\/\/www.avrio.ch\/de\/usc\/azteken-universitat\/doktor-der-universitat-im-einzelstudium\/\" \/>\n<meta property=\"og:site_name\" content=\"Institut Avrio de Gen\u00e8ve\" \/>\n<meta property=\"article:publisher\" content=\"https:\/\/www.facebook.com\/institutavriodegeneve\/\" \/>\n<meta property=\"article:modified_time\" content=\"2023-08-21T10:50:14+00:00\" \/>\n<meta property=\"og:image\" content=\"https:\/\/www.avrio.ch\/v23\/wp-content\/uploads\/2020\/06\/logo-2.png\" \/>\n\t<meta property=\"og:image:width\" content=\"600\" \/>\n\t<meta property=\"og:image:height\" content=\"224\" \/>\n\t<meta property=\"og:image:type\" content=\"image\/png\" \/>\n<meta name=\"twitter:card\" content=\"summary_large_image\" \/>\n<meta name=\"twitter:site\" content=\"@AvrioDeGeneve\" \/>\n<meta name=\"twitter:label1\" content=\"Gesch\u00e4tzte Lesezeit\" \/>\n\t<meta name=\"twitter:data1\" content=\"3\u00a0Minuten\" \/>\n<script type=\"application\/ld+json\" class=\"yoast-schema-graph\">{\"@context\":\"https:\\\/\\\/schema.org\",\"@graph\":[{\"@type\":\"WebPage\",\"@id\":\"https:\\\/\\\/www.avrio.ch\\\/usc\\\/azteca-university\\\/doctor-of-the-university-in-individual-studies\\\/\",\"url\":\"https:\\\/\\\/www.avrio.ch\\\/usc\\\/azteca-university\\\/doctor-of-the-university-in-individual-studies\\\/\",\"name\":\"Dr. Univ. in Individual Studies - Institut Avrio de Gen\u00e8ve\",\"isPartOf\":{\"@id\":\"https:\\\/\\\/www.avrio.ch\\\/#website\"},\"datePublished\":\"2021-12-17T17:43:30+00:00\",\"dateModified\":\"2023-08-21T10:50:14+00:00\",\"description\":\"What Is an Individual Studies Degree? Individual Studies may be right for you. An Individualised Studies concentration is a special interdisciplinary\",\"breadcrumb\":{\"@id\":\"https:\\\/\\\/www.avrio.ch\\\/usc\\\/azteca-university\\\/doctor-of-the-university-in-individual-studies\\\/#breadcrumb\"},\"inLanguage\":\"de\",\"potentialAction\":[{\"@type\":\"ReadAction\",\"target\":[\"https:\\\/\\\/www.avrio.ch\\\/usc\\\/azteca-university\\\/doctor-of-the-university-in-individual-studies\\\/\"]}]},{\"@type\":\"BreadcrumbList\",\"@id\":\"https:\\\/\\\/www.avrio.ch\\\/usc\\\/azteca-university\\\/doctor-of-the-university-in-individual-studies\\\/#breadcrumb\",\"itemListElement\":[{\"@type\":\"ListItem\",\"position\":1,\"name\":\"Home\",\"item\":\"https:\\\/\\\/www.avrio.ch\\\/\"},{\"@type\":\"ListItem\",\"position\":2,\"name\":\"Universities Studies Center\",\"item\":\"https:\\\/\\\/www.avrio.ch\\\/usc\\\/\"},{\"@type\":\"ListItem\",\"position\":3,\"name\":\"Azteca University\",\"item\":\"https:\\\/\\\/www.avrio.ch\\\/usc\\\/azteca-university\\\/\"},{\"@type\":\"ListItem\",\"position\":4,\"name\":\"Dr. Univ. in Individual Studies\"}]},{\"@type\":\"WebSite\",\"@id\":\"https:\\\/\\\/www.avrio.ch\\\/#website\",\"url\":\"https:\\\/\\\/www.avrio.ch\\\/\",\"name\":\"Institut Avrio de Gen\u00e8ve\",\"description\":\"Online Business Management &amp; Information Technology Institute\",\"publisher\":{\"@id\":\"https:\\\/\\\/www.avrio.ch\\\/#organization\"},\"alternateName\":\"Avrio Institute\",\"potentialAction\":[{\"@type\":\"SearchAction\",\"target\":{\"@type\":\"EntryPoint\",\"urlTemplate\":\"https:\\\/\\\/www.avrio.ch\\\/?s={search_term_string}\"},\"query-input\":{\"@type\":\"PropertyValueSpecification\",\"valueRequired\":true,\"valueName\":\"search_term_string\"}}],\"inLanguage\":\"de\"},{\"@type\":[\"Organization\",\"Place\",\"CollegeOrUniversity\"],\"@id\":\"https:\\\/\\\/www.avrio.ch\\\/#organization\",\"name\":\"Institut Avrio de Gen\u00e8ve\",\"alternateName\":\"Avrio Institute\",\"url\":\"https:\\\/\\\/www.avrio.ch\\\/\",\"logo\":{\"@id\":\"https:\\\/\\\/www.avrio.ch\\\/usc\\\/azteca-university\\\/doctor-of-the-university-in-individual-studies\\\/#local-main-organization-logo\"},\"image\":{\"@id\":\"https:\\\/\\\/www.avrio.ch\\\/usc\\\/azteca-university\\\/doctor-of-the-university-in-individual-studies\\\/#local-main-organization-logo\"},\"sameAs\":[\"https:\\\/\\\/www.facebook.com\\\/institutavriodegeneve\\\/\",\"https:\\\/\\\/x.com\\\/AvrioDeGeneve\",\"https:\\\/\\\/www.instagram.com\\\/institutavriodegeneve\\\/\",\"https:\\\/\\\/www.linkedin.com\\\/in\\\/avrio-de-geneve-024392194\\\/\",\"https:\\\/\\\/www.youtube.com\\\/channel\\\/UCPP2orNhGglhisZlldUbnkQ\"],\"address\":{\"@id\":\"https:\\\/\\\/www.avrio.ch\\\/usc\\\/azteca-university\\\/doctor-of-the-university-in-individual-studies\\\/#local-main-place-address\"},\"telephone\":[\"+41794642989\"],\"openingHoursSpecification\":[{\"@type\":\"OpeningHoursSpecification\",\"dayOfWeek\":[\"Sunday\",\"Wednesday\",\"Saturday\"],\"opens\":\"00:00\",\"closes\":\"00:00\"},{\"@type\":\"OpeningHoursSpecification\",\"dayOfWeek\":[\"Monday\",\"Tuesday\",\"Thursday\",\"Friday\"],\"opens\":\"09:00\",\"closes\":\"11:00\"}],\"email\":\"info@avrio.ch\"},{\"@type\":\"PostalAddress\",\"@id\":\"https:\\\/\\\/www.avrio.ch\\\/usc\\\/azteca-university\\\/doctor-of-the-university-in-individual-studies\\\/#local-main-place-address\",\"streetAddress\":\"Rue de la Cit\u00e9 1\",\"addressLocality\":\"Geneva\",\"postalCode\":\"1204\",\"addressRegion\":\"Geneva\",\"addressCountry\":\"CH\"},{\"@type\":\"ImageObject\",\"inLanguage\":\"de\",\"@id\":\"https:\\\/\\\/www.avrio.ch\\\/usc\\\/azteca-university\\\/doctor-of-the-university-in-individual-studies\\\/#local-main-organization-logo\",\"url\":\"https:\\\/\\\/www.avrio.ch\\\/v23\\\/wp-content\\\/uploads\\\/2020\\\/04\\\/logo-new-img-1.png\",\"contentUrl\":\"https:\\\/\\\/www.avrio.ch\\\/v23\\\/wp-content\\\/uploads\\\/2020\\\/04\\\/logo-new-img-1.png\",\"width\":539,\"height\":600,\"caption\":\"Institut Avrio de Gen\u00e8ve\"}]}<\/script>\n<meta name=\"geo.placename\" content=\"Geneva\" \/>\n<meta name=\"geo.region\" content=\"Schweiz\" \/>\n<!-- \/ Yoast SEO Premium plugin. -->","yoast_head_json":{"title":"Dr. Univ. in Individualstudien - Institut Avrio de Gen\u00e8ve","description":"Was ist ein Individualstudium? Ein Einzelstudium k\u00f6nnte das Richtige f\u00fcr Sie sein. Der Schwerpunkt \u201eIndividualisierte Studien\u201c ist eine besondere interdisziplin\u00e4re Ausrichtung","robots":{"index":"index","follow":"follow","max-snippet":"max-snippet:-1","max-image-preview":"max-image-preview:large","max-video-preview":"max-video-preview:-1"},"canonical":"https:\/\/www.avrio.ch\/de\/usc\/azteken-universitat\/doktor-der-universitat-im-einzelstudium\/","og_locale":"de_DE","og_type":"article","og_title":"Dr. Univ. in Individual Studies","og_description":"What Is an Individual Studies Degree? Individual Studies may be right for you. An Individualised Studies concentration is a special interdisciplinary","og_url":"https:\/\/www.avrio.ch\/de\/usc\/azteken-universitat\/doktor-der-universitat-im-einzelstudium\/","og_site_name":"Institut Avrio de Gen\u00e8ve","article_publisher":"https:\/\/www.facebook.com\/institutavriodegeneve\/","article_modified_time":"2023-08-21T10:50:14+00:00","og_image":[{"width":600,"height":224,"url":"https:\/\/www.avrio.ch\/v23\/wp-content\/uploads\/2020\/06\/logo-2.png","type":"image\/png"}],"twitter_card":"summary_large_image","twitter_site":"@AvrioDeGeneve","twitter_misc":{"Gesch\u00e4tzte Lesezeit":"3\u00a0Minuten"},"schema":{"@context":"https:\/\/schema.org","@graph":[{"@type":"WebPage","@id":"https:\/\/www.avrio.ch\/usc\/azteca-university\/doctor-of-the-university-in-individual-studies\/","url":"https:\/\/www.avrio.ch\/usc\/azteca-university\/doctor-of-the-university-in-individual-studies\/","name":"Dr. Univ. in Individualstudien - Institut Avrio de Gen\u00e8ve","isPartOf":{"@id":"https:\/\/www.avrio.ch\/#website"},"datePublished":"2021-12-17T17:43:30+00:00","dateModified":"2023-08-21T10:50:14+00:00","description":"Was ist ein Individualstudium? Ein Einzelstudium k\u00f6nnte das Richtige f\u00fcr Sie sein. Der Schwerpunkt \u201eIndividualisierte Studien\u201c ist eine besondere interdisziplin\u00e4re Ausrichtung","breadcrumb":{"@id":"https:\/\/www.avrio.ch\/usc\/azteca-university\/doctor-of-the-university-in-individual-studies\/#breadcrumb"},"inLanguage":"de","potentialAction":[{"@type":"ReadAction","target":["https:\/\/www.avrio.ch\/usc\/azteca-university\/doctor-of-the-university-in-individual-studies\/"]}]},{"@type":"BreadcrumbList","@id":"https:\/\/www.avrio.ch\/usc\/azteca-university\/doctor-of-the-university-in-individual-studies\/#breadcrumb","itemListElement":[{"@type":"ListItem","position":1,"name":"Home","item":"https:\/\/www.avrio.ch\/"},{"@type":"ListItem","position":2,"name":"Universities Studies Center","item":"https:\/\/www.avrio.ch\/usc\/"},{"@type":"ListItem","position":3,"name":"Azteca University","item":"https:\/\/www.avrio.ch\/usc\/azteca-university\/"},{"@type":"ListItem","position":4,"name":"Dr. Univ. in Individual Studies"}]},{"@type":"WebSite","@id":"https:\/\/www.avrio.ch\/#website","url":"https:\/\/www.avrio.ch\/","name":"Institut Avrio de Gen\u00e8ve","description":"Online-Institut f\u00fcr Unternehmensf\u00fchrung und Informationstechnologie","publisher":{"@id":"https:\/\/www.avrio.ch\/#organization"},"alternateName":"Avrio Institute","potentialAction":[{"@type":"SearchAction","target":{"@type":"EntryPoint","urlTemplate":"https:\/\/www.avrio.ch\/?s={search_term_string}"},"query-input":{"@type":"PropertyValueSpecification","valueRequired":true,"valueName":"search_term_string"}}],"inLanguage":"de"},{"@type":["Organization","Place","CollegeOrUniversity"],"@id":"https:\/\/www.avrio.ch\/#organization","name":"Institut Avrio de Gen\u00e8ve","alternateName":"Avrio Institute","url":"https:\/\/www.avrio.ch\/","logo":{"@id":"https:\/\/www.avrio.ch\/usc\/azteca-university\/doctor-of-the-university-in-individual-studies\/#local-main-organization-logo"},"image":{"@id":"https:\/\/www.avrio.ch\/usc\/azteca-university\/doctor-of-the-university-in-individual-studies\/#local-main-organization-logo"},"sameAs":["https:\/\/www.facebook.com\/institutavriodegeneve\/","https:\/\/x.com\/AvrioDeGeneve","https:\/\/www.instagram.com\/institutavriodegeneve\/","https:\/\/www.linkedin.com\/in\/avrio-de-geneve-024392194\/","https:\/\/www.youtube.com\/channel\/UCPP2orNhGglhisZlldUbnkQ"],"address":{"@id":"https:\/\/www.avrio.ch\/usc\/azteca-university\/doctor-of-the-university-in-individual-studies\/#local-main-place-address"},"telephone":["+41794642989"],"openingHoursSpecification":[{"@type":"OpeningHoursSpecification","dayOfWeek":["Sunday","Wednesday","Saturday"],"opens":"00:00","closes":"00:00"},{"@type":"OpeningHoursSpecification","dayOfWeek":["Monday","Tuesday","Thursday","Friday"],"opens":"09:00","closes":"11:00"}],"email":"info@avrio.ch"},{"@type":"PostalAddress","@id":"https:\/\/www.avrio.ch\/usc\/azteca-university\/doctor-of-the-university-in-individual-studies\/#local-main-place-address","streetAddress":"Rue de la Cit\u00e9 1","addressLocality":"Geneva","postalCode":"1204","addressRegion":"Geneva","addressCountry":"CH"},{"@type":"ImageObject","inLanguage":"de","@id":"https:\/\/www.avrio.ch\/usc\/azteca-university\/doctor-of-the-university-in-individual-studies\/#local-main-organization-logo","url":"https:\/\/www.avrio.ch\/v23\/wp-content\/uploads\/2020\/04\/logo-new-img-1.png","contentUrl":"https:\/\/www.avrio.ch\/v23\/wp-content\/uploads\/2020\/04\/logo-new-img-1.png","width":539,"height":600,"caption":"Institut Avrio de Gen\u00e8ve"}]},"geo.placename":"Geneva","geo.region":"Schweiz"},"_links":{"self":[{"href":"https:\/\/www.avrio.ch\/de\/wp-json\/wp\/v2\/pages\/24852","targetHints":{"allow":["GET"]}}],"collection":[{"href":"https:\/\/www.avrio.ch\/de\/wp-json\/wp\/v2\/pages"}],"about":[{"href":"https:\/\/www.avrio.ch\/de\/wp-json\/wp\/v2\/types\/page"}],"author":[{"embeddable":true,"href":"https:\/\/www.avrio.ch\/de\/wp-json\/wp\/v2\/users\/1"}],"replies":[{"embeddable":true,"href":"https:\/\/www.avrio.ch\/de\/wp-json\/wp\/v2\/comments?post=24852"}],"version-history":[{"count":0,"href":"https:\/\/www.avrio.ch\/de\/wp-json\/wp\/v2\/pages\/24852\/revisions"}],"up":[{"embeddable":true,"href":"https:\/\/www.avrio.ch\/de\/wp-json\/wp\/v2\/pages\/24845"}],"wp:attachment":[{"href":"https:\/\/www.avrio.ch\/de\/wp-json\/wp\/v2\/media?parent=24852"}],"curies":[{"name":"wp","href":"https:\/\/api.w.org\/{rel}","templated":true}]}}